{"id":3093,"date":"2021-08-20T16:18:16","date_gmt":"2021-08-20T19:18:16","guid":{"rendered":"https:\/\/francoadv.com\/business-law\/"},"modified":"2022-01-07T10:33:12","modified_gmt":"2022-01-07T13:33:12","slug":"corporate-law","status":"publish","type":"page","link":"https:\/\/francoadv.com\/en\/corporate-law\/","title":{"rendered":"Corporate Law"},"content":{"rendered":"\t\t<div data-elementor-type=\"wp-page\" data-elementor-id=\"3093\" class=\"elementor elementor-3093 elementor-1274\" data-elementor-post-type=\"page\">\n\t\t\t\t\t\t<section class=\"elementor-section elementor-top-section elementor-element elementor-element-e2daeff elementor-section-boxed elementor-section-height-default elementor-section-height-default\" data-id=\"e2daeff\" data-element_type=\"section\" data-e-type=\"section\">\n\t\t\t\t\t\t<div class=\"elementor-container elementor-column-gap-default\">\n\t\t\t\t\t<div class=\"elementor-column elementor-col-100 elementor-top-column elementor-element elementor-element-0df7e9a\" data-id=\"0df7e9a\" data-element_type=\"column\" data-e-type=\"column\">\n\t\t\t<div class=\"elementor-widget-wrap\">\n\t\t\t\t\t\t\t<\/div>\n\t\t<\/div>\n\t\t\t\t\t<\/div>\n\t\t<\/section>\n\t\t\t\t<section class=\"elementor-section elementor-top-section elementor-element elementor-element-0ca7eb9 elementor-section-boxed elementor-section-height-default elementor-section-height-default\" data-id=\"0ca7eb9\" data-element_type=\"section\" data-e-type=\"section\">\n\t\t\t\t\t\t<div class=\"elementor-container elementor-column-gap-default\">\n\t\t\t\t\t<div class=\"elementor-column elementor-col-50 elementor-top-column elementor-element elementor-element-0719128\" data-id=\"0719128\" data-element_type=\"column\" data-e-type=\"column\">\n\t\t\t<div class=\"elementor-widget-wrap elementor-element-populated\">\n\t\t\t\t\t\t<div class=\"elementor-element elementor-element-3631ad2 elementor-widget elementor-widget-text-editor\" data-id=\"3631ad2\" data-element_type=\"widget\" data-e-type=\"widget\" data-widget_type=\"text-editor.default\">\n\t\t\t\t<div class=\"elementor-widget-container\">\n\t\t\t\t\t\t\t\t\t<p><\/p>\n<p><span style=\"font-weight: 400;\">Corporate Law is a relevant area of practice of Franco Advogados.<\/span><span style=\"font-weight: 400;\"><\/span><\/p>\n<p><span style=\"font-weight: 400;\">Our experience includes diverse types of legal assistance on corporate matters, including, without limitation:<\/span><\/p>\n<ul>\n<li> <span style=\"font-weight: 400;\">Incorporating commercial companies, partnerships, investment funds, joint ventures, consortia, etc, including the preparation of corporate documents and contracts, obtaining of licenses, enrollments and registrations, assisting with obligations with the Central Bank of Brasil and other authorities etc;<\/span><span style=\"font-weight: 400;\"><\/span> <\/li>\n<li> <span style=\"font-weight: 400;\">Assisting corporate and business reorganization transactions, including mergers, consolidations, drop downs, spin offs and other possible structures to achieve best corporate and business efficiencies within a group of companies, providing the drafting and registration of all applicable documents and assistance as to the adoption of all applicable procedures for the effectiveness of the reorganization<\/span><i><span style=\"font-weight: 400;\"><\/span><\/i>;<\/li>\n<li><span style=\"font-weight: 400;\"> Routine corporate procedures to ensure corporate good standing and legal compliance, including corporate resolutions, amendments to articles of associations\/bylaws, shareholders agreements, dividend distributions, approval of financial statements, appointment and removal of legal representatives, corporate books etc; <\/span><\/li>\n<li><span style=\"font-weight: 400;\">Assisting foreign investors in their corporate ownerships in Brazil, including legal assistance to formalize appointment and removal of attorneys-in-fact, obtaining of tax enrollments, registration of foreign documents, registration of foreign capital with the Central Bank of Brasil;<\/span><\/li>\n<li><span style=\"font-weight: 400;\">Providing legal assistance to formalize corporate funding transactions of different types;<\/span><\/li>\n<li><span style=\"font-weight: 400;\">Providing legal assistance in Mergers and Acquisitions (M&amp;A) transactions, including due diligence, drafting, review and negotiation of all types of contracts and documents (please refer to our M&amp;A practice description for detailed information).<\/span><\/li><\/ul>\t\t\t\t\t\t\t\t<\/div>\n\t\t\t\t<\/div>\n\t\t\t\t\t<\/div>\n\t\t<\/div>\n\t\t\t\t<div class=\"elementor-column elementor-col-50 elementor-top-column elementor-element elementor-element-76605af\" data-id=\"76605af\" data-element_type=\"column\" data-e-type=\"column\">\n\t\t\t<div class=\"elementor-widget-wrap elementor-element-populated\">\n\t\t\t\t\t\t\t<\/div>\n\t\t<\/div>\n\t\t\t\t\t<\/div>\n\t\t<\/section>\n\t\t\t\t<\/div>\n\t\t","protected":false},"excerpt":{"rendered":"<p>Corporate Law is a relevant area of practice of Franco Advogados. Our experience includes diverse types of legal assistance on corporate matters, including, without limitation: Incorporating commercial companies, partnerships, investment funds, joint ventures, consortia, etc, including the preparation of corporate documents and contracts, obtaining of licenses, enrollments and registrations, assisting with obligations with the Central [&hellip;]<\/p>\n","protected":false},"author":1,"featured_media":824,"parent":0,"menu_order":0,"comment_status":"closed","ping_status":"closed","template":"elementor_header_footer","meta":{"_acf_changed":false,"inline_featured_image":false,"footnotes":""},"categories":[32],"tags":[],"class_list":["post-3093","page","type-page","status-publish","has-post-thumbnail","hentry","category-areas-of-pratice"],"acf":[],"yoast_head":"<!-- This site is optimized with the Yoast SEO plugin v27.5 - https:\/\/yoast.com\/product\/yoast-seo-wordpress\/ -->\n<title>Corporate Law - Franco Advogados | S\u00e3o Paulo | Porto Alegre | Bras\u00edlia | Florian\u00f3polis<\/title>\n<meta name=\"robots\" content=\"index, follow, max-snippet:-1, max-image-preview:large, max-video-preview:-1\" \/>\n<link rel=\"canonical\" href=\"https:\/\/francoadv.com\/en\/corporate-law\/\" \/>\n<meta property=\"og:locale\" content=\"en_US\" \/>\n<meta property=\"og:type\" content=\"article\" \/>\n<meta property=\"og:title\" content=\"Corporate Law - Franco Advogados | S\u00e3o Paulo | Porto Alegre | Bras\u00edlia | Florian\u00f3polis\" \/>\n<meta property=\"og:description\" content=\"Corporate Law is a relevant area of practice of Franco Advogados. Our experience includes diverse types of legal assistance on corporate matters, including, without limitation: Incorporating commercial companies, partnerships, investment funds, joint ventures, consortia, etc, including the preparation of corporate documents and contracts, obtaining of licenses, enrollments and registrations, assisting with obligations with the Central [&hellip;]\" \/>\n<meta property=\"og:url\" content=\"https:\/\/francoadv.com\/en\/corporate-law\/\" \/>\n<meta property=\"og:site_name\" content=\"Franco Advogados | S\u00e3o Paulo | Porto Alegre | Bras\u00edlia | Florian\u00f3polis\" \/>\n<meta property=\"article:modified_time\" content=\"2022-01-07T13:33:12+00:00\" \/>\n<meta property=\"og:image\" content=\"https:\/\/francoadv.com\/wp-content\/uploads\/2020\/12\/thumb-default.jpg\" \/>\n\t<meta property=\"og:image:width\" content=\"250\" \/>\n\t<meta property=\"og:image:height\" content=\"250\" \/>\n\t<meta property=\"og:image:type\" content=\"image\/jpeg\" \/>\n<meta name=\"twitter:card\" content=\"summary_large_image\" \/>\n<meta name=\"twitter:label1\" content=\"Est. reading time\" \/>\n\t<meta name=\"twitter:data1\" content=\"6 minutes\" \/>\n<script type=\"application\/ld+json\" class=\"yoast-schema-graph\">{\"@context\":\"https:\\\/\\\/schema.org\",\"@graph\":[{\"@type\":\"WebPage\",\"@id\":\"https:\\\/\\\/francoadv.com\\\/en\\\/corporate-law\\\/\",\"url\":\"https:\\\/\\\/francoadv.com\\\/en\\\/corporate-law\\\/\",\"name\":\"Corporate Law - Franco Advogados | S\u00e3o Paulo | Porto Alegre | Bras\u00edlia | Florian\u00f3polis\",\"isPartOf\":{\"@id\":\"https:\\\/\\\/francoadv.com\\\/en\\\/#website\"},\"primaryImageOfPage\":{\"@id\":\"https:\\\/\\\/francoadv.com\\\/en\\\/corporate-law\\\/#primaryimage\"},\"image\":{\"@id\":\"https:\\\/\\\/francoadv.com\\\/en\\\/corporate-law\\\/#primaryimage\"},\"thumbnailUrl\":\"https:\\\/\\\/francoadv.com\\\/wp-content\\\/uploads\\\/2020\\\/12\\\/thumb-default.jpg\",\"datePublished\":\"2021-08-20T19:18:16+00:00\",\"dateModified\":\"2022-01-07T13:33:12+00:00\",\"breadcrumb\":{\"@id\":\"https:\\\/\\\/francoadv.com\\\/en\\\/corporate-law\\\/#breadcrumb\"},\"inLanguage\":\"en-US\",\"potentialAction\":[{\"@type\":\"ReadAction\",\"target\":[\"https:\\\/\\\/francoadv.com\\\/en\\\/corporate-law\\\/\"]}]},{\"@type\":\"ImageObject\",\"inLanguage\":\"en-US\",\"@id\":\"https:\\\/\\\/francoadv.com\\\/en\\\/corporate-law\\\/#primaryimage\",\"url\":\"https:\\\/\\\/francoadv.com\\\/wp-content\\\/uploads\\\/2020\\\/12\\\/thumb-default.jpg\",\"contentUrl\":\"https:\\\/\\\/francoadv.com\\\/wp-content\\\/uploads\\\/2020\\\/12\\\/thumb-default.jpg\",\"width\":250,\"height\":250},{\"@type\":\"BreadcrumbList\",\"@id\":\"https:\\\/\\\/francoadv.com\\\/en\\\/corporate-law\\\/#breadcrumb\",\"itemListElement\":[{\"@type\":\"ListItem\",\"position\":1,\"name\":\"Home\",\"item\":\"https:\\\/\\\/francoadv.com\\\/en\\\/\"},{\"@type\":\"ListItem\",\"position\":2,\"name\":\"Corporate Law\"}]},{\"@type\":\"WebSite\",\"@id\":\"https:\\\/\\\/francoadv.com\\\/en\\\/#website\",\"url\":\"https:\\\/\\\/francoadv.com\\\/en\\\/\",\"name\":\"Franco Advogados | S\u00e3o Paulo | Porto Alegre | Bras\u00edlia | Florian\u00f3polis\",\"description\":\"Franco Advogados Associados, FRANCO ADV, ADVOGADO EM SAO PAULO, PORTO ALEGRE, BRAS\u00cdLIA\",\"publisher\":{\"@id\":\"https:\\\/\\\/francoadv.com\\\/en\\\/#organization\"},\"potentialAction\":[{\"@type\":\"SearchAction\",\"target\":{\"@type\":\"EntryPoint\",\"urlTemplate\":\"https:\\\/\\\/francoadv.com\\\/en\\\/?s={search_term_string}\"},\"query-input\":{\"@type\":\"PropertyValueSpecification\",\"valueRequired\":true,\"valueName\":\"search_term_string\"}}],\"inLanguage\":\"en-US\"},{\"@type\":\"Organization\",\"@id\":\"https:\\\/\\\/francoadv.com\\\/en\\\/#organization\",\"name\":\"Franco Advogados | S\u00e3o Paulo | Porto Alegre | Bras\u00edlia | Florian\u00f3polis\",\"url\":\"https:\\\/\\\/francoadv.com\\\/en\\\/\",\"logo\":{\"@type\":\"ImageObject\",\"inLanguage\":\"en-US\",\"@id\":\"https:\\\/\\\/francoadv.com\\\/en\\\/#\\\/schema\\\/logo\\\/image\\\/\",\"url\":\"https:\\\/\\\/francoadv.com\\\/wp-content\\\/uploads\\\/2020\\\/08\\\/logo-franco.png\",\"contentUrl\":\"https:\\\/\\\/francoadv.com\\\/wp-content\\\/uploads\\\/2020\\\/08\\\/logo-franco.png\",\"width\":230,\"height\":20,\"caption\":\"Franco Advogados  | S\u00e3o Paulo |  Porto Alegre | Bras\u00edlia | Florian\u00f3polis\"},\"image\":{\"@id\":\"https:\\\/\\\/francoadv.com\\\/en\\\/#\\\/schema\\\/logo\\\/image\\\/\"}}]}<\/script>\n<!-- \/ Yoast SEO plugin. -->","yoast_head_json":{"title":"Corporate Law - Franco Advogados | S\u00e3o Paulo | Porto Alegre | Bras\u00edlia | Florian\u00f3polis","robots":{"index":"index","follow":"follow","max-snippet":"max-snippet:-1","max-image-preview":"max-image-preview:large","max-video-preview":"max-video-preview:-1"},"canonical":"https:\/\/francoadv.com\/en\/corporate-law\/","og_locale":"en_US","og_type":"article","og_title":"Corporate Law - Franco Advogados | S\u00e3o Paulo | Porto Alegre | Bras\u00edlia | Florian\u00f3polis","og_description":"Corporate Law is a relevant area of practice of Franco Advogados. Our experience includes diverse types of legal assistance on corporate matters, including, without limitation: Incorporating commercial companies, partnerships, investment funds, joint ventures, consortia, etc, including the preparation of corporate documents and contracts, obtaining of licenses, enrollments and registrations, assisting with obligations with the Central [&hellip;]","og_url":"https:\/\/francoadv.com\/en\/corporate-law\/","og_site_name":"Franco Advogados | S\u00e3o Paulo | Porto Alegre | Bras\u00edlia | Florian\u00f3polis","article_modified_time":"2022-01-07T13:33:12+00:00","og_image":[{"width":250,"height":250,"url":"https:\/\/francoadv.com\/wp-content\/uploads\/2020\/12\/thumb-default.jpg","type":"image\/jpeg"}],"twitter_card":"summary_large_image","twitter_misc":{"Est. reading time":"6 minutes"},"schema":{"@context":"https:\/\/schema.org","@graph":[{"@type":"WebPage","@id":"https:\/\/francoadv.com\/en\/corporate-law\/","url":"https:\/\/francoadv.com\/en\/corporate-law\/","name":"Corporate Law - Franco Advogados | S\u00e3o Paulo | Porto Alegre | Bras\u00edlia | Florian\u00f3polis","isPartOf":{"@id":"https:\/\/francoadv.com\/en\/#website"},"primaryImageOfPage":{"@id":"https:\/\/francoadv.com\/en\/corporate-law\/#primaryimage"},"image":{"@id":"https:\/\/francoadv.com\/en\/corporate-law\/#primaryimage"},"thumbnailUrl":"https:\/\/francoadv.com\/wp-content\/uploads\/2020\/12\/thumb-default.jpg","datePublished":"2021-08-20T19:18:16+00:00","dateModified":"2022-01-07T13:33:12+00:00","breadcrumb":{"@id":"https:\/\/francoadv.com\/en\/corporate-law\/#breadcrumb"},"inLanguage":"en-US","potentialAction":[{"@type":"ReadAction","target":["https:\/\/francoadv.com\/en\/corporate-law\/"]}]},{"@type":"ImageObject","inLanguage":"en-US","@id":"https:\/\/francoadv.com\/en\/corporate-law\/#primaryimage","url":"https:\/\/francoadv.com\/wp-content\/uploads\/2020\/12\/thumb-default.jpg","contentUrl":"https:\/\/francoadv.com\/wp-content\/uploads\/2020\/12\/thumb-default.jpg","width":250,"height":250},{"@type":"BreadcrumbList","@id":"https:\/\/francoadv.com\/en\/corporate-law\/#breadcrumb","itemListElement":[{"@type":"ListItem","position":1,"name":"Home","item":"https:\/\/francoadv.com\/en\/"},{"@type":"ListItem","position":2,"name":"Corporate Law"}]},{"@type":"WebSite","@id":"https:\/\/francoadv.com\/en\/#website","url":"https:\/\/francoadv.com\/en\/","name":"Franco Advogados | S\u00e3o Paulo | Porto Alegre | Bras\u00edlia | Florian\u00f3polis","description":"Franco Advogados Associados, FRANCO ADV, ADVOGADO EM SAO PAULO, PORTO ALEGRE, BRAS\u00cdLIA","publisher":{"@id":"https:\/\/francoadv.com\/en\/#organization"},"potentialAction":[{"@type":"SearchAction","target":{"@type":"EntryPoint","urlTemplate":"https:\/\/francoadv.com\/en\/?s={search_term_string}"},"query-input":{"@type":"PropertyValueSpecification","valueRequired":true,"valueName":"search_term_string"}}],"inLanguage":"en-US"},{"@type":"Organization","@id":"https:\/\/francoadv.com\/en\/#organization","name":"Franco Advogados | S\u00e3o Paulo | Porto Alegre | Bras\u00edlia | Florian\u00f3polis","url":"https:\/\/francoadv.com\/en\/","logo":{"@type":"ImageObject","inLanguage":"en-US","@id":"https:\/\/francoadv.com\/en\/#\/schema\/logo\/image\/","url":"https:\/\/francoadv.com\/wp-content\/uploads\/2020\/08\/logo-franco.png","contentUrl":"https:\/\/francoadv.com\/wp-content\/uploads\/2020\/08\/logo-franco.png","width":230,"height":20,"caption":"Franco Advogados  | S\u00e3o Paulo |  Porto Alegre | Bras\u00edlia | Florian\u00f3polis"},"image":{"@id":"https:\/\/francoadv.com\/en\/#\/schema\/logo\/image\/"}}]}},"_links":{"self":[{"href":"https:\/\/francoadv.com\/en\/wp-json\/wp\/v2\/pages\/3093","targetHints":{"allow":["GET"]}}],"collection":[{"href":"https:\/\/francoadv.com\/en\/wp-json\/wp\/v2\/pages"}],"about":[{"href":"https:\/\/francoadv.com\/en\/wp-json\/wp\/v2\/types\/page"}],"author":[{"embeddable":true,"href":"https:\/\/francoadv.com\/en\/wp-json\/wp\/v2\/users\/1"}],"replies":[{"embeddable":true,"href":"https:\/\/francoadv.com\/en\/wp-json\/wp\/v2\/comments?post=3093"}],"version-history":[{"count":5,"href":"https:\/\/francoadv.com\/en\/wp-json\/wp\/v2\/pages\/3093\/revisions"}],"predecessor-version":[{"id":3808,"href":"https:\/\/francoadv.com\/en\/wp-json\/wp\/v2\/pages\/3093\/revisions\/3808"}],"wp:featuredmedia":[{"embeddable":true,"href":"https:\/\/francoadv.com\/en\/wp-json\/wp\/v2\/media\/824"}],"wp:attachment":[{"href":"https:\/\/francoadv.com\/en\/wp-json\/wp\/v2\/media?parent=3093"}],"wp:term":[{"taxonomy":"category","embeddable":true,"href":"https:\/\/francoadv.com\/en\/wp-json\/wp\/v2\/categories?post=3093"},{"taxonomy":"post_tag","embeddable":true,"href":"https:\/\/francoadv.com\/en\/wp-json\/wp\/v2\/tags?post=3093"}],"curies":[{"name":"wp","href":"https:\/\/api.w.org\/{rel}","templated":true}]}}