{"id":3095,"date":"2021-08-20T16:21:17","date_gmt":"2021-08-20T19:21:17","guid":{"rendered":"https:\/\/francoadv.com\/tax-law\/"},"modified":"2021-08-20T16:22:10","modified_gmt":"2021-08-20T19:22:10","slug":"tax-law","status":"publish","type":"page","link":"https:\/\/francoadv.com\/en\/tax-law\/","title":{"rendered":"Tax Law"},"content":{"rendered":"\t\t<div data-elementor-type=\"wp-page\" data-elementor-id=\"3095\" class=\"elementor elementor-3095 elementor-1281\" data-elementor-post-type=\"page\">\n\t\t\t\t\t\t<section class=\"elementor-section elementor-top-section elementor-element elementor-element-e2daeff elementor-section-boxed elementor-section-height-default elementor-section-height-default\" data-id=\"e2daeff\" data-element_type=\"section\" data-e-type=\"section\">\n\t\t\t\t\t\t<div class=\"elementor-container elementor-column-gap-default\">\n\t\t\t\t\t<div class=\"elementor-column elementor-col-100 elementor-top-column elementor-element elementor-element-0df7e9a\" data-id=\"0df7e9a\" data-element_type=\"column\" data-e-type=\"column\">\n\t\t\t<div class=\"elementor-widget-wrap\">\n\t\t\t\t\t\t\t<\/div>\n\t\t<\/div>\n\t\t\t\t\t<\/div>\n\t\t<\/section>\n\t\t\t\t<section class=\"elementor-section elementor-top-section elementor-element elementor-element-0ca7eb9 elementor-section-boxed elementor-section-height-default elementor-section-height-default\" data-id=\"0ca7eb9\" data-element_type=\"section\" data-e-type=\"section\">\n\t\t\t\t\t\t<div class=\"elementor-container elementor-column-gap-default\">\n\t\t\t\t\t<div class=\"elementor-column elementor-col-50 elementor-top-column elementor-element elementor-element-0719128\" data-id=\"0719128\" data-element_type=\"column\" data-e-type=\"column\">\n\t\t\t<div class=\"elementor-widget-wrap elementor-element-populated\">\n\t\t\t\t\t\t<div class=\"elementor-element elementor-element-3631ad2 elementor-widget elementor-widget-text-editor\" data-id=\"3631ad2\" data-element_type=\"widget\" data-e-type=\"widget\" data-widget_type=\"text-editor.default\">\n\t\t\t\t<div class=\"elementor-widget-container\">\n\t\t\t\t\t\t\t\t\t<p><span style=\"font-weight: 400;\">Franco Advogados<\/span><span style=\"font-weight: 400;\"> The tax net is another area in which Franco Advogados is specialized in. Its experience shows that many issues can be clarified and resolved by its consultants who assist the clients in taking preventive actions.  <\/span><\/p>\n<ul>\n<li><span style=\"font-weight: 400;\"> Tax consultancy; <\/span><\/li>\n<li><span style=\"font-weight: 400;\"> Tax reviews; <\/span><\/li>\n<li><span style=\"font-weight: 400;\"> Verification of federal and state tax benefits; <\/span><\/li>\n<li><span style=\"font-weight: 400;\"> Tax planning, from operational as well as corporate structures; <\/span><\/li>\n<li><i><span style=\"font-weight: 400;\">Due diligence<\/span><\/i><span style=\"font-weight: 400;\">; and<\/span><\/li>\n<li><span style=\"font-weight: 400;\"> Defense in tax assessments and monitoring of administrative and legal proceedings.<\/span><\/li>\n<\/ul>\n\t\t\t\t\t\t\t\t<\/div>\n\t\t\t\t<\/div>\n\t\t\t\t\t<\/div>\n\t\t<\/div>\n\t\t\t\t<div class=\"elementor-column elementor-col-50 elementor-top-column elementor-element elementor-element-76605af\" data-id=\"76605af\" data-element_type=\"column\" data-e-type=\"column\">\n\t\t\t<div class=\"elementor-widget-wrap elementor-element-populated\">\n\t\t\t\t\t\t\t<\/div>\n\t\t<\/div>\n\t\t\t\t\t<\/div>\n\t\t<\/section>\n\t\t\t\t<\/div>\n\t\t","protected":false},"excerpt":{"rendered":"<p>Franco Advogados The tax net is another area in which Franco Advogados is specialized in. Its experience shows that many issues can be clarified and resolved by its consultants who assist the clients in taking preventive actions. Tax consultancy; Tax reviews; Verification of federal and state tax benefits; Tax planning, from operational as well as [&hellip;]<\/p>\n","protected":false},"author":1,"featured_media":824,"parent":0,"menu_order":0,"comment_status":"closed","ping_status":"closed","template":"elementor_header_footer","meta":{"_acf_changed":false,"inline_featured_image":false,"footnotes":""},"categories":[32],"tags":[],"class_list":["post-3095","page","type-page","status-publish","has-post-thumbnail","hentry","category-areas-of-pratice"],"acf":[],"yoast_head":"<!-- This site is optimized with the Yoast SEO plugin v27.4 - https:\/\/yoast.com\/product\/yoast-seo-wordpress\/ -->\n<title>Tax Law - Franco Advogados | S\u00e3o Paulo | Porto Alegre | Bras\u00edlia | Florian\u00f3polis<\/title>\n<meta name=\"robots\" content=\"index, follow, max-snippet:-1, max-image-preview:large, max-video-preview:-1\" \/>\n<link rel=\"canonical\" href=\"https:\/\/francoadv.com\/en\/tax-law\/\" \/>\n<meta property=\"og:locale\" content=\"en_US\" \/>\n<meta property=\"og:type\" content=\"article\" \/>\n<meta property=\"og:title\" content=\"Tax Law - Franco Advogados | S\u00e3o Paulo | Porto Alegre | Bras\u00edlia | Florian\u00f3polis\" \/>\n<meta property=\"og:description\" content=\"Franco Advogados The tax net is another area in which Franco Advogados is specialized in. Its experience shows that many issues can be clarified and resolved by its consultants who assist the clients in taking preventive actions. Tax consultancy; Tax reviews; Verification of federal and state tax benefits; Tax planning, from operational as well as [&hellip;]\" \/>\n<meta property=\"og:url\" content=\"https:\/\/francoadv.com\/en\/tax-law\/\" \/>\n<meta property=\"og:site_name\" content=\"Franco Advogados | S\u00e3o Paulo | Porto Alegre | Bras\u00edlia | Florian\u00f3polis\" \/>\n<meta property=\"article:modified_time\" content=\"2021-08-20T19:22:10+00:00\" \/>\n<meta property=\"og:image\" content=\"https:\/\/francoadv.com\/wp-content\/uploads\/2020\/12\/thumb-default.jpg\" \/>\n\t<meta property=\"og:image:width\" content=\"250\" \/>\n\t<meta property=\"og:image:height\" content=\"250\" \/>\n\t<meta property=\"og:image:type\" content=\"image\/jpeg\" \/>\n<meta name=\"twitter:card\" content=\"summary_large_image\" \/>\n<script type=\"application\/ld+json\" class=\"yoast-schema-graph\">{\"@context\":\"https:\\\/\\\/schema.org\",\"@graph\":[{\"@type\":\"WebPage\",\"@id\":\"https:\\\/\\\/francoadv.com\\\/en\\\/tax-law\\\/\",\"url\":\"https:\\\/\\\/francoadv.com\\\/en\\\/tax-law\\\/\",\"name\":\"Tax Law - Franco Advogados | S\u00e3o Paulo | Porto Alegre | Bras\u00edlia | Florian\u00f3polis\",\"isPartOf\":{\"@id\":\"https:\\\/\\\/francoadv.com\\\/en\\\/#website\"},\"primaryImageOfPage\":{\"@id\":\"https:\\\/\\\/francoadv.com\\\/en\\\/tax-law\\\/#primaryimage\"},\"image\":{\"@id\":\"https:\\\/\\\/francoadv.com\\\/en\\\/tax-law\\\/#primaryimage\"},\"thumbnailUrl\":\"https:\\\/\\\/francoadv.com\\\/wp-content\\\/uploads\\\/2020\\\/12\\\/thumb-default.jpg\",\"datePublished\":\"2021-08-20T19:21:17+00:00\",\"dateModified\":\"2021-08-20T19:22:10+00:00\",\"breadcrumb\":{\"@id\":\"https:\\\/\\\/francoadv.com\\\/en\\\/tax-law\\\/#breadcrumb\"},\"inLanguage\":\"en-US\",\"potentialAction\":[{\"@type\":\"ReadAction\",\"target\":[\"https:\\\/\\\/francoadv.com\\\/en\\\/tax-law\\\/\"]}]},{\"@type\":\"ImageObject\",\"inLanguage\":\"en-US\",\"@id\":\"https:\\\/\\\/francoadv.com\\\/en\\\/tax-law\\\/#primaryimage\",\"url\":\"https:\\\/\\\/francoadv.com\\\/wp-content\\\/uploads\\\/2020\\\/12\\\/thumb-default.jpg\",\"contentUrl\":\"https:\\\/\\\/francoadv.com\\\/wp-content\\\/uploads\\\/2020\\\/12\\\/thumb-default.jpg\",\"width\":250,\"height\":250},{\"@type\":\"BreadcrumbList\",\"@id\":\"https:\\\/\\\/francoadv.com\\\/en\\\/tax-law\\\/#breadcrumb\",\"itemListElement\":[{\"@type\":\"ListItem\",\"position\":1,\"name\":\"Home\",\"item\":\"https:\\\/\\\/francoadv.com\\\/en\\\/\"},{\"@type\":\"ListItem\",\"position\":2,\"name\":\"Tax Law\"}]},{\"@type\":\"WebSite\",\"@id\":\"https:\\\/\\\/francoadv.com\\\/en\\\/#website\",\"url\":\"https:\\\/\\\/francoadv.com\\\/en\\\/\",\"name\":\"Franco Advogados | S\u00e3o Paulo | Porto Alegre | Bras\u00edlia | Florian\u00f3polis\",\"description\":\"Franco Advogados Associados, FRANCO ADV, ADVOGADO EM SAO PAULO, PORTO ALEGRE, BRAS\u00cdLIA\",\"publisher\":{\"@id\":\"https:\\\/\\\/francoadv.com\\\/en\\\/#organization\"},\"potentialAction\":[{\"@type\":\"SearchAction\",\"target\":{\"@type\":\"EntryPoint\",\"urlTemplate\":\"https:\\\/\\\/francoadv.com\\\/en\\\/?s={search_term_string}\"},\"query-input\":{\"@type\":\"PropertyValueSpecification\",\"valueRequired\":true,\"valueName\":\"search_term_string\"}}],\"inLanguage\":\"en-US\"},{\"@type\":\"Organization\",\"@id\":\"https:\\\/\\\/francoadv.com\\\/en\\\/#organization\",\"name\":\"Franco Advogados | S\u00e3o Paulo | Porto Alegre | Bras\u00edlia | Florian\u00f3polis\",\"url\":\"https:\\\/\\\/francoadv.com\\\/en\\\/\",\"logo\":{\"@type\":\"ImageObject\",\"inLanguage\":\"en-US\",\"@id\":\"https:\\\/\\\/francoadv.com\\\/en\\\/#\\\/schema\\\/logo\\\/image\\\/\",\"url\":\"https:\\\/\\\/francoadv.com\\\/wp-content\\\/uploads\\\/2020\\\/08\\\/logo-franco.png\",\"contentUrl\":\"https:\\\/\\\/francoadv.com\\\/wp-content\\\/uploads\\\/2020\\\/08\\\/logo-franco.png\",\"width\":230,\"height\":20,\"caption\":\"Franco Advogados  | S\u00e3o Paulo |  Porto Alegre | Bras\u00edlia | Florian\u00f3polis\"},\"image\":{\"@id\":\"https:\\\/\\\/francoadv.com\\\/en\\\/#\\\/schema\\\/logo\\\/image\\\/\"}}]}<\/script>\n<!-- \/ Yoast SEO plugin. -->","yoast_head_json":{"title":"Tax Law - Franco Advogados | S\u00e3o Paulo | Porto Alegre | Bras\u00edlia | Florian\u00f3polis","robots":{"index":"index","follow":"follow","max-snippet":"max-snippet:-1","max-image-preview":"max-image-preview:large","max-video-preview":"max-video-preview:-1"},"canonical":"https:\/\/francoadv.com\/en\/tax-law\/","og_locale":"en_US","og_type":"article","og_title":"Tax Law - Franco Advogados | S\u00e3o Paulo | Porto Alegre | Bras\u00edlia | Florian\u00f3polis","og_description":"Franco Advogados The tax net is another area in which Franco Advogados is specialized in. Its experience shows that many issues can be clarified and resolved by its consultants who assist the clients in taking preventive actions. Tax consultancy; Tax reviews; Verification of federal and state tax benefits; Tax planning, from operational as well as [&hellip;]","og_url":"https:\/\/francoadv.com\/en\/tax-law\/","og_site_name":"Franco Advogados | S\u00e3o Paulo | Porto Alegre | Bras\u00edlia | Florian\u00f3polis","article_modified_time":"2021-08-20T19:22:10+00:00","og_image":[{"width":250,"height":250,"url":"https:\/\/francoadv.com\/wp-content\/uploads\/2020\/12\/thumb-default.jpg","type":"image\/jpeg"}],"twitter_card":"summary_large_image","schema":{"@context":"https:\/\/schema.org","@graph":[{"@type":"WebPage","@id":"https:\/\/francoadv.com\/en\/tax-law\/","url":"https:\/\/francoadv.com\/en\/tax-law\/","name":"Tax Law - Franco Advogados | S\u00e3o Paulo | Porto Alegre | Bras\u00edlia | Florian\u00f3polis","isPartOf":{"@id":"https:\/\/francoadv.com\/en\/#website"},"primaryImageOfPage":{"@id":"https:\/\/francoadv.com\/en\/tax-law\/#primaryimage"},"image":{"@id":"https:\/\/francoadv.com\/en\/tax-law\/#primaryimage"},"thumbnailUrl":"https:\/\/francoadv.com\/wp-content\/uploads\/2020\/12\/thumb-default.jpg","datePublished":"2021-08-20T19:21:17+00:00","dateModified":"2021-08-20T19:22:10+00:00","breadcrumb":{"@id":"https:\/\/francoadv.com\/en\/tax-law\/#breadcrumb"},"inLanguage":"en-US","potentialAction":[{"@type":"ReadAction","target":["https:\/\/francoadv.com\/en\/tax-law\/"]}]},{"@type":"ImageObject","inLanguage":"en-US","@id":"https:\/\/francoadv.com\/en\/tax-law\/#primaryimage","url":"https:\/\/francoadv.com\/wp-content\/uploads\/2020\/12\/thumb-default.jpg","contentUrl":"https:\/\/francoadv.com\/wp-content\/uploads\/2020\/12\/thumb-default.jpg","width":250,"height":250},{"@type":"BreadcrumbList","@id":"https:\/\/francoadv.com\/en\/tax-law\/#breadcrumb","itemListElement":[{"@type":"ListItem","position":1,"name":"Home","item":"https:\/\/francoadv.com\/en\/"},{"@type":"ListItem","position":2,"name":"Tax Law"}]},{"@type":"WebSite","@id":"https:\/\/francoadv.com\/en\/#website","url":"https:\/\/francoadv.com\/en\/","name":"Franco Advogados | S\u00e3o Paulo | Porto Alegre | Bras\u00edlia | Florian\u00f3polis","description":"Franco Advogados Associados, FRANCO ADV, ADVOGADO EM SAO PAULO, PORTO ALEGRE, BRAS\u00cdLIA","publisher":{"@id":"https:\/\/francoadv.com\/en\/#organization"},"potentialAction":[{"@type":"SearchAction","target":{"@type":"EntryPoint","urlTemplate":"https:\/\/francoadv.com\/en\/?s={search_term_string}"},"query-input":{"@type":"PropertyValueSpecification","valueRequired":true,"valueName":"search_term_string"}}],"inLanguage":"en-US"},{"@type":"Organization","@id":"https:\/\/francoadv.com\/en\/#organization","name":"Franco Advogados | S\u00e3o Paulo | Porto Alegre | Bras\u00edlia | Florian\u00f3polis","url":"https:\/\/francoadv.com\/en\/","logo":{"@type":"ImageObject","inLanguage":"en-US","@id":"https:\/\/francoadv.com\/en\/#\/schema\/logo\/image\/","url":"https:\/\/francoadv.com\/wp-content\/uploads\/2020\/08\/logo-franco.png","contentUrl":"https:\/\/francoadv.com\/wp-content\/uploads\/2020\/08\/logo-franco.png","width":230,"height":20,"caption":"Franco Advogados  | S\u00e3o Paulo |  Porto Alegre | Bras\u00edlia | Florian\u00f3polis"},"image":{"@id":"https:\/\/francoadv.com\/en\/#\/schema\/logo\/image\/"}}]}},"_links":{"self":[{"href":"https:\/\/francoadv.com\/en\/wp-json\/wp\/v2\/pages\/3095","targetHints":{"allow":["GET"]}}],"collection":[{"href":"https:\/\/francoadv.com\/en\/wp-json\/wp\/v2\/pages"}],"about":[{"href":"https:\/\/francoadv.com\/en\/wp-json\/wp\/v2\/types\/page"}],"author":[{"embeddable":true,"href":"https:\/\/francoadv.com\/en\/wp-json\/wp\/v2\/users\/1"}],"replies":[{"embeddable":true,"href":"https:\/\/francoadv.com\/en\/wp-json\/wp\/v2\/comments?post=3095"}],"version-history":[{"count":4,"href":"https:\/\/francoadv.com\/en\/wp-json\/wp\/v2\/pages\/3095\/revisions"}],"predecessor-version":[{"id":4360,"href":"https:\/\/francoadv.com\/en\/wp-json\/wp\/v2\/pages\/3095\/revisions\/4360"}],"wp:featuredmedia":[{"embeddable":true,"href":"https:\/\/francoadv.com\/en\/wp-json\/wp\/v2\/media\/824"}],"wp:attachment":[{"href":"https:\/\/francoadv.com\/en\/wp-json\/wp\/v2\/media?parent=3095"}],"wp:term":[{"taxonomy":"category","embeddable":true,"href":"https:\/\/francoadv.com\/en\/wp-json\/wp\/v2\/categories?post=3095"},{"taxonomy":"post_tag","embeddable":true,"href":"https:\/\/francoadv.com\/en\/wp-json\/wp\/v2\/tags?post=3095"}],"curies":[{"name":"wp","href":"https:\/\/api.w.org\/{rel}","templated":true}]}}