{"id":3129,"date":"2021-08-20T17:33:45","date_gmt":"2021-08-20T20:33:45","guid":{"rendered":"https:\/\/francoadv.com\/taarik-castilho\/"},"modified":"2024-07-18T12:20:27","modified_gmt":"2024-07-18T15:20:27","slug":"taarik-castilho","status":"publish","type":"page","link":"https:\/\/francoadv.com\/en\/professionals\/taarik-castilho\/","title":{"rendered":"Taarik Castilho"},"content":{"rendered":"<p><strong>Office:<br \/>\n<\/strong>S\u00e3o Paulo.<\/p>\n<p><strong>Areas of performance:<br \/>\n<\/strong>Civil Litigation and Real Estate Law.<\/p>\n<p><strong>Academic qualifications:<\/strong><br \/>\nMaster\u2019s Degree in Civil Law at Universidade de S\u00e3o Paulo &#8211; USP (2011);<br \/>\nBachelor of Law at Universidade de S\u00e3o Paulo &#8211; USP (2006).<\/p>\n<p><strong>Languages:<br \/>\n<\/strong>Portuguese, English, French.<\/p>\n<p><strong>Professional background:<\/strong><\/p>\n<ul>\n<li style=\"font-weight: 400;\" aria-level=\"1\"><span style=\"font-weight: 400;\">Partner of Franco Advogados and head of the lawyers team dealing with <\/span><span style=\"font-weight: 400;\">administrative law, laws related to the Real Estate dealings, civil judicial disputes, recovery of real estate companies;<\/span><span style=\"font-weight: 400;\">, Relevant performance in defense on behalf of large national and multi-national companies and consortiums;<\/span><\/li>\n<li style=\"font-weight: 400;\" aria-level=\"1\"><span style=\"font-weight: 400;\">Taarik also acts in auditing and consultation for real estate acquisition and\/or for constituting new companies;<\/span><\/li>\n<li style=\"font-weight: 400;\" aria-level=\"1\"><span style=\"font-weight: 400;\">He was the coordenator of the Course \u201cA Nova Lei de Execu\u00e7\u00f5es\u201d, OAB-SP, Subsection Pinheiros, 2007; and member of the Study Commission on \u201cEstudos dos Juizados Especiais C\u00edveis\u201d, OAB-SP, 2012.<\/span><\/li>\n<li style=\"font-weight: 400;\" aria-level=\"1\"><span style=\"font-weight: 400;\">Dissertation: \u201cDistin\u00e7\u00e3o entre as obriga\u00e7\u00f5es de meios e as obriga\u00e7\u00f5es de resultado\u201d.<\/span><\/li>\n<\/ul>\n","protected":false},"excerpt":{"rendered":"<p>Office: S\u00e3o Paulo. Areas of performance: Civil Litigation and Real Estate Law. Academic qualifications: Master\u2019s Degree in Civil Law at Universidade de S\u00e3o Paulo &#8211; USP (2011); Bachelor of Law at Universidade de S\u00e3o Paulo &#8211; USP (2006). Languages: Portuguese, English, French. Professional background: Partner of Franco Advogados and head of the lawyers team dealing [&hellip;]<\/p>\n","protected":false},"author":1,"featured_media":2820,"parent":3169,"menu_order":0,"comment_status":"closed","ping_status":"closed","template":"","meta":{"_acf_changed":false,"inline_featured_image":false,"footnotes":""},"categories":[33],"tags":[],"class_list":["post-3129","page","type-page","status-publish","has-post-thumbnail","hentry","category-professionals"],"acf":[],"yoast_head":"<!-- This site is optimized with the Yoast SEO plugin v27.5 - https:\/\/yoast.com\/product\/yoast-seo-wordpress\/ -->\n<title>Taarik Castilho - Franco Advogados | S\u00e3o Paulo | Porto Alegre | Bras\u00edlia | Florian\u00f3polis<\/title>\n<meta name=\"robots\" content=\"index, follow, max-snippet:-1, max-image-preview:large, max-video-preview:-1\" \/>\n<link rel=\"canonical\" href=\"https:\/\/francoadv.com\/en\/professionals\/taarik-castilho\/\" \/>\n<meta property=\"og:locale\" content=\"en_US\" \/>\n<meta property=\"og:type\" content=\"article\" \/>\n<meta property=\"og:title\" content=\"Taarik Castilho - Franco Advogados | S\u00e3o Paulo | Porto Alegre | Bras\u00edlia | Florian\u00f3polis\" \/>\n<meta property=\"og:description\" content=\"Office: S\u00e3o Paulo. Areas of performance: Civil Litigation and Real Estate Law. Academic qualifications: Master\u2019s Degree in Civil Law at Universidade de S\u00e3o Paulo &#8211; USP (2011); Bachelor of Law at Universidade de S\u00e3o Paulo &#8211; USP (2006). Languages: Portuguese, English, French. Professional background: Partner of Franco Advogados and head of the lawyers team dealing [&hellip;]\" \/>\n<meta property=\"og:url\" content=\"https:\/\/francoadv.com\/en\/professionals\/taarik-castilho\/\" \/>\n<meta property=\"og:site_name\" content=\"Franco Advogados | S\u00e3o Paulo | Porto Alegre | Bras\u00edlia | Florian\u00f3polis\" \/>\n<meta property=\"article:modified_time\" content=\"2024-07-18T15:20:27+00:00\" \/>\n<meta property=\"og:image\" content=\"https:\/\/francoadv.com\/wp-content\/uploads\/2021\/04\/taarik.png\" \/>\n\t<meta property=\"og:image:width\" content=\"400\" \/>\n\t<meta property=\"og:image:height\" content=\"400\" \/>\n\t<meta property=\"og:image:type\" content=\"image\/png\" \/>\n<meta name=\"twitter:card\" content=\"summary_large_image\" \/>\n<meta name=\"twitter:label1\" content=\"Est. reading time\" \/>\n\t<meta name=\"twitter:data1\" content=\"1 minute\" \/>\n<script type=\"application\/ld+json\" class=\"yoast-schema-graph\">{\"@context\":\"https:\\\/\\\/schema.org\",\"@graph\":[{\"@type\":\"WebPage\",\"@id\":\"https:\\\/\\\/francoadv.com\\\/en\\\/professionals\\\/taarik-castilho\\\/\",\"url\":\"https:\\\/\\\/francoadv.com\\\/en\\\/professionals\\\/taarik-castilho\\\/\",\"name\":\"Taarik Castilho - Franco Advogados | S\u00e3o Paulo | Porto Alegre | Bras\u00edlia | Florian\u00f3polis\",\"isPartOf\":{\"@id\":\"https:\\\/\\\/francoadv.com\\\/en\\\/#website\"},\"primaryImageOfPage\":{\"@id\":\"https:\\\/\\\/francoadv.com\\\/en\\\/professionals\\\/taarik-castilho\\\/#primaryimage\"},\"image\":{\"@id\":\"https:\\\/\\\/francoadv.com\\\/en\\\/professionals\\\/taarik-castilho\\\/#primaryimage\"},\"thumbnailUrl\":\"https:\\\/\\\/francoadv.com\\\/wp-content\\\/uploads\\\/2021\\\/04\\\/taarik.png\",\"datePublished\":\"2021-08-20T20:33:45+00:00\",\"dateModified\":\"2024-07-18T15:20:27+00:00\",\"breadcrumb\":{\"@id\":\"https:\\\/\\\/francoadv.com\\\/en\\\/professionals\\\/taarik-castilho\\\/#breadcrumb\"},\"inLanguage\":\"en-US\",\"potentialAction\":[{\"@type\":\"ReadAction\",\"target\":[\"https:\\\/\\\/francoadv.com\\\/en\\\/professionals\\\/taarik-castilho\\\/\"]}]},{\"@type\":\"ImageObject\",\"inLanguage\":\"en-US\",\"@id\":\"https:\\\/\\\/francoadv.com\\\/en\\\/professionals\\\/taarik-castilho\\\/#primaryimage\",\"url\":\"https:\\\/\\\/francoadv.com\\\/wp-content\\\/uploads\\\/2021\\\/04\\\/taarik.png\",\"contentUrl\":\"https:\\\/\\\/francoadv.com\\\/wp-content\\\/uploads\\\/2021\\\/04\\\/taarik.png\",\"width\":400,\"height\":400},{\"@type\":\"BreadcrumbList\",\"@id\":\"https:\\\/\\\/francoadv.com\\\/en\\\/professionals\\\/taarik-castilho\\\/#breadcrumb\",\"itemListElement\":[{\"@type\":\"ListItem\",\"position\":1,\"name\":\"Home\",\"item\":\"https:\\\/\\\/francoadv.com\\\/en\\\/\"},{\"@type\":\"ListItem\",\"position\":2,\"name\":\"Professionals\",\"item\":\"https:\\\/\\\/francoadv.com\\\/en\\\/profissionais\\\/\"},{\"@type\":\"ListItem\",\"position\":3,\"name\":\"Taarik Castilho\"}]},{\"@type\":\"WebSite\",\"@id\":\"https:\\\/\\\/francoadv.com\\\/en\\\/#website\",\"url\":\"https:\\\/\\\/francoadv.com\\\/en\\\/\",\"name\":\"Franco Advogados | S\u00e3o Paulo | Porto Alegre | Bras\u00edlia | Florian\u00f3polis\",\"description\":\"Franco Advogados Associados, FRANCO ADV, ADVOGADO EM SAO PAULO, PORTO ALEGRE, BRAS\u00cdLIA\",\"publisher\":{\"@id\":\"https:\\\/\\\/francoadv.com\\\/en\\\/#organization\"},\"potentialAction\":[{\"@type\":\"SearchAction\",\"target\":{\"@type\":\"EntryPoint\",\"urlTemplate\":\"https:\\\/\\\/francoadv.com\\\/en\\\/?s={search_term_string}\"},\"query-input\":{\"@type\":\"PropertyValueSpecification\",\"valueRequired\":true,\"valueName\":\"search_term_string\"}}],\"inLanguage\":\"en-US\"},{\"@type\":\"Organization\",\"@id\":\"https:\\\/\\\/francoadv.com\\\/en\\\/#organization\",\"name\":\"Franco Advogados | S\u00e3o Paulo | Porto Alegre | Bras\u00edlia | Florian\u00f3polis\",\"url\":\"https:\\\/\\\/francoadv.com\\\/en\\\/\",\"logo\":{\"@type\":\"ImageObject\",\"inLanguage\":\"en-US\",\"@id\":\"https:\\\/\\\/francoadv.com\\\/en\\\/#\\\/schema\\\/logo\\\/image\\\/\",\"url\":\"https:\\\/\\\/francoadv.com\\\/wp-content\\\/uploads\\\/2020\\\/08\\\/logo-franco.png\",\"contentUrl\":\"https:\\\/\\\/francoadv.com\\\/wp-content\\\/uploads\\\/2020\\\/08\\\/logo-franco.png\",\"width\":230,\"height\":20,\"caption\":\"Franco Advogados  | S\u00e3o Paulo |  Porto Alegre | Bras\u00edlia | Florian\u00f3polis\"},\"image\":{\"@id\":\"https:\\\/\\\/francoadv.com\\\/en\\\/#\\\/schema\\\/logo\\\/image\\\/\"}}]}<\/script>\n<!-- \/ Yoast SEO plugin. -->","yoast_head_json":{"title":"Taarik Castilho - Franco Advogados | S\u00e3o Paulo | Porto Alegre | Bras\u00edlia | Florian\u00f3polis","robots":{"index":"index","follow":"follow","max-snippet":"max-snippet:-1","max-image-preview":"max-image-preview:large","max-video-preview":"max-video-preview:-1"},"canonical":"https:\/\/francoadv.com\/en\/professionals\/taarik-castilho\/","og_locale":"en_US","og_type":"article","og_title":"Taarik Castilho - Franco Advogados | S\u00e3o Paulo | Porto Alegre | Bras\u00edlia | Florian\u00f3polis","og_description":"Office: S\u00e3o Paulo. Areas of performance: Civil Litigation and Real Estate Law. Academic qualifications: Master\u2019s Degree in Civil Law at Universidade de S\u00e3o Paulo &#8211; USP (2011); Bachelor of Law at Universidade de S\u00e3o Paulo &#8211; USP (2006). Languages: Portuguese, English, French. Professional background: Partner of Franco Advogados and head of the lawyers team dealing [&hellip;]","og_url":"https:\/\/francoadv.com\/en\/professionals\/taarik-castilho\/","og_site_name":"Franco Advogados | S\u00e3o Paulo | Porto Alegre | Bras\u00edlia | Florian\u00f3polis","article_modified_time":"2024-07-18T15:20:27+00:00","og_image":[{"width":400,"height":400,"url":"https:\/\/francoadv.com\/wp-content\/uploads\/2021\/04\/taarik.png","type":"image\/png"}],"twitter_card":"summary_large_image","twitter_misc":{"Est. reading time":"1 minute"},"schema":{"@context":"https:\/\/schema.org","@graph":[{"@type":"WebPage","@id":"https:\/\/francoadv.com\/en\/professionals\/taarik-castilho\/","url":"https:\/\/francoadv.com\/en\/professionals\/taarik-castilho\/","name":"Taarik Castilho - Franco Advogados | S\u00e3o Paulo | Porto Alegre | Bras\u00edlia | Florian\u00f3polis","isPartOf":{"@id":"https:\/\/francoadv.com\/en\/#website"},"primaryImageOfPage":{"@id":"https:\/\/francoadv.com\/en\/professionals\/taarik-castilho\/#primaryimage"},"image":{"@id":"https:\/\/francoadv.com\/en\/professionals\/taarik-castilho\/#primaryimage"},"thumbnailUrl":"https:\/\/francoadv.com\/wp-content\/uploads\/2021\/04\/taarik.png","datePublished":"2021-08-20T20:33:45+00:00","dateModified":"2024-07-18T15:20:27+00:00","breadcrumb":{"@id":"https:\/\/francoadv.com\/en\/professionals\/taarik-castilho\/#breadcrumb"},"inLanguage":"en-US","potentialAction":[{"@type":"ReadAction","target":["https:\/\/francoadv.com\/en\/professionals\/taarik-castilho\/"]}]},{"@type":"ImageObject","inLanguage":"en-US","@id":"https:\/\/francoadv.com\/en\/professionals\/taarik-castilho\/#primaryimage","url":"https:\/\/francoadv.com\/wp-content\/uploads\/2021\/04\/taarik.png","contentUrl":"https:\/\/francoadv.com\/wp-content\/uploads\/2021\/04\/taarik.png","width":400,"height":400},{"@type":"BreadcrumbList","@id":"https:\/\/francoadv.com\/en\/professionals\/taarik-castilho\/#breadcrumb","itemListElement":[{"@type":"ListItem","position":1,"name":"Home","item":"https:\/\/francoadv.com\/en\/"},{"@type":"ListItem","position":2,"name":"Professionals","item":"https:\/\/francoadv.com\/en\/profissionais\/"},{"@type":"ListItem","position":3,"name":"Taarik Castilho"}]},{"@type":"WebSite","@id":"https:\/\/francoadv.com\/en\/#website","url":"https:\/\/francoadv.com\/en\/","name":"Franco Advogados | S\u00e3o Paulo | Porto Alegre | Bras\u00edlia | Florian\u00f3polis","description":"Franco Advogados Associados, FRANCO ADV, ADVOGADO EM SAO PAULO, PORTO ALEGRE, BRAS\u00cdLIA","publisher":{"@id":"https:\/\/francoadv.com\/en\/#organization"},"potentialAction":[{"@type":"SearchAction","target":{"@type":"EntryPoint","urlTemplate":"https:\/\/francoadv.com\/en\/?s={search_term_string}"},"query-input":{"@type":"PropertyValueSpecification","valueRequired":true,"valueName":"search_term_string"}}],"inLanguage":"en-US"},{"@type":"Organization","@id":"https:\/\/francoadv.com\/en\/#organization","name":"Franco Advogados | S\u00e3o Paulo | Porto Alegre | Bras\u00edlia | Florian\u00f3polis","url":"https:\/\/francoadv.com\/en\/","logo":{"@type":"ImageObject","inLanguage":"en-US","@id":"https:\/\/francoadv.com\/en\/#\/schema\/logo\/image\/","url":"https:\/\/francoadv.com\/wp-content\/uploads\/2020\/08\/logo-franco.png","contentUrl":"https:\/\/francoadv.com\/wp-content\/uploads\/2020\/08\/logo-franco.png","width":230,"height":20,"caption":"Franco Advogados  | S\u00e3o Paulo |  Porto Alegre | Bras\u00edlia | Florian\u00f3polis"},"image":{"@id":"https:\/\/francoadv.com\/en\/#\/schema\/logo\/image\/"}}]}},"_links":{"self":[{"href":"https:\/\/francoadv.com\/en\/wp-json\/wp\/v2\/pages\/3129","targetHints":{"allow":["GET"]}}],"collection":[{"href":"https:\/\/francoadv.com\/en\/wp-json\/wp\/v2\/pages"}],"about":[{"href":"https:\/\/francoadv.com\/en\/wp-json\/wp\/v2\/types\/page"}],"author":[{"embeddable":true,"href":"https:\/\/francoadv.com\/en\/wp-json\/wp\/v2\/users\/1"}],"replies":[{"embeddable":true,"href":"https:\/\/francoadv.com\/en\/wp-json\/wp\/v2\/comments?post=3129"}],"version-history":[{"count":4,"href":"https:\/\/francoadv.com\/en\/wp-json\/wp\/v2\/pages\/3129\/revisions"}],"predecessor-version":[{"id":4781,"href":"https:\/\/francoadv.com\/en\/wp-json\/wp\/v2\/pages\/3129\/revisions\/4781"}],"up":[{"embeddable":true,"href":"https:\/\/francoadv.com\/en\/wp-json\/wp\/v2\/pages\/3169"}],"wp:featuredmedia":[{"embeddable":true,"href":"https:\/\/francoadv.com\/en\/wp-json\/wp\/v2\/media\/2820"}],"wp:attachment":[{"href":"https:\/\/francoadv.com\/en\/wp-json\/wp\/v2\/media?parent=3129"}],"wp:term":[{"taxonomy":"category","embeddable":true,"href":"https:\/\/francoadv.com\/en\/wp-json\/wp\/v2\/categories?post=3129"},{"taxonomy":"post_tag","embeddable":true,"href":"https:\/\/francoadv.com\/en\/wp-json\/wp\/v2\/tags?post=3129"}],"curies":[{"name":"wp","href":"https:\/\/api.w.org\/{rel}","templated":true}]}}