{"id":3142,"date":"2021-08-20T20:08:35","date_gmt":"2021-08-20T23:08:35","guid":{"rendered":"https:\/\/francoadv.com\/daniel-alvarenga\/"},"modified":"2024-10-25T20:31:35","modified_gmt":"2024-10-25T23:31:35","slug":"daniel-alvarenga","status":"publish","type":"page","link":"https:\/\/francoadv.com\/en\/professionals\/daniel-alvarenga\/","title":{"rendered":"Daniel Alvarenga"},"content":{"rendered":"<p><strong>Office:<\/strong><br \/>\nS\u00e3o Paulo.<\/p>\n<p><strong>Areas of performance:<\/strong><br \/>\nBanking Regulation, Financial Transactions, Insurance, Reinsurance, and Contracts.<\/p>\n<p><strong>Academic qualifications:<\/strong><br \/>\nSpecialisation in Fintech Business and Regulation from Harvard University (2019);<br \/>\nPostgraduate in Business Structure and Operations from Funda\u00e7\u00e3o Get\u00falio Vargas \u2013 FGV (2018);<br \/>\nSpecialisation in International Investment Law from King\u2019s College London (2014);<br \/>\nSpecialisation in Insurance and Reinsurance Law from Funda\u00e7\u00e3o Get\u00falio Vargas \u2013 FGV (2016);<br \/>\nSpecialisation in International Law (Distance Learning) from California Southern University (2012);<br \/>\nPostgraduate in Civil Procedure Law from Pontif\u00edcia Universidade Cat\u00f3lica \u2013 PUC SP (2009);<br \/>\nSpecialisation in Copyright Law from Funda\u00e7\u00e3o Get\u00falio Vargas \u2013 FGV (2009);<br \/>\nPostgraduate in Public Law from Faculdade Dam\u00e1sio de Jesus (2004);<br \/>\nLaw Degree from the Law School of Universidade Paulista \u2013 UNIP (2003).<\/p>\n<p><strong>Languages:<\/strong><br \/>\nPortuguese and English.<\/p>\n<p><strong>Professional background:<\/strong><\/p>\n<ul>\n<li style=\"font-weight: 400;\" aria-level=\"1\"><span style=\"font-weight: 400;\">Daniel Alvarenga is a partner at Franco Advogados and head of the financial technology department.<\/span><\/li>\n<li style=\"font-weight: 400;\" aria-level=\"1\"><span style=\"font-weight: 400;\">He is a lawyer with over 20 years of experience in business law and extensive expertise in regulatory matters. He has a broad background in financial technology issues and provides legal advisory services to foreign companies conducting business in Brazil, as well as to Brazilian companies looking to expand abroad.<\/span><\/li>\n<li style=\"font-weight: 400;\" aria-level=\"1\"><span style=\"font-weight: 400;\">In addition to advising fintechs and insurtechs, Daniel Alvarenga offers free mentorship to startups and is a member of the working group at the Central Bank of Brazil for the implementation of Open Banking (Open Financial System) and PIX (Instant Payment System).<\/span><\/li>\n<li style=\"font-weight: 400;\" aria-level=\"1\"><span style=\"font-weight: 400;\">Author of the book <i>\u201cFintechs de Cr\u00e9dito: Regulamenta\u00e7\u00e3o Jur\u00eddica Comentada\u201d<\/i> published by Quartier Latin, and various articles on financial technology topics, including:<\/span><\/li>\n<p><strong><\/strong><br \/>\n<span>For Valor Econ\u00f4mico: <i>\u201cRegulation of Fintechs Promotes Innovation\u201d<\/i>, <i>\u201cCredit Fintech Innovations\u201d<\/i>, <i>\u201cRegulatory Sandbox and Legal Support for Fintechs\u201d<\/i>, and <i>\u201cInsurance Sandbox: An Opportunity to Enhance Competition.\u201d<\/i><br \/>\n<\/span><br \/>\n<span>For Jota Magazine: <i>\u201cPIX \u2013 New Payment System Underway Amid Crisis\u201d<\/i>, <i>\u201cGovernance of Open Banking Brazil and Its Implementation Process\u201d<\/i>, and <i>\u201cChallenges in Implementing Open Banking in Brazil.\u201d<\/i><\/span><\/ul>\n","protected":false},"excerpt":{"rendered":"<p>Office: S\u00e3o Paulo. Areas of performance: Banking Regulation, Financial Transactions, Insurance, Reinsurance, and Contracts. Academic qualifications: Specialisation in Fintech Business and Regulation from Harvard University (2019); Postgraduate in Business Structure and Operations from Funda\u00e7\u00e3o Get\u00falio Vargas \u2013 FGV (2018); Specialisation in International Investment Law from King\u2019s College London (2014); Specialisation in Insurance and Reinsurance Law [&hellip;]<\/p>\n","protected":false},"author":1,"featured_media":2780,"parent":3169,"menu_order":0,"comment_status":"closed","ping_status":"closed","template":"","meta":{"_acf_changed":false,"inline_featured_image":false,"footnotes":""},"categories":[33],"tags":[],"class_list":["post-3142","page","type-page","status-publish","has-post-thumbnail","hentry","category-professionals"],"acf":[],"yoast_head":"<!-- This site is optimized with the Yoast SEO plugin v27.5 - https:\/\/yoast.com\/product\/yoast-seo-wordpress\/ -->\n<title>Daniel Alvarenga - Franco Advogados | S\u00e3o Paulo | Porto Alegre | Bras\u00edlia | Florian\u00f3polis<\/title>\n<meta name=\"robots\" content=\"index, follow, max-snippet:-1, max-image-preview:large, max-video-preview:-1\" \/>\n<link rel=\"canonical\" href=\"https:\/\/francoadv.com\/en\/professionals\/daniel-alvarenga\/\" \/>\n<meta property=\"og:locale\" content=\"en_US\" \/>\n<meta property=\"og:type\" content=\"article\" \/>\n<meta property=\"og:title\" content=\"Daniel Alvarenga - Franco Advogados | S\u00e3o Paulo | Porto Alegre | Bras\u00edlia | Florian\u00f3polis\" \/>\n<meta property=\"og:description\" content=\"Office: S\u00e3o Paulo. Areas of performance: Banking Regulation, Financial Transactions, Insurance, Reinsurance, and Contracts. Academic qualifications: Specialisation in Fintech Business and Regulation from Harvard University (2019); Postgraduate in Business Structure and Operations from Funda\u00e7\u00e3o Get\u00falio Vargas \u2013 FGV (2018); Specialisation in International Investment Law from King\u2019s College London (2014); Specialisation in Insurance and Reinsurance Law [&hellip;]\" \/>\n<meta property=\"og:url\" content=\"https:\/\/francoadv.com\/en\/professionals\/daniel-alvarenga\/\" \/>\n<meta property=\"og:site_name\" content=\"Franco Advogados | S\u00e3o Paulo | Porto Alegre | Bras\u00edlia | Florian\u00f3polis\" \/>\n<meta property=\"article:modified_time\" content=\"2024-10-25T23:31:35+00:00\" \/>\n<meta property=\"og:image\" content=\"https:\/\/francoadv.com\/wp-content\/uploads\/2021\/04\/daniel.png\" \/>\n\t<meta property=\"og:image:width\" content=\"400\" \/>\n\t<meta property=\"og:image:height\" content=\"400\" \/>\n\t<meta property=\"og:image:type\" content=\"image\/png\" \/>\n<meta name=\"twitter:card\" content=\"summary_large_image\" \/>\n<meta name=\"twitter:label1\" content=\"Est. reading time\" \/>\n\t<meta name=\"twitter:data1\" content=\"2 minutes\" \/>\n<script type=\"application\/ld+json\" class=\"yoast-schema-graph\">{\"@context\":\"https:\\\/\\\/schema.org\",\"@graph\":[{\"@type\":\"WebPage\",\"@id\":\"https:\\\/\\\/francoadv.com\\\/en\\\/professionals\\\/daniel-alvarenga\\\/\",\"url\":\"https:\\\/\\\/francoadv.com\\\/en\\\/professionals\\\/daniel-alvarenga\\\/\",\"name\":\"Daniel Alvarenga - Franco Advogados | S\u00e3o Paulo | Porto Alegre | Bras\u00edlia | Florian\u00f3polis\",\"isPartOf\":{\"@id\":\"https:\\\/\\\/francoadv.com\\\/en\\\/#website\"},\"primaryImageOfPage\":{\"@id\":\"https:\\\/\\\/francoadv.com\\\/en\\\/professionals\\\/daniel-alvarenga\\\/#primaryimage\"},\"image\":{\"@id\":\"https:\\\/\\\/francoadv.com\\\/en\\\/professionals\\\/daniel-alvarenga\\\/#primaryimage\"},\"thumbnailUrl\":\"https:\\\/\\\/francoadv.com\\\/wp-content\\\/uploads\\\/2021\\\/04\\\/daniel.png\",\"datePublished\":\"2021-08-20T23:08:35+00:00\",\"dateModified\":\"2024-10-25T23:31:35+00:00\",\"breadcrumb\":{\"@id\":\"https:\\\/\\\/francoadv.com\\\/en\\\/professionals\\\/daniel-alvarenga\\\/#breadcrumb\"},\"inLanguage\":\"en-US\",\"potentialAction\":[{\"@type\":\"ReadAction\",\"target\":[\"https:\\\/\\\/francoadv.com\\\/en\\\/professionals\\\/daniel-alvarenga\\\/\"]}]},{\"@type\":\"ImageObject\",\"inLanguage\":\"en-US\",\"@id\":\"https:\\\/\\\/francoadv.com\\\/en\\\/professionals\\\/daniel-alvarenga\\\/#primaryimage\",\"url\":\"https:\\\/\\\/francoadv.com\\\/wp-content\\\/uploads\\\/2021\\\/04\\\/daniel.png\",\"contentUrl\":\"https:\\\/\\\/francoadv.com\\\/wp-content\\\/uploads\\\/2021\\\/04\\\/daniel.png\",\"width\":400,\"height\":400},{\"@type\":\"BreadcrumbList\",\"@id\":\"https:\\\/\\\/francoadv.com\\\/en\\\/professionals\\\/daniel-alvarenga\\\/#breadcrumb\",\"itemListElement\":[{\"@type\":\"ListItem\",\"position\":1,\"name\":\"Home\",\"item\":\"https:\\\/\\\/francoadv.com\\\/en\\\/\"},{\"@type\":\"ListItem\",\"position\":2,\"name\":\"Professionals\",\"item\":\"https:\\\/\\\/francoadv.com\\\/en\\\/profissionais\\\/\"},{\"@type\":\"ListItem\",\"position\":3,\"name\":\"Daniel Alvarenga\"}]},{\"@type\":\"WebSite\",\"@id\":\"https:\\\/\\\/francoadv.com\\\/en\\\/#website\",\"url\":\"https:\\\/\\\/francoadv.com\\\/en\\\/\",\"name\":\"Franco Advogados | S\u00e3o Paulo | Porto Alegre | Bras\u00edlia | Florian\u00f3polis\",\"description\":\"Franco Advogados Associados, FRANCO ADV, ADVOGADO EM SAO PAULO, PORTO ALEGRE, BRAS\u00cdLIA\",\"publisher\":{\"@id\":\"https:\\\/\\\/francoadv.com\\\/en\\\/#organization\"},\"potentialAction\":[{\"@type\":\"SearchAction\",\"target\":{\"@type\":\"EntryPoint\",\"urlTemplate\":\"https:\\\/\\\/francoadv.com\\\/en\\\/?s={search_term_string}\"},\"query-input\":{\"@type\":\"PropertyValueSpecification\",\"valueRequired\":true,\"valueName\":\"search_term_string\"}}],\"inLanguage\":\"en-US\"},{\"@type\":\"Organization\",\"@id\":\"https:\\\/\\\/francoadv.com\\\/en\\\/#organization\",\"name\":\"Franco Advogados | S\u00e3o Paulo | Porto Alegre | Bras\u00edlia | Florian\u00f3polis\",\"url\":\"https:\\\/\\\/francoadv.com\\\/en\\\/\",\"logo\":{\"@type\":\"ImageObject\",\"inLanguage\":\"en-US\",\"@id\":\"https:\\\/\\\/francoadv.com\\\/en\\\/#\\\/schema\\\/logo\\\/image\\\/\",\"url\":\"https:\\\/\\\/francoadv.com\\\/wp-content\\\/uploads\\\/2020\\\/08\\\/logo-franco.png\",\"contentUrl\":\"https:\\\/\\\/francoadv.com\\\/wp-content\\\/uploads\\\/2020\\\/08\\\/logo-franco.png\",\"width\":230,\"height\":20,\"caption\":\"Franco Advogados  | S\u00e3o Paulo |  Porto Alegre | Bras\u00edlia | Florian\u00f3polis\"},\"image\":{\"@id\":\"https:\\\/\\\/francoadv.com\\\/en\\\/#\\\/schema\\\/logo\\\/image\\\/\"}}]}<\/script>\n<!-- \/ Yoast SEO plugin. -->","yoast_head_json":{"title":"Daniel Alvarenga - Franco Advogados | S\u00e3o Paulo | Porto Alegre | Bras\u00edlia | Florian\u00f3polis","robots":{"index":"index","follow":"follow","max-snippet":"max-snippet:-1","max-image-preview":"max-image-preview:large","max-video-preview":"max-video-preview:-1"},"canonical":"https:\/\/francoadv.com\/en\/professionals\/daniel-alvarenga\/","og_locale":"en_US","og_type":"article","og_title":"Daniel Alvarenga - Franco Advogados | S\u00e3o Paulo | Porto Alegre | Bras\u00edlia | Florian\u00f3polis","og_description":"Office: S\u00e3o Paulo. Areas of performance: Banking Regulation, Financial Transactions, Insurance, Reinsurance, and Contracts. Academic qualifications: Specialisation in Fintech Business and Regulation from Harvard University (2019); Postgraduate in Business Structure and Operations from Funda\u00e7\u00e3o Get\u00falio Vargas \u2013 FGV (2018); Specialisation in International Investment Law from King\u2019s College London (2014); Specialisation in Insurance and Reinsurance Law [&hellip;]","og_url":"https:\/\/francoadv.com\/en\/professionals\/daniel-alvarenga\/","og_site_name":"Franco Advogados | S\u00e3o Paulo | Porto Alegre | Bras\u00edlia | Florian\u00f3polis","article_modified_time":"2024-10-25T23:31:35+00:00","og_image":[{"width":400,"height":400,"url":"https:\/\/francoadv.com\/wp-content\/uploads\/2021\/04\/daniel.png","type":"image\/png"}],"twitter_card":"summary_large_image","twitter_misc":{"Est. reading time":"2 minutes"},"schema":{"@context":"https:\/\/schema.org","@graph":[{"@type":"WebPage","@id":"https:\/\/francoadv.com\/en\/professionals\/daniel-alvarenga\/","url":"https:\/\/francoadv.com\/en\/professionals\/daniel-alvarenga\/","name":"Daniel Alvarenga - Franco Advogados | S\u00e3o Paulo | Porto Alegre | Bras\u00edlia | Florian\u00f3polis","isPartOf":{"@id":"https:\/\/francoadv.com\/en\/#website"},"primaryImageOfPage":{"@id":"https:\/\/francoadv.com\/en\/professionals\/daniel-alvarenga\/#primaryimage"},"image":{"@id":"https:\/\/francoadv.com\/en\/professionals\/daniel-alvarenga\/#primaryimage"},"thumbnailUrl":"https:\/\/francoadv.com\/wp-content\/uploads\/2021\/04\/daniel.png","datePublished":"2021-08-20T23:08:35+00:00","dateModified":"2024-10-25T23:31:35+00:00","breadcrumb":{"@id":"https:\/\/francoadv.com\/en\/professionals\/daniel-alvarenga\/#breadcrumb"},"inLanguage":"en-US","potentialAction":[{"@type":"ReadAction","target":["https:\/\/francoadv.com\/en\/professionals\/daniel-alvarenga\/"]}]},{"@type":"ImageObject","inLanguage":"en-US","@id":"https:\/\/francoadv.com\/en\/professionals\/daniel-alvarenga\/#primaryimage","url":"https:\/\/francoadv.com\/wp-content\/uploads\/2021\/04\/daniel.png","contentUrl":"https:\/\/francoadv.com\/wp-content\/uploads\/2021\/04\/daniel.png","width":400,"height":400},{"@type":"BreadcrumbList","@id":"https:\/\/francoadv.com\/en\/professionals\/daniel-alvarenga\/#breadcrumb","itemListElement":[{"@type":"ListItem","position":1,"name":"Home","item":"https:\/\/francoadv.com\/en\/"},{"@type":"ListItem","position":2,"name":"Professionals","item":"https:\/\/francoadv.com\/en\/profissionais\/"},{"@type":"ListItem","position":3,"name":"Daniel Alvarenga"}]},{"@type":"WebSite","@id":"https:\/\/francoadv.com\/en\/#website","url":"https:\/\/francoadv.com\/en\/","name":"Franco Advogados | S\u00e3o Paulo | Porto Alegre | Bras\u00edlia | Florian\u00f3polis","description":"Franco Advogados Associados, FRANCO ADV, ADVOGADO EM SAO PAULO, PORTO ALEGRE, BRAS\u00cdLIA","publisher":{"@id":"https:\/\/francoadv.com\/en\/#organization"},"potentialAction":[{"@type":"SearchAction","target":{"@type":"EntryPoint","urlTemplate":"https:\/\/francoadv.com\/en\/?s={search_term_string}"},"query-input":{"@type":"PropertyValueSpecification","valueRequired":true,"valueName":"search_term_string"}}],"inLanguage":"en-US"},{"@type":"Organization","@id":"https:\/\/francoadv.com\/en\/#organization","name":"Franco Advogados | S\u00e3o Paulo | Porto Alegre | Bras\u00edlia | Florian\u00f3polis","url":"https:\/\/francoadv.com\/en\/","logo":{"@type":"ImageObject","inLanguage":"en-US","@id":"https:\/\/francoadv.com\/en\/#\/schema\/logo\/image\/","url":"https:\/\/francoadv.com\/wp-content\/uploads\/2020\/08\/logo-franco.png","contentUrl":"https:\/\/francoadv.com\/wp-content\/uploads\/2020\/08\/logo-franco.png","width":230,"height":20,"caption":"Franco Advogados  | S\u00e3o Paulo |  Porto Alegre | Bras\u00edlia | Florian\u00f3polis"},"image":{"@id":"https:\/\/francoadv.com\/en\/#\/schema\/logo\/image\/"}}]}},"_links":{"self":[{"href":"https:\/\/francoadv.com\/en\/wp-json\/wp\/v2\/pages\/3142","targetHints":{"allow":["GET"]}}],"collection":[{"href":"https:\/\/francoadv.com\/en\/wp-json\/wp\/v2\/pages"}],"about":[{"href":"https:\/\/francoadv.com\/en\/wp-json\/wp\/v2\/types\/page"}],"author":[{"embeddable":true,"href":"https:\/\/francoadv.com\/en\/wp-json\/wp\/v2\/users\/1"}],"replies":[{"embeddable":true,"href":"https:\/\/francoadv.com\/en\/wp-json\/wp\/v2\/comments?post=3142"}],"version-history":[{"count":29,"href":"https:\/\/francoadv.com\/en\/wp-json\/wp\/v2\/pages\/3142\/revisions"}],"predecessor-version":[{"id":4945,"href":"https:\/\/francoadv.com\/en\/wp-json\/wp\/v2\/pages\/3142\/revisions\/4945"}],"up":[{"embeddable":true,"href":"https:\/\/francoadv.com\/en\/wp-json\/wp\/v2\/pages\/3169"}],"wp:featuredmedia":[{"embeddable":true,"href":"https:\/\/francoadv.com\/en\/wp-json\/wp\/v2\/media\/2780"}],"wp:attachment":[{"href":"https:\/\/francoadv.com\/en\/wp-json\/wp\/v2\/media?parent=3142"}],"wp:term":[{"taxonomy":"category","embeddable":true,"href":"https:\/\/francoadv.com\/en\/wp-json\/wp\/v2\/categories?post=3142"},{"taxonomy":"post_tag","embeddable":true,"href":"https:\/\/francoadv.com\/en\/wp-json\/wp\/v2\/tags?post=3142"}],"curies":[{"name":"wp","href":"https:\/\/api.w.org\/{rel}","templated":true}]}}