{"id":4282,"date":"2023-01-19T10:27:00","date_gmt":"2023-01-19T13:27:00","guid":{"rendered":"https:\/\/francoadv.com\/?page_id=4282"},"modified":"2024-07-18T12:04:29","modified_gmt":"2024-07-18T15:04:29","slug":"voltaire-marensi","status":"publish","type":"page","link":"https:\/\/francoadv.com\/en\/professionals\/voltaire-marensi\/","title":{"rendered":"Voltaire Marensi"},"content":{"rendered":"\n<p><strong>Office:<\/strong><br>Bras\u00edlia.<\/p>\n\n\n\n<p><strong>Areas of Practice:<\/strong><br>Insurance, Pension Plans, Civil Litigiation, Family.<\/p>\n\n\n\n<p><strong>Academic qualifications:<\/strong><br>Post-Graduation in Family Law at Universidade Candido Mendes (Ucamprominas).<br>Professor at Universidade Federal do Rio Grande do Sul -UFRGS.<br>Bachelor of Law at Universidade Federal do Rio Grande do Sul \u2013 UFGRS (1970).<\/p>\n\n\n\n<p><strong>Languages:<\/strong><br>Portuguese<\/p>\n\n\n\n<p><strong>Professional background:<\/strong><br><\/p>\n\n\n<ul>\n<li>Voltaire Marensi is a consultant of Franco Advogados in insurance and private pension matters.<\/li>\n<li>He has over 47 year professional experience as an attorney and is the author of several articles on insurance and private pension plans. &nbsp;Currently focuses his practice in the Superior Courts. He as a legal consultant of the Ministry of Justice and assistant in the Superior Court of Justice.<\/li>\n<li>He is a retired professor at Universidade Federal do Rio Grande do Sul \u2013 UFRGS.<\/li>\n<li>He is a member of the Editorial Board of the Magister Publisher in the Civil and Civil Litigation Journal.<\/li>\n<li>He is a member of the National Academy of Insurance and Pension in S\u00e3o Paulo \u2013 ANSP, the Brazilian Institute of Family Law \u2013 IBDFAM, the Attorney\u2019s Institute in Distrito Federal and the Attorney\u2019s Institute in Rio Grande do Sul\u2013 IARGS.<\/li>\n<\/ul>\n\n\n<p><\/p>\n\n\n\n<p><\/p>\n\n\n\n<p><\/p>\n","protected":false},"excerpt":{"rendered":"<p>Office:Bras\u00edlia. Areas of Practice:Insurance, Pension Plans, Civil Litigiation, Family. Academic qualifications:Post-Graduation in Family Law at Universidade Candido Mendes (Ucamprominas).Professor at Universidade Federal do Rio Grande do Sul -UFRGS.Bachelor of Law at Universidade Federal do Rio Grande do Sul \u2013 UFGRS (1970). Languages:Portuguese Professional background: Voltaire Marensi is a consultant of Franco Advogados in insurance and [&hellip;]<\/p>\n","protected":false},"author":2,"featured_media":2826,"parent":3169,"menu_order":0,"comment_status":"closed","ping_status":"closed","template":"","meta":{"_acf_changed":false,"inline_featured_image":false,"footnotes":""},"categories":[33],"tags":[],"class_list":["post-4282","page","type-page","status-publish","has-post-thumbnail","hentry","category-professionals"],"acf":[],"yoast_head":"<!-- This site is optimized with the Yoast SEO plugin v27.5 - https:\/\/yoast.com\/product\/yoast-seo-wordpress\/ -->\n<title>Voltaire Marensi - Franco Advogados | S\u00e3o Paulo | Porto Alegre | Bras\u00edlia | Florian\u00f3polis<\/title>\n<meta name=\"robots\" content=\"index, follow, max-snippet:-1, max-image-preview:large, max-video-preview:-1\" \/>\n<link rel=\"canonical\" href=\"https:\/\/francoadv.com\/en\/professionals\/voltaire-marensi\/\" \/>\n<meta property=\"og:locale\" content=\"en_US\" \/>\n<meta property=\"og:type\" content=\"article\" \/>\n<meta property=\"og:title\" content=\"Voltaire Marensi - Franco Advogados | S\u00e3o Paulo | Porto Alegre | Bras\u00edlia | Florian\u00f3polis\" \/>\n<meta property=\"og:description\" content=\"Office:Bras\u00edlia. Areas of Practice:Insurance, Pension Plans, Civil Litigiation, Family. Academic qualifications:Post-Graduation in Family Law at Universidade Candido Mendes (Ucamprominas).Professor at Universidade Federal do Rio Grande do Sul -UFRGS.Bachelor of Law at Universidade Federal do Rio Grande do Sul \u2013 UFGRS (1970). Languages:Portuguese Professional background: Voltaire Marensi is a consultant of Franco Advogados in insurance and [&hellip;]\" \/>\n<meta property=\"og:url\" content=\"https:\/\/francoadv.com\/en\/professionals\/voltaire-marensi\/\" \/>\n<meta property=\"og:site_name\" content=\"Franco Advogados | S\u00e3o Paulo | Porto Alegre | Bras\u00edlia | Florian\u00f3polis\" \/>\n<meta property=\"article:modified_time\" content=\"2024-07-18T15:04:29+00:00\" \/>\n<meta property=\"og:image\" content=\"https:\/\/francoadv.com\/wp-content\/uploads\/2021\/04\/voltaire.png\" \/>\n\t<meta property=\"og:image:width\" content=\"400\" \/>\n\t<meta property=\"og:image:height\" content=\"400\" \/>\n\t<meta property=\"og:image:type\" content=\"image\/png\" \/>\n<meta name=\"twitter:card\" content=\"summary_large_image\" \/>\n<meta name=\"twitter:label1\" content=\"Est. reading time\" \/>\n\t<meta name=\"twitter:data1\" content=\"1 minute\" \/>\n<script type=\"application\/ld+json\" class=\"yoast-schema-graph\">{\"@context\":\"https:\\\/\\\/schema.org\",\"@graph\":[{\"@type\":\"WebPage\",\"@id\":\"https:\\\/\\\/francoadv.com\\\/en\\\/professionals\\\/voltaire-marensi\\\/\",\"url\":\"https:\\\/\\\/francoadv.com\\\/en\\\/professionals\\\/voltaire-marensi\\\/\",\"name\":\"Voltaire Marensi - Franco Advogados | S\u00e3o Paulo | Porto Alegre | Bras\u00edlia | Florian\u00f3polis\",\"isPartOf\":{\"@id\":\"https:\\\/\\\/francoadv.com\\\/en\\\/#website\"},\"primaryImageOfPage\":{\"@id\":\"https:\\\/\\\/francoadv.com\\\/en\\\/professionals\\\/voltaire-marensi\\\/#primaryimage\"},\"image\":{\"@id\":\"https:\\\/\\\/francoadv.com\\\/en\\\/professionals\\\/voltaire-marensi\\\/#primaryimage\"},\"thumbnailUrl\":\"https:\\\/\\\/francoadv.com\\\/wp-content\\\/uploads\\\/2021\\\/04\\\/voltaire.png\",\"datePublished\":\"2023-01-19T13:27:00+00:00\",\"dateModified\":\"2024-07-18T15:04:29+00:00\",\"breadcrumb\":{\"@id\":\"https:\\\/\\\/francoadv.com\\\/en\\\/professionals\\\/voltaire-marensi\\\/#breadcrumb\"},\"inLanguage\":\"en-US\",\"potentialAction\":[{\"@type\":\"ReadAction\",\"target\":[\"https:\\\/\\\/francoadv.com\\\/en\\\/professionals\\\/voltaire-marensi\\\/\"]}]},{\"@type\":\"ImageObject\",\"inLanguage\":\"en-US\",\"@id\":\"https:\\\/\\\/francoadv.com\\\/en\\\/professionals\\\/voltaire-marensi\\\/#primaryimage\",\"url\":\"https:\\\/\\\/francoadv.com\\\/wp-content\\\/uploads\\\/2021\\\/04\\\/voltaire.png\",\"contentUrl\":\"https:\\\/\\\/francoadv.com\\\/wp-content\\\/uploads\\\/2021\\\/04\\\/voltaire.png\",\"width\":400,\"height\":400},{\"@type\":\"BreadcrumbList\",\"@id\":\"https:\\\/\\\/francoadv.com\\\/en\\\/professionals\\\/voltaire-marensi\\\/#breadcrumb\",\"itemListElement\":[{\"@type\":\"ListItem\",\"position\":1,\"name\":\"Home\",\"item\":\"https:\\\/\\\/francoadv.com\\\/en\\\/\"},{\"@type\":\"ListItem\",\"position\":2,\"name\":\"Professionals\",\"item\":\"https:\\\/\\\/francoadv.com\\\/en\\\/profissionais\\\/\"},{\"@type\":\"ListItem\",\"position\":3,\"name\":\"Voltaire Marensi\"}]},{\"@type\":\"WebSite\",\"@id\":\"https:\\\/\\\/francoadv.com\\\/en\\\/#website\",\"url\":\"https:\\\/\\\/francoadv.com\\\/en\\\/\",\"name\":\"Franco Advogados | S\u00e3o Paulo | Porto Alegre | Bras\u00edlia | Florian\u00f3polis\",\"description\":\"Franco Advogados Associados, FRANCO ADV, ADVOGADO EM SAO PAULO, PORTO ALEGRE, BRAS\u00cdLIA\",\"publisher\":{\"@id\":\"https:\\\/\\\/francoadv.com\\\/en\\\/#organization\"},\"potentialAction\":[{\"@type\":\"SearchAction\",\"target\":{\"@type\":\"EntryPoint\",\"urlTemplate\":\"https:\\\/\\\/francoadv.com\\\/en\\\/?s={search_term_string}\"},\"query-input\":{\"@type\":\"PropertyValueSpecification\",\"valueRequired\":true,\"valueName\":\"search_term_string\"}}],\"inLanguage\":\"en-US\"},{\"@type\":\"Organization\",\"@id\":\"https:\\\/\\\/francoadv.com\\\/en\\\/#organization\",\"name\":\"Franco Advogados | S\u00e3o Paulo | Porto Alegre | Bras\u00edlia | Florian\u00f3polis\",\"url\":\"https:\\\/\\\/francoadv.com\\\/en\\\/\",\"logo\":{\"@type\":\"ImageObject\",\"inLanguage\":\"en-US\",\"@id\":\"https:\\\/\\\/francoadv.com\\\/en\\\/#\\\/schema\\\/logo\\\/image\\\/\",\"url\":\"https:\\\/\\\/francoadv.com\\\/wp-content\\\/uploads\\\/2020\\\/08\\\/logo-franco.png\",\"contentUrl\":\"https:\\\/\\\/francoadv.com\\\/wp-content\\\/uploads\\\/2020\\\/08\\\/logo-franco.png\",\"width\":230,\"height\":20,\"caption\":\"Franco Advogados  | S\u00e3o Paulo |  Porto Alegre | Bras\u00edlia | Florian\u00f3polis\"},\"image\":{\"@id\":\"https:\\\/\\\/francoadv.com\\\/en\\\/#\\\/schema\\\/logo\\\/image\\\/\"}}]}<\/script>\n<!-- \/ Yoast SEO plugin. -->","yoast_head_json":{"title":"Voltaire Marensi - Franco Advogados | S\u00e3o Paulo | Porto Alegre | Bras\u00edlia | Florian\u00f3polis","robots":{"index":"index","follow":"follow","max-snippet":"max-snippet:-1","max-image-preview":"max-image-preview:large","max-video-preview":"max-video-preview:-1"},"canonical":"https:\/\/francoadv.com\/en\/professionals\/voltaire-marensi\/","og_locale":"en_US","og_type":"article","og_title":"Voltaire Marensi - Franco Advogados | S\u00e3o Paulo | Porto Alegre | Bras\u00edlia | Florian\u00f3polis","og_description":"Office:Bras\u00edlia. Areas of Practice:Insurance, Pension Plans, Civil Litigiation, Family. Academic qualifications:Post-Graduation in Family Law at Universidade Candido Mendes (Ucamprominas).Professor at Universidade Federal do Rio Grande do Sul -UFRGS.Bachelor of Law at Universidade Federal do Rio Grande do Sul \u2013 UFGRS (1970). Languages:Portuguese Professional background: Voltaire Marensi is a consultant of Franco Advogados in insurance and [&hellip;]","og_url":"https:\/\/francoadv.com\/en\/professionals\/voltaire-marensi\/","og_site_name":"Franco Advogados | S\u00e3o Paulo | Porto Alegre | Bras\u00edlia | Florian\u00f3polis","article_modified_time":"2024-07-18T15:04:29+00:00","og_image":[{"width":400,"height":400,"url":"https:\/\/francoadv.com\/wp-content\/uploads\/2021\/04\/voltaire.png","type":"image\/png"}],"twitter_card":"summary_large_image","twitter_misc":{"Est. reading time":"1 minute"},"schema":{"@context":"https:\/\/schema.org","@graph":[{"@type":"WebPage","@id":"https:\/\/francoadv.com\/en\/professionals\/voltaire-marensi\/","url":"https:\/\/francoadv.com\/en\/professionals\/voltaire-marensi\/","name":"Voltaire Marensi - Franco Advogados | S\u00e3o Paulo | Porto Alegre | Bras\u00edlia | Florian\u00f3polis","isPartOf":{"@id":"https:\/\/francoadv.com\/en\/#website"},"primaryImageOfPage":{"@id":"https:\/\/francoadv.com\/en\/professionals\/voltaire-marensi\/#primaryimage"},"image":{"@id":"https:\/\/francoadv.com\/en\/professionals\/voltaire-marensi\/#primaryimage"},"thumbnailUrl":"https:\/\/francoadv.com\/wp-content\/uploads\/2021\/04\/voltaire.png","datePublished":"2023-01-19T13:27:00+00:00","dateModified":"2024-07-18T15:04:29+00:00","breadcrumb":{"@id":"https:\/\/francoadv.com\/en\/professionals\/voltaire-marensi\/#breadcrumb"},"inLanguage":"en-US","potentialAction":[{"@type":"ReadAction","target":["https:\/\/francoadv.com\/en\/professionals\/voltaire-marensi\/"]}]},{"@type":"ImageObject","inLanguage":"en-US","@id":"https:\/\/francoadv.com\/en\/professionals\/voltaire-marensi\/#primaryimage","url":"https:\/\/francoadv.com\/wp-content\/uploads\/2021\/04\/voltaire.png","contentUrl":"https:\/\/francoadv.com\/wp-content\/uploads\/2021\/04\/voltaire.png","width":400,"height":400},{"@type":"BreadcrumbList","@id":"https:\/\/francoadv.com\/en\/professionals\/voltaire-marensi\/#breadcrumb","itemListElement":[{"@type":"ListItem","position":1,"name":"Home","item":"https:\/\/francoadv.com\/en\/"},{"@type":"ListItem","position":2,"name":"Professionals","item":"https:\/\/francoadv.com\/en\/profissionais\/"},{"@type":"ListItem","position":3,"name":"Voltaire Marensi"}]},{"@type":"WebSite","@id":"https:\/\/francoadv.com\/en\/#website","url":"https:\/\/francoadv.com\/en\/","name":"Franco Advogados | S\u00e3o Paulo | Porto Alegre | Bras\u00edlia | Florian\u00f3polis","description":"Franco Advogados Associados, FRANCO ADV, ADVOGADO EM SAO PAULO, PORTO ALEGRE, BRAS\u00cdLIA","publisher":{"@id":"https:\/\/francoadv.com\/en\/#organization"},"potentialAction":[{"@type":"SearchAction","target":{"@type":"EntryPoint","urlTemplate":"https:\/\/francoadv.com\/en\/?s={search_term_string}"},"query-input":{"@type":"PropertyValueSpecification","valueRequired":true,"valueName":"search_term_string"}}],"inLanguage":"en-US"},{"@type":"Organization","@id":"https:\/\/francoadv.com\/en\/#organization","name":"Franco Advogados | S\u00e3o Paulo | Porto Alegre | Bras\u00edlia | Florian\u00f3polis","url":"https:\/\/francoadv.com\/en\/","logo":{"@type":"ImageObject","inLanguage":"en-US","@id":"https:\/\/francoadv.com\/en\/#\/schema\/logo\/image\/","url":"https:\/\/francoadv.com\/wp-content\/uploads\/2020\/08\/logo-franco.png","contentUrl":"https:\/\/francoadv.com\/wp-content\/uploads\/2020\/08\/logo-franco.png","width":230,"height":20,"caption":"Franco Advogados  | S\u00e3o Paulo |  Porto Alegre | Bras\u00edlia | Florian\u00f3polis"},"image":{"@id":"https:\/\/francoadv.com\/en\/#\/schema\/logo\/image\/"}}]}},"_links":{"self":[{"href":"https:\/\/francoadv.com\/en\/wp-json\/wp\/v2\/pages\/4282","targetHints":{"allow":["GET"]}}],"collection":[{"href":"https:\/\/francoadv.com\/en\/wp-json\/wp\/v2\/pages"}],"about":[{"href":"https:\/\/francoadv.com\/en\/wp-json\/wp\/v2\/types\/page"}],"author":[{"embeddable":true,"href":"https:\/\/francoadv.com\/en\/wp-json\/wp\/v2\/users\/2"}],"replies":[{"embeddable":true,"href":"https:\/\/francoadv.com\/en\/wp-json\/wp\/v2\/comments?post=4282"}],"version-history":[{"count":22,"href":"https:\/\/francoadv.com\/en\/wp-json\/wp\/v2\/pages\/4282\/revisions"}],"predecessor-version":[{"id":4768,"href":"https:\/\/francoadv.com\/en\/wp-json\/wp\/v2\/pages\/4282\/revisions\/4768"}],"up":[{"embeddable":true,"href":"https:\/\/francoadv.com\/en\/wp-json\/wp\/v2\/pages\/3169"}],"wp:featuredmedia":[{"embeddable":true,"href":"https:\/\/francoadv.com\/en\/wp-json\/wp\/v2\/media\/2826"}],"wp:attachment":[{"href":"https:\/\/francoadv.com\/en\/wp-json\/wp\/v2\/media?parent=4282"}],"wp:term":[{"taxonomy":"category","embeddable":true,"href":"https:\/\/francoadv.com\/en\/wp-json\/wp\/v2\/categories?post=4282"},{"taxonomy":"post_tag","embeddable":true,"href":"https:\/\/francoadv.com\/en\/wp-json\/wp\/v2\/tags?post=4282"}],"curies":[{"name":"wp","href":"https:\/\/api.w.org\/{rel}","templated":true}]}}