{"id":4331,"date":"2021-08-20T20:07:00","date_gmt":"2021-08-20T23:07:00","guid":{"rendered":"https:\/\/francoadv.com\/?page_id=4331"},"modified":"2024-11-29T20:31:37","modified_gmt":"2024-11-29T23:31:37","slug":"chiavelli-falavigno","status":"publish","type":"page","link":"https:\/\/francoadv.com\/en\/professionals\/chiavelli-falavigno\/","title":{"rendered":"Chiavelli Falavigno"},"content":{"rendered":"<p><strong>Office:<\/strong><br \/>\nFlorian\u00f3polis.<\/p>\n<p><strong>Areas of perfomance:<\/strong><br \/>\nChiavelli is a partner consultant at Franco Advogados, acting exclusively as an opinion writer, adding the expertise of the cases in which she has acted in the major capitals with the solidity of the scientific knowledge acquired in the area, especially in Economic Criminal Law, Environmental Criminal Law, Intersections between Criminal Law and Administrative Sanctioning Law, Criminal Compliance.<\/p>\n<p><strong>Academic qualifications:<\/strong><br \/>\nPost-Doctoral Internship in Criminal Legislative Policy at the Universidade de M\u00e1laga;<br \/>\nPhD in Criminal Law from the Universidade de S\u00e3o Paulo &#8211; USP, with a research period at the Universidade de Hamburgo;<br \/>\nMaster&#8217;s Degree in Criminal Sciences at the Pontif\u00edcia Universidade Cat\u00f3lica \u2013 PUC (2015);<br \/>\nLaw degree from the Universidade Federal do Rio Grande do Sul \u2013 UFRGS (2012).<\/p>\n<p><strong>Languages:<br \/>\n<\/strong>Portuguese, English, Spanish and German.<\/p>\n<p><strong>Professional background:<\/strong><\/p>\n<ul>\n<li style=\"font-weight: 400;\" aria-level=\"1\"><span style=\"font-weight: 400;\">Chiavelli Facenda Falavigno specializes in Economic and Environmental Criminal Law, having worked at law firms in Porto Alegre and S\u00e3o Paulo. She currently provides legal advice to companies, acting exclusively as a legal advisor.<\/span><\/li>\n<li style=\"font-weight: 400;\" aria-level=\"1\"><span style=\"font-weight: 400;\">With a distinguished national and international academic record, she works primarily with preventive analysis of the risk of criminal liability, especially in cases involving acts committed by legal entities or concerning economic or environmental activities.<\/span><\/li>\n<li style=\"font-weight: 400;\" aria-level=\"1\"><span style=\"font-weight: 400;\">She is a visiting researcher at Instituto Max Planck for Foreign Criminal Law in Freiburg and at Faculdade de Direito de Coimbra. Research fellow at Funda\u00e7\u00e3o Get\u00falio Vargas, S\u00e3o Paulo, in 2018.<\/span><\/li>\n<li style=\"font-weight: 400;\" aria-level=\"1\"><span style=\"font-weight: 400;\">State coordinator at Instituto Brasileiro de Ci\u00eancias Criminais em Santa Catarina.<\/span><\/li>\n<li style=\"font-weight: 400;\" aria-level=\"1\"><span style=\"font-weight: 400;\">Adjunct Professor of Criminal Law and Procedure at Universidade Federal de Santa Catarina. Guest lecturer in lato sensu postgraduate programs in Rio Grande do Sul, Santa Catarina, Paran\u00e1, S\u00e3o Paulo (INSPER) and Maranh\u00e3o. Guest speaker at national and international events.<\/span><\/li>\n<li style=\"font-weight: 400;\" aria-level=\"1\"><span style=\"font-weight: 400;\">Coordinator of the Economic Criminal Law Study Group at UFSC and UNIVALI.<\/span><\/li>\n<li style=\"font-weight: 400;\" aria-level=\"1\"><span style=\"font-weight: 400;\">Coordinator of the EMAIS Publishing Collection of books on Criminal Dogmatics (launch in 2021).<\/span><\/li>\n<\/ul>\n<p><b>Publications:<br \/>\n<\/b><span style=\"font-weight: 400;\">FACENDA FALAVIGNO, Chiavelli. Interpreta\u00e7\u00e3o Judicial criativa pro Reo em Direito Penal. Editora N\u00faris Fabris, 2015.<\/span><\/p>\n<p><span style=\"font-weight: 400;\">FACENDA FALAVIGNO, Chiavelli. A Deslegaliza\u00e7\u00e3o do Direito Penal. Editora Emais, 2020<\/span><\/p>\n","protected":false},"excerpt":{"rendered":"<p>Office: Florian\u00f3polis. Areas of perfomance: Chiavelli is a partner consultant at Franco Advogados, acting exclusively as an opinion writer, adding the expertise of the cases in which she has acted in the major capitals with the solidity of the scientific knowledge acquired in the area, especially in Economic Criminal Law, Environmental Criminal Law, Intersections between [&hellip;]<\/p>\n","protected":false},"author":2,"featured_media":4138,"parent":3169,"menu_order":0,"comment_status":"closed","ping_status":"closed","template":"","meta":{"_acf_changed":false,"inline_featured_image":false,"footnotes":""},"categories":[33],"tags":[],"class_list":["post-4331","page","type-page","status-publish","has-post-thumbnail","hentry","category-professionals"],"acf":[],"yoast_head":"<!-- This site is optimized with the Yoast SEO plugin v27.5 - https:\/\/yoast.com\/product\/yoast-seo-wordpress\/ -->\n<title>Chiavelli Falavigno - Franco Advogados | S\u00e3o Paulo | Porto Alegre | Bras\u00edlia | Florian\u00f3polis<\/title>\n<meta name=\"robots\" content=\"index, follow, max-snippet:-1, max-image-preview:large, max-video-preview:-1\" \/>\n<link rel=\"canonical\" href=\"https:\/\/francoadv.com\/en\/professionals\/chiavelli-falavigno\/\" \/>\n<meta property=\"og:locale\" content=\"en_US\" \/>\n<meta property=\"og:type\" content=\"article\" \/>\n<meta property=\"og:title\" content=\"Chiavelli Falavigno - Franco Advogados | S\u00e3o Paulo | Porto Alegre | Bras\u00edlia | Florian\u00f3polis\" \/>\n<meta property=\"og:description\" content=\"Office: Florian\u00f3polis. Areas of perfomance: Chiavelli is a partner consultant at Franco Advogados, acting exclusively as an opinion writer, adding the expertise of the cases in which she has acted in the major capitals with the solidity of the scientific knowledge acquired in the area, especially in Economic Criminal Law, Environmental Criminal Law, Intersections between [&hellip;]\" \/>\n<meta property=\"og:url\" content=\"https:\/\/francoadv.com\/en\/professionals\/chiavelli-falavigno\/\" \/>\n<meta property=\"og:site_name\" content=\"Franco Advogados | S\u00e3o Paulo | Porto Alegre | Bras\u00edlia | Florian\u00f3polis\" \/>\n<meta property=\"article:modified_time\" content=\"2024-11-29T23:31:37+00:00\" \/>\n<meta property=\"og:image\" content=\"https:\/\/francoadv.com\/wp-content\/uploads\/2022\/05\/chiavelli.png\" \/>\n\t<meta property=\"og:image:width\" content=\"400\" \/>\n\t<meta property=\"og:image:height\" content=\"400\" \/>\n\t<meta property=\"og:image:type\" content=\"image\/png\" \/>\n<meta name=\"twitter:card\" content=\"summary_large_image\" \/>\n<meta name=\"twitter:label1\" content=\"Est. reading time\" \/>\n\t<meta name=\"twitter:data1\" content=\"2 minutes\" \/>\n<script type=\"application\/ld+json\" class=\"yoast-schema-graph\">{\"@context\":\"https:\\\/\\\/schema.org\",\"@graph\":[{\"@type\":\"WebPage\",\"@id\":\"https:\\\/\\\/francoadv.com\\\/en\\\/professionals\\\/chiavelli-falavigno\\\/\",\"url\":\"https:\\\/\\\/francoadv.com\\\/en\\\/professionals\\\/chiavelli-falavigno\\\/\",\"name\":\"Chiavelli Falavigno - Franco Advogados | S\u00e3o Paulo | Porto Alegre | Bras\u00edlia | Florian\u00f3polis\",\"isPartOf\":{\"@id\":\"https:\\\/\\\/francoadv.com\\\/en\\\/#website\"},\"primaryImageOfPage\":{\"@id\":\"https:\\\/\\\/francoadv.com\\\/en\\\/professionals\\\/chiavelli-falavigno\\\/#primaryimage\"},\"image\":{\"@id\":\"https:\\\/\\\/francoadv.com\\\/en\\\/professionals\\\/chiavelli-falavigno\\\/#primaryimage\"},\"thumbnailUrl\":\"https:\\\/\\\/francoadv.com\\\/wp-content\\\/uploads\\\/2022\\\/05\\\/chiavelli.png\",\"datePublished\":\"2021-08-20T23:07:00+00:00\",\"dateModified\":\"2024-11-29T23:31:37+00:00\",\"breadcrumb\":{\"@id\":\"https:\\\/\\\/francoadv.com\\\/en\\\/professionals\\\/chiavelli-falavigno\\\/#breadcrumb\"},\"inLanguage\":\"en-US\",\"potentialAction\":[{\"@type\":\"ReadAction\",\"target\":[\"https:\\\/\\\/francoadv.com\\\/en\\\/professionals\\\/chiavelli-falavigno\\\/\"]}]},{\"@type\":\"ImageObject\",\"inLanguage\":\"en-US\",\"@id\":\"https:\\\/\\\/francoadv.com\\\/en\\\/professionals\\\/chiavelli-falavigno\\\/#primaryimage\",\"url\":\"https:\\\/\\\/francoadv.com\\\/wp-content\\\/uploads\\\/2022\\\/05\\\/chiavelli.png\",\"contentUrl\":\"https:\\\/\\\/francoadv.com\\\/wp-content\\\/uploads\\\/2022\\\/05\\\/chiavelli.png\",\"width\":400,\"height\":400},{\"@type\":\"BreadcrumbList\",\"@id\":\"https:\\\/\\\/francoadv.com\\\/en\\\/professionals\\\/chiavelli-falavigno\\\/#breadcrumb\",\"itemListElement\":[{\"@type\":\"ListItem\",\"position\":1,\"name\":\"Home\",\"item\":\"https:\\\/\\\/francoadv.com\\\/en\\\/\"},{\"@type\":\"ListItem\",\"position\":2,\"name\":\"Professionals\",\"item\":\"https:\\\/\\\/francoadv.com\\\/en\\\/profissionais\\\/\"},{\"@type\":\"ListItem\",\"position\":3,\"name\":\"Chiavelli Falavigno\"}]},{\"@type\":\"WebSite\",\"@id\":\"https:\\\/\\\/francoadv.com\\\/en\\\/#website\",\"url\":\"https:\\\/\\\/francoadv.com\\\/en\\\/\",\"name\":\"Franco Advogados | S\u00e3o Paulo | Porto Alegre | Bras\u00edlia | Florian\u00f3polis\",\"description\":\"Franco Advogados Associados, FRANCO ADV, ADVOGADO EM SAO PAULO, PORTO ALEGRE, BRAS\u00cdLIA\",\"publisher\":{\"@id\":\"https:\\\/\\\/francoadv.com\\\/en\\\/#organization\"},\"potentialAction\":[{\"@type\":\"SearchAction\",\"target\":{\"@type\":\"EntryPoint\",\"urlTemplate\":\"https:\\\/\\\/francoadv.com\\\/en\\\/?s={search_term_string}\"},\"query-input\":{\"@type\":\"PropertyValueSpecification\",\"valueRequired\":true,\"valueName\":\"search_term_string\"}}],\"inLanguage\":\"en-US\"},{\"@type\":\"Organization\",\"@id\":\"https:\\\/\\\/francoadv.com\\\/en\\\/#organization\",\"name\":\"Franco Advogados | S\u00e3o Paulo | Porto Alegre | Bras\u00edlia | Florian\u00f3polis\",\"url\":\"https:\\\/\\\/francoadv.com\\\/en\\\/\",\"logo\":{\"@type\":\"ImageObject\",\"inLanguage\":\"en-US\",\"@id\":\"https:\\\/\\\/francoadv.com\\\/en\\\/#\\\/schema\\\/logo\\\/image\\\/\",\"url\":\"https:\\\/\\\/francoadv.com\\\/wp-content\\\/uploads\\\/2020\\\/08\\\/logo-franco.png\",\"contentUrl\":\"https:\\\/\\\/francoadv.com\\\/wp-content\\\/uploads\\\/2020\\\/08\\\/logo-franco.png\",\"width\":230,\"height\":20,\"caption\":\"Franco Advogados  | S\u00e3o Paulo |  Porto Alegre | Bras\u00edlia | Florian\u00f3polis\"},\"image\":{\"@id\":\"https:\\\/\\\/francoadv.com\\\/en\\\/#\\\/schema\\\/logo\\\/image\\\/\"}}]}<\/script>\n<!-- \/ Yoast SEO plugin. -->","yoast_head_json":{"title":"Chiavelli Falavigno - Franco Advogados | S\u00e3o Paulo | Porto Alegre | Bras\u00edlia | Florian\u00f3polis","robots":{"index":"index","follow":"follow","max-snippet":"max-snippet:-1","max-image-preview":"max-image-preview:large","max-video-preview":"max-video-preview:-1"},"canonical":"https:\/\/francoadv.com\/en\/professionals\/chiavelli-falavigno\/","og_locale":"en_US","og_type":"article","og_title":"Chiavelli Falavigno - Franco Advogados | S\u00e3o Paulo | Porto Alegre | Bras\u00edlia | Florian\u00f3polis","og_description":"Office: Florian\u00f3polis. Areas of perfomance: Chiavelli is a partner consultant at Franco Advogados, acting exclusively as an opinion writer, adding the expertise of the cases in which she has acted in the major capitals with the solidity of the scientific knowledge acquired in the area, especially in Economic Criminal Law, Environmental Criminal Law, Intersections between [&hellip;]","og_url":"https:\/\/francoadv.com\/en\/professionals\/chiavelli-falavigno\/","og_site_name":"Franco Advogados | S\u00e3o Paulo | Porto Alegre | Bras\u00edlia | Florian\u00f3polis","article_modified_time":"2024-11-29T23:31:37+00:00","og_image":[{"width":400,"height":400,"url":"https:\/\/francoadv.com\/wp-content\/uploads\/2022\/05\/chiavelli.png","type":"image\/png"}],"twitter_card":"summary_large_image","twitter_misc":{"Est. reading time":"2 minutes"},"schema":{"@context":"https:\/\/schema.org","@graph":[{"@type":"WebPage","@id":"https:\/\/francoadv.com\/en\/professionals\/chiavelli-falavigno\/","url":"https:\/\/francoadv.com\/en\/professionals\/chiavelli-falavigno\/","name":"Chiavelli Falavigno - Franco Advogados | S\u00e3o Paulo | Porto Alegre | Bras\u00edlia | Florian\u00f3polis","isPartOf":{"@id":"https:\/\/francoadv.com\/en\/#website"},"primaryImageOfPage":{"@id":"https:\/\/francoadv.com\/en\/professionals\/chiavelli-falavigno\/#primaryimage"},"image":{"@id":"https:\/\/francoadv.com\/en\/professionals\/chiavelli-falavigno\/#primaryimage"},"thumbnailUrl":"https:\/\/francoadv.com\/wp-content\/uploads\/2022\/05\/chiavelli.png","datePublished":"2021-08-20T23:07:00+00:00","dateModified":"2024-11-29T23:31:37+00:00","breadcrumb":{"@id":"https:\/\/francoadv.com\/en\/professionals\/chiavelli-falavigno\/#breadcrumb"},"inLanguage":"en-US","potentialAction":[{"@type":"ReadAction","target":["https:\/\/francoadv.com\/en\/professionals\/chiavelli-falavigno\/"]}]},{"@type":"ImageObject","inLanguage":"en-US","@id":"https:\/\/francoadv.com\/en\/professionals\/chiavelli-falavigno\/#primaryimage","url":"https:\/\/francoadv.com\/wp-content\/uploads\/2022\/05\/chiavelli.png","contentUrl":"https:\/\/francoadv.com\/wp-content\/uploads\/2022\/05\/chiavelli.png","width":400,"height":400},{"@type":"BreadcrumbList","@id":"https:\/\/francoadv.com\/en\/professionals\/chiavelli-falavigno\/#breadcrumb","itemListElement":[{"@type":"ListItem","position":1,"name":"Home","item":"https:\/\/francoadv.com\/en\/"},{"@type":"ListItem","position":2,"name":"Professionals","item":"https:\/\/francoadv.com\/en\/profissionais\/"},{"@type":"ListItem","position":3,"name":"Chiavelli Falavigno"}]},{"@type":"WebSite","@id":"https:\/\/francoadv.com\/en\/#website","url":"https:\/\/francoadv.com\/en\/","name":"Franco Advogados | S\u00e3o Paulo | Porto Alegre | Bras\u00edlia | Florian\u00f3polis","description":"Franco Advogados Associados, FRANCO ADV, ADVOGADO EM SAO PAULO, PORTO ALEGRE, BRAS\u00cdLIA","publisher":{"@id":"https:\/\/francoadv.com\/en\/#organization"},"potentialAction":[{"@type":"SearchAction","target":{"@type":"EntryPoint","urlTemplate":"https:\/\/francoadv.com\/en\/?s={search_term_string}"},"query-input":{"@type":"PropertyValueSpecification","valueRequired":true,"valueName":"search_term_string"}}],"inLanguage":"en-US"},{"@type":"Organization","@id":"https:\/\/francoadv.com\/en\/#organization","name":"Franco Advogados | S\u00e3o Paulo | Porto Alegre | Bras\u00edlia | Florian\u00f3polis","url":"https:\/\/francoadv.com\/en\/","logo":{"@type":"ImageObject","inLanguage":"en-US","@id":"https:\/\/francoadv.com\/en\/#\/schema\/logo\/image\/","url":"https:\/\/francoadv.com\/wp-content\/uploads\/2020\/08\/logo-franco.png","contentUrl":"https:\/\/francoadv.com\/wp-content\/uploads\/2020\/08\/logo-franco.png","width":230,"height":20,"caption":"Franco Advogados  | S\u00e3o Paulo |  Porto Alegre | Bras\u00edlia | Florian\u00f3polis"},"image":{"@id":"https:\/\/francoadv.com\/en\/#\/schema\/logo\/image\/"}}]}},"_links":{"self":[{"href":"https:\/\/francoadv.com\/en\/wp-json\/wp\/v2\/pages\/4331","targetHints":{"allow":["GET"]}}],"collection":[{"href":"https:\/\/francoadv.com\/en\/wp-json\/wp\/v2\/pages"}],"about":[{"href":"https:\/\/francoadv.com\/en\/wp-json\/wp\/v2\/types\/page"}],"author":[{"embeddable":true,"href":"https:\/\/francoadv.com\/en\/wp-json\/wp\/v2\/users\/2"}],"replies":[{"embeddable":true,"href":"https:\/\/francoadv.com\/en\/wp-json\/wp\/v2\/comments?post=4331"}],"version-history":[{"count":21,"href":"https:\/\/francoadv.com\/en\/wp-json\/wp\/v2\/pages\/4331\/revisions"}],"predecessor-version":[{"id":5141,"href":"https:\/\/francoadv.com\/en\/wp-json\/wp\/v2\/pages\/4331\/revisions\/5141"}],"up":[{"embeddable":true,"href":"https:\/\/francoadv.com\/en\/wp-json\/wp\/v2\/pages\/3169"}],"wp:featuredmedia":[{"embeddable":true,"href":"https:\/\/francoadv.com\/en\/wp-json\/wp\/v2\/media\/4138"}],"wp:attachment":[{"href":"https:\/\/francoadv.com\/en\/wp-json\/wp\/v2\/media?parent=4331"}],"wp:term":[{"taxonomy":"category","embeddable":true,"href":"https:\/\/francoadv.com\/en\/wp-json\/wp\/v2\/categories?post=4331"},{"taxonomy":"post_tag","embeddable":true,"href":"https:\/\/francoadv.com\/en\/wp-json\/wp\/v2\/tags?post=4331"}],"curies":[{"name":"wp","href":"https:\/\/api.w.org\/{rel}","templated":true}]}}