{"id":4639,"date":"2021-08-20T19:35:00","date_gmt":"2021-08-20T22:35:00","guid":{"rendered":"https:\/\/francoadv.com\/?page_id=4639"},"modified":"2025-09-09T15:56:59","modified_gmt":"2025-09-09T18:56:59","slug":"felipe-noleto-dos-santos","status":"publish","type":"page","link":"https:\/\/francoadv.com\/en\/professionals\/felipe-noleto-dos-santos\/","title":{"rendered":"Felipe Noleto dos Santos"},"content":{"rendered":"<p><strong>Office:<br \/>\n<\/strong>S\u00e3o Paulo.<\/p>\n<p><strong>Areas of performance:<br \/>\n<\/strong>Corporate, Contracts, Corporate Governance and Compliance.<\/p>\n<p><strong>Academic qualifications:<\/strong><br \/>\nMBA in Business Management at Funda\u00e7\u00e3o Get\u00falio Vargas &#8211; FGV (2024);<br \/>\nPost MBA in Compliance and Corporate Governance at Funda\u00e7\u00e3o Get\u00falio Vargas &#8211; FGV (2018);<br \/>\nLLM in Corporate Law at IBMEC-RJ (2012);<br \/>\nGraduated in Law at Pontif\u00edcia Universidade Cat\u00f3lica &#8211; PUC GO (2007).<\/p>\n<p><strong>Languages:<\/strong><br \/>\nPortuguese, English and Italian.<br \/>\n<strong><br \/>\nProfessional background:<\/strong><\/p>\n<ul>\n<li style=\"font-weight: 400;\" aria-level=\"1\"><span style=\"font-weight: 400;\">17 years of solid experience in medium and large companies and law firms, with an emphasis on legal management, compliance and corporate governance. Working in the Energy, Health, Telecom, Civil Construction sectors, in family and limited capital companies and privately held S\/A;<\/span><\/li>\n<li style=\"font-weight: 400;\" aria-level=\"1\"><span style=\"font-weight: 400;\">Worked as a partner in large offices in the Central \u2013 West Region;<\/span><\/li>\n<li style=\"font-weight: 400;\" aria-level=\"1\"><span style=\"font-weight: 400;\">Worked as a Legal Manager for the last 8 years, in national and multinational family companies (public limited companies).<\/span><\/li>\n<li style=\"font-weight: 400;\" aria-level=\"1\"><span style=\"font-weight: 400;\">Outstanding experience in complex business structuring.<\/span><\/li>\n<\/ul>\n","protected":false},"excerpt":{"rendered":"<p>Office: S\u00e3o Paulo. Areas of performance: Corporate, Contracts, Corporate Governance and Compliance. Academic qualifications: MBA in Business Management at Funda\u00e7\u00e3o Get\u00falio Vargas &#8211; FGV (2024); Post MBA in Compliance and Corporate Governance at Funda\u00e7\u00e3o Get\u00falio Vargas &#8211; FGV (2018); LLM in Corporate Law at IBMEC-RJ (2012); Graduated in Law at Pontif\u00edcia Universidade Cat\u00f3lica &#8211; PUC [&hellip;]<\/p>\n","protected":false},"author":2,"featured_media":5498,"parent":3169,"menu_order":0,"comment_status":"closed","ping_status":"closed","template":"","meta":{"_acf_changed":false,"inline_featured_image":false,"footnotes":""},"categories":[33],"tags":[],"class_list":["post-4639","page","type-page","status-publish","has-post-thumbnail","hentry","category-professionals"],"acf":[],"yoast_head":"<!-- This site is optimized with the Yoast SEO plugin v27.5 - https:\/\/yoast.com\/product\/yoast-seo-wordpress\/ -->\n<title>Felipe Noleto dos Santos - Franco Advogados | S\u00e3o Paulo | Porto Alegre | Bras\u00edlia | Florian\u00f3polis<\/title>\n<meta name=\"robots\" content=\"index, follow, max-snippet:-1, max-image-preview:large, max-video-preview:-1\" \/>\n<link rel=\"canonical\" href=\"https:\/\/francoadv.com\/en\/professionals\/felipe-noleto-dos-santos\/\" \/>\n<meta property=\"og:locale\" content=\"en_US\" \/>\n<meta property=\"og:type\" content=\"article\" \/>\n<meta property=\"og:title\" content=\"Felipe Noleto dos Santos - Franco Advogados | S\u00e3o Paulo | Porto Alegre | Bras\u00edlia | Florian\u00f3polis\" \/>\n<meta property=\"og:description\" content=\"Office: S\u00e3o Paulo. Areas of performance: Corporate, Contracts, Corporate Governance and Compliance. Academic qualifications: MBA in Business Management at Funda\u00e7\u00e3o Get\u00falio Vargas &#8211; FGV (2024); Post MBA in Compliance and Corporate Governance at Funda\u00e7\u00e3o Get\u00falio Vargas &#8211; FGV (2018); LLM in Corporate Law at IBMEC-RJ (2012); Graduated in Law at Pontif\u00edcia Universidade Cat\u00f3lica &#8211; PUC [&hellip;]\" \/>\n<meta property=\"og:url\" content=\"https:\/\/francoadv.com\/en\/professionals\/felipe-noleto-dos-santos\/\" \/>\n<meta property=\"og:site_name\" content=\"Franco Advogados | S\u00e3o Paulo | Porto Alegre | Bras\u00edlia | Florian\u00f3polis\" \/>\n<meta property=\"article:modified_time\" content=\"2025-09-09T18:56:59+00:00\" \/>\n<meta property=\"og:image\" content=\"https:\/\/francoadv.com\/wp-content\/uploads\/2025\/09\/felipen.png\" \/>\n\t<meta property=\"og:image:width\" content=\"400\" \/>\n\t<meta property=\"og:image:height\" content=\"400\" \/>\n\t<meta property=\"og:image:type\" content=\"image\/png\" \/>\n<meta name=\"twitter:card\" content=\"summary_large_image\" \/>\n<meta name=\"twitter:label1\" content=\"Est. reading time\" \/>\n\t<meta name=\"twitter:data1\" content=\"1 minute\" \/>\n<script type=\"application\/ld+json\" class=\"yoast-schema-graph\">{\"@context\":\"https:\\\/\\\/schema.org\",\"@graph\":[{\"@type\":\"WebPage\",\"@id\":\"https:\\\/\\\/francoadv.com\\\/en\\\/professionals\\\/felipe-noleto-dos-santos\\\/\",\"url\":\"https:\\\/\\\/francoadv.com\\\/en\\\/professionals\\\/felipe-noleto-dos-santos\\\/\",\"name\":\"Felipe Noleto dos Santos - Franco Advogados | S\u00e3o Paulo | Porto Alegre | Bras\u00edlia | Florian\u00f3polis\",\"isPartOf\":{\"@id\":\"https:\\\/\\\/francoadv.com\\\/en\\\/#website\"},\"primaryImageOfPage\":{\"@id\":\"https:\\\/\\\/francoadv.com\\\/en\\\/professionals\\\/felipe-noleto-dos-santos\\\/#primaryimage\"},\"image\":{\"@id\":\"https:\\\/\\\/francoadv.com\\\/en\\\/professionals\\\/felipe-noleto-dos-santos\\\/#primaryimage\"},\"thumbnailUrl\":\"https:\\\/\\\/francoadv.com\\\/wp-content\\\/uploads\\\/2025\\\/09\\\/felipen.png\",\"datePublished\":\"2021-08-20T22:35:00+00:00\",\"dateModified\":\"2025-09-09T18:56:59+00:00\",\"breadcrumb\":{\"@id\":\"https:\\\/\\\/francoadv.com\\\/en\\\/professionals\\\/felipe-noleto-dos-santos\\\/#breadcrumb\"},\"inLanguage\":\"en-US\",\"potentialAction\":[{\"@type\":\"ReadAction\",\"target\":[\"https:\\\/\\\/francoadv.com\\\/en\\\/professionals\\\/felipe-noleto-dos-santos\\\/\"]}]},{\"@type\":\"ImageObject\",\"inLanguage\":\"en-US\",\"@id\":\"https:\\\/\\\/francoadv.com\\\/en\\\/professionals\\\/felipe-noleto-dos-santos\\\/#primaryimage\",\"url\":\"https:\\\/\\\/francoadv.com\\\/wp-content\\\/uploads\\\/2025\\\/09\\\/felipen.png\",\"contentUrl\":\"https:\\\/\\\/francoadv.com\\\/wp-content\\\/uploads\\\/2025\\\/09\\\/felipen.png\",\"width\":400,\"height\":400},{\"@type\":\"BreadcrumbList\",\"@id\":\"https:\\\/\\\/francoadv.com\\\/en\\\/professionals\\\/felipe-noleto-dos-santos\\\/#breadcrumb\",\"itemListElement\":[{\"@type\":\"ListItem\",\"position\":1,\"name\":\"Home\",\"item\":\"https:\\\/\\\/francoadv.com\\\/en\\\/\"},{\"@type\":\"ListItem\",\"position\":2,\"name\":\"Professionals\",\"item\":\"https:\\\/\\\/francoadv.com\\\/en\\\/profissionais\\\/\"},{\"@type\":\"ListItem\",\"position\":3,\"name\":\"Felipe Noleto dos Santos\"}]},{\"@type\":\"WebSite\",\"@id\":\"https:\\\/\\\/francoadv.com\\\/en\\\/#website\",\"url\":\"https:\\\/\\\/francoadv.com\\\/en\\\/\",\"name\":\"Franco Advogados | S\u00e3o Paulo | Porto Alegre | Bras\u00edlia | Florian\u00f3polis\",\"description\":\"Franco Advogados Associados, FRANCO ADV, ADVOGADO EM SAO PAULO, PORTO ALEGRE, BRAS\u00cdLIA\",\"publisher\":{\"@id\":\"https:\\\/\\\/francoadv.com\\\/en\\\/#organization\"},\"potentialAction\":[{\"@type\":\"SearchAction\",\"target\":{\"@type\":\"EntryPoint\",\"urlTemplate\":\"https:\\\/\\\/francoadv.com\\\/en\\\/?s={search_term_string}\"},\"query-input\":{\"@type\":\"PropertyValueSpecification\",\"valueRequired\":true,\"valueName\":\"search_term_string\"}}],\"inLanguage\":\"en-US\"},{\"@type\":\"Organization\",\"@id\":\"https:\\\/\\\/francoadv.com\\\/en\\\/#organization\",\"name\":\"Franco Advogados | S\u00e3o Paulo | Porto Alegre | Bras\u00edlia | Florian\u00f3polis\",\"url\":\"https:\\\/\\\/francoadv.com\\\/en\\\/\",\"logo\":{\"@type\":\"ImageObject\",\"inLanguage\":\"en-US\",\"@id\":\"https:\\\/\\\/francoadv.com\\\/en\\\/#\\\/schema\\\/logo\\\/image\\\/\",\"url\":\"https:\\\/\\\/francoadv.com\\\/wp-content\\\/uploads\\\/2020\\\/08\\\/logo-franco.png\",\"contentUrl\":\"https:\\\/\\\/francoadv.com\\\/wp-content\\\/uploads\\\/2020\\\/08\\\/logo-franco.png\",\"width\":230,\"height\":20,\"caption\":\"Franco Advogados  | S\u00e3o Paulo |  Porto Alegre | Bras\u00edlia | Florian\u00f3polis\"},\"image\":{\"@id\":\"https:\\\/\\\/francoadv.com\\\/en\\\/#\\\/schema\\\/logo\\\/image\\\/\"}}]}<\/script>\n<!-- \/ Yoast SEO plugin. -->","yoast_head_json":{"title":"Felipe Noleto dos Santos - Franco Advogados | S\u00e3o Paulo | Porto Alegre | Bras\u00edlia | Florian\u00f3polis","robots":{"index":"index","follow":"follow","max-snippet":"max-snippet:-1","max-image-preview":"max-image-preview:large","max-video-preview":"max-video-preview:-1"},"canonical":"https:\/\/francoadv.com\/en\/professionals\/felipe-noleto-dos-santos\/","og_locale":"en_US","og_type":"article","og_title":"Felipe Noleto dos Santos - Franco Advogados | S\u00e3o Paulo | Porto Alegre | Bras\u00edlia | Florian\u00f3polis","og_description":"Office: S\u00e3o Paulo. Areas of performance: Corporate, Contracts, Corporate Governance and Compliance. Academic qualifications: MBA in Business Management at Funda\u00e7\u00e3o Get\u00falio Vargas &#8211; FGV (2024); Post MBA in Compliance and Corporate Governance at Funda\u00e7\u00e3o Get\u00falio Vargas &#8211; FGV (2018); LLM in Corporate Law at IBMEC-RJ (2012); Graduated in Law at Pontif\u00edcia Universidade Cat\u00f3lica &#8211; PUC [&hellip;]","og_url":"https:\/\/francoadv.com\/en\/professionals\/felipe-noleto-dos-santos\/","og_site_name":"Franco Advogados | S\u00e3o Paulo | Porto Alegre | Bras\u00edlia | Florian\u00f3polis","article_modified_time":"2025-09-09T18:56:59+00:00","og_image":[{"width":400,"height":400,"url":"https:\/\/francoadv.com\/wp-content\/uploads\/2025\/09\/felipen.png","type":"image\/png"}],"twitter_card":"summary_large_image","twitter_misc":{"Est. reading time":"1 minute"},"schema":{"@context":"https:\/\/schema.org","@graph":[{"@type":"WebPage","@id":"https:\/\/francoadv.com\/en\/professionals\/felipe-noleto-dos-santos\/","url":"https:\/\/francoadv.com\/en\/professionals\/felipe-noleto-dos-santos\/","name":"Felipe Noleto dos Santos - Franco Advogados | S\u00e3o Paulo | Porto Alegre | Bras\u00edlia | Florian\u00f3polis","isPartOf":{"@id":"https:\/\/francoadv.com\/en\/#website"},"primaryImageOfPage":{"@id":"https:\/\/francoadv.com\/en\/professionals\/felipe-noleto-dos-santos\/#primaryimage"},"image":{"@id":"https:\/\/francoadv.com\/en\/professionals\/felipe-noleto-dos-santos\/#primaryimage"},"thumbnailUrl":"https:\/\/francoadv.com\/wp-content\/uploads\/2025\/09\/felipen.png","datePublished":"2021-08-20T22:35:00+00:00","dateModified":"2025-09-09T18:56:59+00:00","breadcrumb":{"@id":"https:\/\/francoadv.com\/en\/professionals\/felipe-noleto-dos-santos\/#breadcrumb"},"inLanguage":"en-US","potentialAction":[{"@type":"ReadAction","target":["https:\/\/francoadv.com\/en\/professionals\/felipe-noleto-dos-santos\/"]}]},{"@type":"ImageObject","inLanguage":"en-US","@id":"https:\/\/francoadv.com\/en\/professionals\/felipe-noleto-dos-santos\/#primaryimage","url":"https:\/\/francoadv.com\/wp-content\/uploads\/2025\/09\/felipen.png","contentUrl":"https:\/\/francoadv.com\/wp-content\/uploads\/2025\/09\/felipen.png","width":400,"height":400},{"@type":"BreadcrumbList","@id":"https:\/\/francoadv.com\/en\/professionals\/felipe-noleto-dos-santos\/#breadcrumb","itemListElement":[{"@type":"ListItem","position":1,"name":"Home","item":"https:\/\/francoadv.com\/en\/"},{"@type":"ListItem","position":2,"name":"Professionals","item":"https:\/\/francoadv.com\/en\/profissionais\/"},{"@type":"ListItem","position":3,"name":"Felipe Noleto dos Santos"}]},{"@type":"WebSite","@id":"https:\/\/francoadv.com\/en\/#website","url":"https:\/\/francoadv.com\/en\/","name":"Franco Advogados | S\u00e3o Paulo | Porto Alegre | Bras\u00edlia | Florian\u00f3polis","description":"Franco Advogados Associados, FRANCO ADV, ADVOGADO EM SAO PAULO, PORTO ALEGRE, BRAS\u00cdLIA","publisher":{"@id":"https:\/\/francoadv.com\/en\/#organization"},"potentialAction":[{"@type":"SearchAction","target":{"@type":"EntryPoint","urlTemplate":"https:\/\/francoadv.com\/en\/?s={search_term_string}"},"query-input":{"@type":"PropertyValueSpecification","valueRequired":true,"valueName":"search_term_string"}}],"inLanguage":"en-US"},{"@type":"Organization","@id":"https:\/\/francoadv.com\/en\/#organization","name":"Franco Advogados | S\u00e3o Paulo | Porto Alegre | Bras\u00edlia | Florian\u00f3polis","url":"https:\/\/francoadv.com\/en\/","logo":{"@type":"ImageObject","inLanguage":"en-US","@id":"https:\/\/francoadv.com\/en\/#\/schema\/logo\/image\/","url":"https:\/\/francoadv.com\/wp-content\/uploads\/2020\/08\/logo-franco.png","contentUrl":"https:\/\/francoadv.com\/wp-content\/uploads\/2020\/08\/logo-franco.png","width":230,"height":20,"caption":"Franco Advogados  | S\u00e3o Paulo |  Porto Alegre | Bras\u00edlia | Florian\u00f3polis"},"image":{"@id":"https:\/\/francoadv.com\/en\/#\/schema\/logo\/image\/"}}]}},"_links":{"self":[{"href":"https:\/\/francoadv.com\/en\/wp-json\/wp\/v2\/pages\/4639","targetHints":{"allow":["GET"]}}],"collection":[{"href":"https:\/\/francoadv.com\/en\/wp-json\/wp\/v2\/pages"}],"about":[{"href":"https:\/\/francoadv.com\/en\/wp-json\/wp\/v2\/types\/page"}],"author":[{"embeddable":true,"href":"https:\/\/francoadv.com\/en\/wp-json\/wp\/v2\/users\/2"}],"replies":[{"embeddable":true,"href":"https:\/\/francoadv.com\/en\/wp-json\/wp\/v2\/comments?post=4639"}],"version-history":[{"count":17,"href":"https:\/\/francoadv.com\/en\/wp-json\/wp\/v2\/pages\/4639\/revisions"}],"predecessor-version":[{"id":4775,"href":"https:\/\/francoadv.com\/en\/wp-json\/wp\/v2\/pages\/4639\/revisions\/4775"}],"up":[{"embeddable":true,"href":"https:\/\/francoadv.com\/en\/wp-json\/wp\/v2\/pages\/3169"}],"wp:featuredmedia":[{"embeddable":true,"href":"https:\/\/francoadv.com\/en\/wp-json\/wp\/v2\/media\/5498"}],"wp:attachment":[{"href":"https:\/\/francoadv.com\/en\/wp-json\/wp\/v2\/media?parent=4639"}],"wp:term":[{"taxonomy":"category","embeddable":true,"href":"https:\/\/francoadv.com\/en\/wp-json\/wp\/v2\/categories?post=4639"},{"taxonomy":"post_tag","embeddable":true,"href":"https:\/\/francoadv.com\/en\/wp-json\/wp\/v2\/tags?post=4639"}],"curies":[{"name":"wp","href":"https:\/\/api.w.org\/{rel}","templated":true}]}}