{"id":3440,"date":"2021-10-07T09:05:25","date_gmt":"2021-10-07T12:05:25","guid":{"rendered":"https:\/\/francoadv.com\/direito-imobiliario\/"},"modified":"2021-10-07T09:05:25","modified_gmt":"2021-10-07T12:05:25","slug":"direito-imobiliario","status":"publish","type":"page","link":"https:\/\/francoadv.com\/es\/direito-imobiliario\/","title":{"rendered":"Derecho Inmobiliario"},"content":{"rendered":"\t\t<div data-elementor-type=\"wp-page\" data-elementor-id=\"3440\" class=\"elementor elementor-3440 elementor-1259\" data-elementor-post-type=\"page\">\n\t\t\t\t\t\t<section class=\"elementor-section elementor-top-section elementor-element elementor-element-e2daeff elementor-section-boxed elementor-section-height-default elementor-section-height-default\" data-id=\"e2daeff\" data-element_type=\"section\" data-e-type=\"section\">\n\t\t\t\t\t\t<div class=\"elementor-container elementor-column-gap-default\">\n\t\t\t\t\t<div class=\"elementor-column elementor-col-100 elementor-top-column elementor-element elementor-element-0df7e9a\" data-id=\"0df7e9a\" data-element_type=\"column\" data-e-type=\"column\">\n\t\t\t<div class=\"elementor-widget-wrap\">\n\t\t\t\t\t\t\t<\/div>\n\t\t<\/div>\n\t\t\t\t\t<\/div>\n\t\t<\/section>\n\t\t\t\t<section class=\"elementor-section elementor-top-section elementor-element elementor-element-0ca7eb9 elementor-section-boxed elementor-section-height-default elementor-section-height-default\" data-id=\"0ca7eb9\" data-element_type=\"section\" data-e-type=\"section\">\n\t\t\t\t\t\t<div class=\"elementor-container elementor-column-gap-default\">\n\t\t\t\t\t<div class=\"elementor-column elementor-col-50 elementor-top-column elementor-element elementor-element-0719128\" data-id=\"0719128\" data-element_type=\"column\" data-e-type=\"column\">\n\t\t\t<div class=\"elementor-widget-wrap elementor-element-populated\">\n\t\t\t\t\t\t<div class=\"elementor-element elementor-element-3631ad2 elementor-widget elementor-widget-text-editor\" data-id=\"3631ad2\" data-element_type=\"widget\" data-e-type=\"widget\" data-widget_type=\"text-editor.default\">\n\t\t\t\t<div class=\"elementor-widget-container\">\n\t\t\t\t\t\t\t\t\t<p><span style=\"{wpml_trans_unit_2_0_0_0_-1_0}\">Franco Advogados proporciona asesoramiento en el \u00e1rea del Derecho Inmobiliario a<\/span> <span style=\"font-weight: 400;\">promotoras, constructoras, emprendedores e inversores, para lo que desarrolla las<\/span> <span style=\"font-weight: 400;\">siguientes actividades principales:<\/span><span style=\"font-weight: 400;\"> <\/span><\/p>\n<ul>\n<li><span style=\"font-weight: 400;\"> Negociaci\u00f3n y elaboraci\u00f3n de contratos asociados a financiamientos y desarrollos de emprendimientos inmobiliarios; <\/span><\/li>\n<li><span style=\"font-weight: 400;\"> Estructuraci\u00f3n de operaciones societarias en los que intervengan activos inmobiliarios, incluyendo la constituci\u00f3n de Sociedades de Prop\u00f3sito Espec\u00edfico (SPE) y la negociaci\u00f3n de Sociedades en Cuenta de Participaci\u00f3n (SCP); <\/span><\/li>\n<li><span style=\"font-weight: 400;\"> Desarrollo de la planificaci\u00f3n tributaria de operaciones relacionadas con el segmento inmobiliario; <\/span><\/li>\n<li><span style=\"font-weight: 400;\"> Asesoramiento para la constituci\u00f3n y regulaci\u00f3n de condominios civiles resultantes de proyectos empresariales; <\/span><\/li>\n<li> <span style=\"{wpml_trans_unit_2_0_1_4_0_-1_0}\"> Asesoramiento en operaciones de <\/span><i><span style=\"font-weight: 400;\">built-to-suit<\/span><\/i><span style=\"font-weight: 400;\">, de construcci\u00f3n y de compraventa de inmuebles; <\/span> <\/li>\n<li><span style=\"font-weight: 400;\"> An\u00e1lisis y constituci\u00f3n de garant\u00edas en operaciones de financiamiento de emprendimientos inmobiliarios; y<\/span><\/li>\n<li><span style=\"font-weight: 400;\"> Negociaci\u00f3n y elaboraci\u00f3n de contratos relacionados con permutas, arrendamientos no residenciales y emprendimientos inmobiliarios. <\/span><\/li>\n<\/ul>\n\t\t\t\t\t\t\t\t<\/div>\n\t\t\t\t<\/div>\n\t\t\t\t\t<\/div>\n\t\t<\/div>\n\t\t\t\t<div class=\"elementor-column elementor-col-50 elementor-top-column elementor-element elementor-element-76605af\" data-id=\"76605af\" data-element_type=\"column\" data-e-type=\"column\">\n\t\t\t<div class=\"elementor-widget-wrap elementor-element-populated\">\n\t\t\t\t\t\t\t<\/div>\n\t\t<\/div>\n\t\t\t\t\t<\/div>\n\t\t<\/section>\n\t\t\t\t<\/div>\n\t\t","protected":false},"excerpt":{"rendered":"<p>Franco Advogados proporciona asesoramiento en el \u00e1rea del Derecho Inmobiliario a promotoras, constructoras, emprendedores e inversores, para lo que desarrolla las siguientes actividades principales: Negociaci\u00f3n y elaboraci\u00f3n de contratos asociados a financiamientos y desarrollos de emprendimientos inmobiliarios; Estructuraci\u00f3n de operaciones societarias en los que intervengan activos inmobiliarios, incluyendo la constituci\u00f3n de Sociedades de Prop\u00f3sito Espec\u00edfico [&hellip;]<\/p>\n","protected":false},"author":1,"featured_media":824,"parent":0,"menu_order":0,"comment_status":"closed","ping_status":"closed","template":"elementor_header_footer","meta":{"_acf_changed":false,"inline_featured_image":false,"footnotes":""},"categories":[38],"tags":[],"class_list":["post-3440","page","type-page","status-publish","has-post-thumbnail","hentry","category-areas-de-actuacion"],"acf":[],"yoast_head":"<!-- This site is optimized with the Yoast SEO plugin v27.4 - https:\/\/yoast.com\/product\/yoast-seo-wordpress\/ -->\n<title>Derecho Inmobiliario - Franco Advogados | S\u00e3o Paulo | Porto Alegre | Bras\u00edlia | Florian\u00f3polis<\/title>\n<meta name=\"robots\" content=\"index, follow, max-snippet:-1, max-image-preview:large, max-video-preview:-1\" \/>\n<link rel=\"canonical\" href=\"https:\/\/francoadv.com\/es\/direito-imobiliario\/\" \/>\n<meta property=\"og:locale\" content=\"es_ES\" \/>\n<meta property=\"og:type\" content=\"article\" \/>\n<meta property=\"og:title\" content=\"Derecho Inmobiliario - Franco Advogados | S\u00e3o Paulo | Porto Alegre | Bras\u00edlia | Florian\u00f3polis\" \/>\n<meta property=\"og:description\" content=\"Franco Advogados proporciona asesoramiento en el \u00e1rea del Derecho Inmobiliario a promotoras, constructoras, emprendedores e inversores, para lo que desarrolla las siguientes actividades principales: Negociaci\u00f3n y elaboraci\u00f3n de contratos asociados a financiamientos y desarrollos de emprendimientos inmobiliarios; Estructuraci\u00f3n de operaciones societarias en los que intervengan activos inmobiliarios, incluyendo la constituci\u00f3n de Sociedades de Prop\u00f3sito Espec\u00edfico [&hellip;]\" \/>\n<meta property=\"og:url\" content=\"https:\/\/francoadv.com\/es\/direito-imobiliario\/\" \/>\n<meta property=\"og:site_name\" content=\"Franco Advogados | S\u00e3o Paulo | Porto Alegre | Bras\u00edlia | Florian\u00f3polis\" \/>\n<meta property=\"og:image\" content=\"https:\/\/francoadv.com\/wp-content\/uploads\/2020\/12\/thumb-default.jpg\" \/>\n\t<meta property=\"og:image:width\" content=\"250\" \/>\n\t<meta property=\"og:image:height\" content=\"250\" \/>\n\t<meta property=\"og:image:type\" content=\"image\/jpeg\" \/>\n<meta name=\"twitter:card\" content=\"summary_large_image\" \/>\n<meta name=\"twitter:label1\" content=\"Tiempo de lectura\" \/>\n\t<meta name=\"twitter:data1\" content=\"1 minuto\" \/>\n<script type=\"application\/ld+json\" class=\"yoast-schema-graph\">{\"@context\":\"https:\\\/\\\/schema.org\",\"@graph\":[{\"@type\":\"WebPage\",\"@id\":\"https:\\\/\\\/francoadv.com\\\/es\\\/direito-imobiliario\\\/\",\"url\":\"https:\\\/\\\/francoadv.com\\\/es\\\/direito-imobiliario\\\/\",\"name\":\"Derecho Inmobiliario - Franco Advogados | S\u00e3o Paulo | Porto Alegre | Bras\u00edlia | Florian\u00f3polis\",\"isPartOf\":{\"@id\":\"https:\\\/\\\/francoadv.com\\\/es\\\/#website\"},\"primaryImageOfPage\":{\"@id\":\"https:\\\/\\\/francoadv.com\\\/es\\\/direito-imobiliario\\\/#primaryimage\"},\"image\":{\"@id\":\"https:\\\/\\\/francoadv.com\\\/es\\\/direito-imobiliario\\\/#primaryimage\"},\"thumbnailUrl\":\"https:\\\/\\\/francoadv.com\\\/wp-content\\\/uploads\\\/2020\\\/12\\\/thumb-default.jpg\",\"datePublished\":\"2021-10-07T12:05:25+00:00\",\"breadcrumb\":{\"@id\":\"https:\\\/\\\/francoadv.com\\\/es\\\/direito-imobiliario\\\/#breadcrumb\"},\"inLanguage\":\"es\",\"potentialAction\":[{\"@type\":\"ReadAction\",\"target\":[\"https:\\\/\\\/francoadv.com\\\/es\\\/direito-imobiliario\\\/\"]}]},{\"@type\":\"ImageObject\",\"inLanguage\":\"es\",\"@id\":\"https:\\\/\\\/francoadv.com\\\/es\\\/direito-imobiliario\\\/#primaryimage\",\"url\":\"https:\\\/\\\/francoadv.com\\\/wp-content\\\/uploads\\\/2020\\\/12\\\/thumb-default.jpg\",\"contentUrl\":\"https:\\\/\\\/francoadv.com\\\/wp-content\\\/uploads\\\/2020\\\/12\\\/thumb-default.jpg\",\"width\":250,\"height\":250},{\"@type\":\"BreadcrumbList\",\"@id\":\"https:\\\/\\\/francoadv.com\\\/es\\\/direito-imobiliario\\\/#breadcrumb\",\"itemListElement\":[{\"@type\":\"ListItem\",\"position\":1,\"name\":\"Home\",\"item\":\"https:\\\/\\\/francoadv.com\\\/es\\\/\"},{\"@type\":\"ListItem\",\"position\":2,\"name\":\"Derecho Inmobiliario\"}]},{\"@type\":\"WebSite\",\"@id\":\"https:\\\/\\\/francoadv.com\\\/es\\\/#website\",\"url\":\"https:\\\/\\\/francoadv.com\\\/es\\\/\",\"name\":\"Franco Advogados | S\u00e3o Paulo | Porto Alegre | Bras\u00edlia | Florian\u00f3polis\",\"description\":\"Franco Advogados Associados, FRANCO ADV, ADVOGADO EM SAO PAULO, PORTO ALEGRE, BRAS\u00cdLIA\",\"publisher\":{\"@id\":\"https:\\\/\\\/francoadv.com\\\/es\\\/#organization\"},\"potentialAction\":[{\"@type\":\"SearchAction\",\"target\":{\"@type\":\"EntryPoint\",\"urlTemplate\":\"https:\\\/\\\/francoadv.com\\\/es\\\/?s={search_term_string}\"},\"query-input\":{\"@type\":\"PropertyValueSpecification\",\"valueRequired\":true,\"valueName\":\"search_term_string\"}}],\"inLanguage\":\"es\"},{\"@type\":\"Organization\",\"@id\":\"https:\\\/\\\/francoadv.com\\\/es\\\/#organization\",\"name\":\"Franco Advogados | S\u00e3o Paulo | Porto Alegre | Bras\u00edlia | Florian\u00f3polis\",\"url\":\"https:\\\/\\\/francoadv.com\\\/es\\\/\",\"logo\":{\"@type\":\"ImageObject\",\"inLanguage\":\"es\",\"@id\":\"https:\\\/\\\/francoadv.com\\\/es\\\/#\\\/schema\\\/logo\\\/image\\\/\",\"url\":\"https:\\\/\\\/francoadv.com\\\/wp-content\\\/uploads\\\/2020\\\/08\\\/logo-franco.png\",\"contentUrl\":\"https:\\\/\\\/francoadv.com\\\/wp-content\\\/uploads\\\/2020\\\/08\\\/logo-franco.png\",\"width\":230,\"height\":20,\"caption\":\"Franco Advogados  | S\u00e3o Paulo |  Porto Alegre | Bras\u00edlia | Florian\u00f3polis\"},\"image\":{\"@id\":\"https:\\\/\\\/francoadv.com\\\/es\\\/#\\\/schema\\\/logo\\\/image\\\/\"}}]}<\/script>\n<!-- \/ Yoast SEO plugin. -->","yoast_head_json":{"title":"Derecho Inmobiliario - Franco Advogados | S\u00e3o Paulo | Porto Alegre | Bras\u00edlia | Florian\u00f3polis","robots":{"index":"index","follow":"follow","max-snippet":"max-snippet:-1","max-image-preview":"max-image-preview:large","max-video-preview":"max-video-preview:-1"},"canonical":"https:\/\/francoadv.com\/es\/direito-imobiliario\/","og_locale":"es_ES","og_type":"article","og_title":"Derecho Inmobiliario - Franco Advogados | S\u00e3o Paulo | Porto Alegre | Bras\u00edlia | Florian\u00f3polis","og_description":"Franco Advogados proporciona asesoramiento en el \u00e1rea del Derecho Inmobiliario a promotoras, constructoras, emprendedores e inversores, para lo que desarrolla las siguientes actividades principales: Negociaci\u00f3n y elaboraci\u00f3n de contratos asociados a financiamientos y desarrollos de emprendimientos inmobiliarios; Estructuraci\u00f3n de operaciones societarias en los que intervengan activos inmobiliarios, incluyendo la constituci\u00f3n de Sociedades de Prop\u00f3sito Espec\u00edfico [&hellip;]","og_url":"https:\/\/francoadv.com\/es\/direito-imobiliario\/","og_site_name":"Franco Advogados | S\u00e3o Paulo | Porto Alegre | Bras\u00edlia | Florian\u00f3polis","og_image":[{"width":250,"height":250,"url":"https:\/\/francoadv.com\/wp-content\/uploads\/2020\/12\/thumb-default.jpg","type":"image\/jpeg"}],"twitter_card":"summary_large_image","twitter_misc":{"Tiempo de lectura":"1 minuto"},"schema":{"@context":"https:\/\/schema.org","@graph":[{"@type":"WebPage","@id":"https:\/\/francoadv.com\/es\/direito-imobiliario\/","url":"https:\/\/francoadv.com\/es\/direito-imobiliario\/","name":"Derecho Inmobiliario - Franco Advogados | S\u00e3o Paulo | Porto Alegre | Bras\u00edlia | Florian\u00f3polis","isPartOf":{"@id":"https:\/\/francoadv.com\/es\/#website"},"primaryImageOfPage":{"@id":"https:\/\/francoadv.com\/es\/direito-imobiliario\/#primaryimage"},"image":{"@id":"https:\/\/francoadv.com\/es\/direito-imobiliario\/#primaryimage"},"thumbnailUrl":"https:\/\/francoadv.com\/wp-content\/uploads\/2020\/12\/thumb-default.jpg","datePublished":"2021-10-07T12:05:25+00:00","breadcrumb":{"@id":"https:\/\/francoadv.com\/es\/direito-imobiliario\/#breadcrumb"},"inLanguage":"es","potentialAction":[{"@type":"ReadAction","target":["https:\/\/francoadv.com\/es\/direito-imobiliario\/"]}]},{"@type":"ImageObject","inLanguage":"es","@id":"https:\/\/francoadv.com\/es\/direito-imobiliario\/#primaryimage","url":"https:\/\/francoadv.com\/wp-content\/uploads\/2020\/12\/thumb-default.jpg","contentUrl":"https:\/\/francoadv.com\/wp-content\/uploads\/2020\/12\/thumb-default.jpg","width":250,"height":250},{"@type":"BreadcrumbList","@id":"https:\/\/francoadv.com\/es\/direito-imobiliario\/#breadcrumb","itemListElement":[{"@type":"ListItem","position":1,"name":"Home","item":"https:\/\/francoadv.com\/es\/"},{"@type":"ListItem","position":2,"name":"Derecho Inmobiliario"}]},{"@type":"WebSite","@id":"https:\/\/francoadv.com\/es\/#website","url":"https:\/\/francoadv.com\/es\/","name":"Franco Advogados | S\u00e3o Paulo | Porto Alegre | Bras\u00edlia | Florian\u00f3polis","description":"Franco Advogados Associados, FRANCO ADV, ADVOGADO EM SAO PAULO, PORTO ALEGRE, BRAS\u00cdLIA","publisher":{"@id":"https:\/\/francoadv.com\/es\/#organization"},"potentialAction":[{"@type":"SearchAction","target":{"@type":"EntryPoint","urlTemplate":"https:\/\/francoadv.com\/es\/?s={search_term_string}"},"query-input":{"@type":"PropertyValueSpecification","valueRequired":true,"valueName":"search_term_string"}}],"inLanguage":"es"},{"@type":"Organization","@id":"https:\/\/francoadv.com\/es\/#organization","name":"Franco Advogados | S\u00e3o Paulo | Porto Alegre | Bras\u00edlia | Florian\u00f3polis","url":"https:\/\/francoadv.com\/es\/","logo":{"@type":"ImageObject","inLanguage":"es","@id":"https:\/\/francoadv.com\/es\/#\/schema\/logo\/image\/","url":"https:\/\/francoadv.com\/wp-content\/uploads\/2020\/08\/logo-franco.png","contentUrl":"https:\/\/francoadv.com\/wp-content\/uploads\/2020\/08\/logo-franco.png","width":230,"height":20,"caption":"Franco Advogados  | S\u00e3o Paulo |  Porto Alegre | Bras\u00edlia | Florian\u00f3polis"},"image":{"@id":"https:\/\/francoadv.com\/es\/#\/schema\/logo\/image\/"}}]}},"_links":{"self":[{"href":"https:\/\/francoadv.com\/es\/wp-json\/wp\/v2\/pages\/3440","targetHints":{"allow":["GET"]}}],"collection":[{"href":"https:\/\/francoadv.com\/es\/wp-json\/wp\/v2\/pages"}],"about":[{"href":"https:\/\/francoadv.com\/es\/wp-json\/wp\/v2\/types\/page"}],"author":[{"embeddable":true,"href":"https:\/\/francoadv.com\/es\/wp-json\/wp\/v2\/users\/1"}],"replies":[{"embeddable":true,"href":"https:\/\/francoadv.com\/es\/wp-json\/wp\/v2\/comments?post=3440"}],"version-history":[{"count":1,"href":"https:\/\/francoadv.com\/es\/wp-json\/wp\/v2\/pages\/3440\/revisions"}],"predecessor-version":[{"id":3441,"href":"https:\/\/francoadv.com\/es\/wp-json\/wp\/v2\/pages\/3440\/revisions\/3441"}],"wp:featuredmedia":[{"embeddable":true,"href":"https:\/\/francoadv.com\/es\/wp-json\/wp\/v2\/media\/824"}],"wp:attachment":[{"href":"https:\/\/francoadv.com\/es\/wp-json\/wp\/v2\/media?parent=3440"}],"wp:term":[{"taxonomy":"category","embeddable":true,"href":"https:\/\/francoadv.com\/es\/wp-json\/wp\/v2\/categories?post=3440"},{"taxonomy":"post_tag","embeddable":true,"href":"https:\/\/francoadv.com\/es\/wp-json\/wp\/v2\/tags?post=3440"}],"curies":[{"name":"wp","href":"https:\/\/api.w.org\/{rel}","templated":true}]}}