{"id":3446,"date":"2021-10-07T09:14:24","date_gmt":"2021-10-07T12:14:24","guid":{"rendered":"https:\/\/francoadv.com\/direito-societario\/"},"modified":"2022-03-01T01:24:28","modified_gmt":"2022-03-01T04:24:28","slug":"derecho-corporativo","status":"publish","type":"page","link":"https:\/\/francoadv.com\/es\/derecho-corporativo\/","title":{"rendered":"Derecho Corporativo"},"content":{"rendered":"\t\t<div data-elementor-type=\"wp-page\" data-elementor-id=\"3446\" class=\"elementor elementor-3446 elementor-1274\" data-elementor-post-type=\"page\">\n\t\t\t\t\t\t<section class=\"elementor-section elementor-top-section elementor-element elementor-element-e2daeff elementor-section-boxed elementor-section-height-default elementor-section-height-default\" data-id=\"e2daeff\" data-element_type=\"section\" data-e-type=\"section\">\n\t\t\t\t\t\t<div class=\"elementor-container elementor-column-gap-default\">\n\t\t\t\t\t<div class=\"elementor-column elementor-col-100 elementor-top-column elementor-element elementor-element-0df7e9a\" data-id=\"0df7e9a\" data-element_type=\"column\" data-e-type=\"column\">\n\t\t\t<div class=\"elementor-widget-wrap\">\n\t\t\t\t\t\t\t<\/div>\n\t\t<\/div>\n\t\t\t\t\t<\/div>\n\t\t<\/section>\n\t\t\t\t<section class=\"elementor-section elementor-top-section elementor-element elementor-element-0ca7eb9 elementor-section-boxed elementor-section-height-default elementor-section-height-default\" data-id=\"0ca7eb9\" data-element_type=\"section\" data-e-type=\"section\">\n\t\t\t\t\t\t<div class=\"elementor-container elementor-column-gap-default\">\n\t\t\t\t\t<div class=\"elementor-column elementor-col-50 elementor-top-column elementor-element elementor-element-0719128\" data-id=\"0719128\" data-element_type=\"column\" data-e-type=\"column\">\n\t\t\t<div class=\"elementor-widget-wrap elementor-element-populated\">\n\t\t\t\t\t\t<div class=\"elementor-element elementor-element-3631ad2 elementor-widget elementor-widget-text-editor\" data-id=\"3631ad2\" data-element_type=\"widget\" data-e-type=\"widget\" data-widget_type=\"text-editor.default\">\n\t\t\t\t<div class=\"elementor-widget-container\">\n\t\t\t\t\t\t\t\t\t<p class=\"MsoNormal\">El Derecho Corporativo es un \u00e1rea de pr\u00e1ctica relevante de Franco Advogados.<\/p>\n<p><span style=\"font-weight: 400;\">Tenemos experiencia asesorando a clientes en una gran variedad de asuntos, que incluyen, entre otros:<\/span><\/p>\n<ul>\n<li><span style=\"font-weight: 400;\">Constituci\u00f3n de sociedades, sociedades simples, fondos de inversi\u00f3n, joint ventures, consorcios, etc. incluyendo la preparaci\u00f3n de documentos societarios, contratos, as\u00ed como la obtenci\u00f3n de licencias, registros e inscripciones, y la asesor\u00eda en el cumplimiento de obligaciones ante el Banco Central de Brasil y otras autoridades; <\/span><\/li>\n<li><span style=\"font-weight: 400;\">Asesor\u00eda en operaciones societarias y de reorganizaci\u00f3n empresarial, incluyendo fusiones, incorporaciones, <em>drop downs<\/em>, rescisiones y otras estructuras para lograr una mejor eficiencia societaria y empresarial dentro de grupos de sociedades, con la preparaci\u00f3n y registro de todos los documentos aplicables y asesor\u00eda para la adopci\u00f3n de todas procedimientos necesarios para la efectividad de la reorganizaci\u00f3n;<br><\/span><\/li>\n<li><span style=\"font-weight: 400;\"> Procedimientos societarios de rutina para asegurar la legalidad y <em>cumplimiento<\/em> corporativo, incluyendo resoluciones, modificaciones contractuales y estatutarias, pactos de accionistas, distribuci\u00f3n de dividendos, aprobaci\u00f3n de estados financieros, nombramiento y cese de administradores, libros societarios, etc.<br><\/span><\/li>\n<li><span style=\"font-weight: 400;\">Asesoramiento a inversores extranjeros en relaci\u00f3n con sus participaciones accionarias en Brasil, incluida la asistencia para formalizar el nombramiento y destituci\u00f3n de abogados, obtenci\u00f3n de registros fiscales, registro de documentos extranjeros, registro de capital extranjero en el Banco Central de Brasil;<\/span><\/li>\n<li><span style=\"font-weight: 400;\"> Asesoramiento en operaciones de financiaci\u00f3n empresarial de diversas \u00edndoles;&nbsp; <\/span><\/li>\n<li><span style=\"font-weight: 400;\"> Asesoramiento en transacciones de M&amp;A, incluyendo <em>due diligence<\/em>, redacci\u00f3n, revisi\u00f3n y negociaci\u00f3n de todo tipo de acuerdos documentales (consulte nuestra secci\u00f3n de M&amp;A para obtener informaci\u00f3n m\u00e1s detallada). <\/span><\/li>\n<\/ul>\t\t\t\t\t\t\t\t<\/div>\n\t\t\t\t<\/div>\n\t\t\t\t\t<\/div>\n\t\t<\/div>\n\t\t\t\t<div class=\"elementor-column elementor-col-50 elementor-top-column elementor-element elementor-element-76605af\" data-id=\"76605af\" data-element_type=\"column\" data-e-type=\"column\">\n\t\t\t<div class=\"elementor-widget-wrap elementor-element-populated\">\n\t\t\t\t\t\t\t<\/div>\n\t\t<\/div>\n\t\t\t\t\t<\/div>\n\t\t<\/section>\n\t\t\t\t<\/div>\n\t\t","protected":false},"excerpt":{"rendered":"<p>El Derecho Corporativo es un \u00e1rea de pr\u00e1ctica relevante de Franco Advogados. Tenemos experiencia asesorando a clientes en una gran variedad de asuntos, que incluyen, entre otros: Constituci\u00f3n de sociedades, sociedades simples, fondos de inversi\u00f3n, joint ventures, consorcios, etc. incluyendo la preparaci\u00f3n de documentos societarios, contratos, as\u00ed como la obtenci\u00f3n de licencias, registros e inscripciones, [&hellip;]<\/p>\n","protected":false},"author":1,"featured_media":824,"parent":0,"menu_order":0,"comment_status":"closed","ping_status":"closed","template":"elementor_header_footer","meta":{"_acf_changed":false,"inline_featured_image":false,"footnotes":""},"categories":[38],"tags":[],"class_list":["post-3446","page","type-page","status-publish","has-post-thumbnail","hentry","category-areas-de-actuacion"],"acf":[],"yoast_head":"<!-- This site is optimized with the Yoast SEO plugin v27.5 - https:\/\/yoast.com\/product\/yoast-seo-wordpress\/ -->\n<title>Derecho Corporativo - Franco Advogados | S\u00e3o Paulo | Porto Alegre | Bras\u00edlia | Florian\u00f3polis<\/title>\n<meta name=\"robots\" content=\"index, follow, max-snippet:-1, max-image-preview:large, max-video-preview:-1\" \/>\n<link rel=\"canonical\" href=\"https:\/\/francoadv.com\/es\/derecho-corporativo\/\" \/>\n<meta property=\"og:locale\" content=\"es_ES\" \/>\n<meta property=\"og:type\" content=\"article\" \/>\n<meta property=\"og:title\" content=\"Derecho Corporativo - Franco Advogados | S\u00e3o Paulo | Porto Alegre | Bras\u00edlia | Florian\u00f3polis\" \/>\n<meta property=\"og:description\" content=\"El Derecho Corporativo es un \u00e1rea de pr\u00e1ctica relevante de Franco Advogados. Tenemos experiencia asesorando a clientes en una gran variedad de asuntos, que incluyen, entre otros: Constituci\u00f3n de sociedades, sociedades simples, fondos de inversi\u00f3n, joint ventures, consorcios, etc. incluyendo la preparaci\u00f3n de documentos societarios, contratos, as\u00ed como la obtenci\u00f3n de licencias, registros e inscripciones, [&hellip;]\" \/>\n<meta property=\"og:url\" content=\"https:\/\/francoadv.com\/es\/derecho-corporativo\/\" \/>\n<meta property=\"og:site_name\" content=\"Franco Advogados | S\u00e3o Paulo | Porto Alegre | Bras\u00edlia | Florian\u00f3polis\" \/>\n<meta property=\"article:modified_time\" content=\"2022-03-01T04:24:28+00:00\" \/>\n<meta property=\"og:image\" content=\"https:\/\/francoadv.com\/wp-content\/uploads\/2020\/12\/thumb-default.jpg\" \/>\n\t<meta property=\"og:image:width\" content=\"250\" \/>\n\t<meta property=\"og:image:height\" content=\"250\" \/>\n\t<meta property=\"og:image:type\" content=\"image\/jpeg\" \/>\n<meta name=\"twitter:card\" content=\"summary_large_image\" \/>\n<meta name=\"twitter:label1\" content=\"Tiempo de lectura\" \/>\n\t<meta name=\"twitter:data1\" content=\"2 minutos\" \/>\n<script type=\"application\/ld+json\" class=\"yoast-schema-graph\">{\"@context\":\"https:\\\/\\\/schema.org\",\"@graph\":[{\"@type\":\"WebPage\",\"@id\":\"https:\\\/\\\/francoadv.com\\\/es\\\/derecho-corporativo\\\/\",\"url\":\"https:\\\/\\\/francoadv.com\\\/es\\\/derecho-corporativo\\\/\",\"name\":\"Derecho Corporativo - Franco Advogados | S\u00e3o Paulo | Porto Alegre | Bras\u00edlia | Florian\u00f3polis\",\"isPartOf\":{\"@id\":\"https:\\\/\\\/francoadv.com\\\/es\\\/#website\"},\"primaryImageOfPage\":{\"@id\":\"https:\\\/\\\/francoadv.com\\\/es\\\/derecho-corporativo\\\/#primaryimage\"},\"image\":{\"@id\":\"https:\\\/\\\/francoadv.com\\\/es\\\/derecho-corporativo\\\/#primaryimage\"},\"thumbnailUrl\":\"https:\\\/\\\/francoadv.com\\\/wp-content\\\/uploads\\\/2020\\\/12\\\/thumb-default.jpg\",\"datePublished\":\"2021-10-07T12:14:24+00:00\",\"dateModified\":\"2022-03-01T04:24:28+00:00\",\"breadcrumb\":{\"@id\":\"https:\\\/\\\/francoadv.com\\\/es\\\/derecho-corporativo\\\/#breadcrumb\"},\"inLanguage\":\"es\",\"potentialAction\":[{\"@type\":\"ReadAction\",\"target\":[\"https:\\\/\\\/francoadv.com\\\/es\\\/derecho-corporativo\\\/\"]}]},{\"@type\":\"ImageObject\",\"inLanguage\":\"es\",\"@id\":\"https:\\\/\\\/francoadv.com\\\/es\\\/derecho-corporativo\\\/#primaryimage\",\"url\":\"https:\\\/\\\/francoadv.com\\\/wp-content\\\/uploads\\\/2020\\\/12\\\/thumb-default.jpg\",\"contentUrl\":\"https:\\\/\\\/francoadv.com\\\/wp-content\\\/uploads\\\/2020\\\/12\\\/thumb-default.jpg\",\"width\":250,\"height\":250},{\"@type\":\"BreadcrumbList\",\"@id\":\"https:\\\/\\\/francoadv.com\\\/es\\\/derecho-corporativo\\\/#breadcrumb\",\"itemListElement\":[{\"@type\":\"ListItem\",\"position\":1,\"name\":\"Home\",\"item\":\"https:\\\/\\\/francoadv.com\\\/es\\\/\"},{\"@type\":\"ListItem\",\"position\":2,\"name\":\"Derecho Corporativo\"}]},{\"@type\":\"WebSite\",\"@id\":\"https:\\\/\\\/francoadv.com\\\/es\\\/#website\",\"url\":\"https:\\\/\\\/francoadv.com\\\/es\\\/\",\"name\":\"Franco Advogados | S\u00e3o Paulo | Porto Alegre | Bras\u00edlia | Florian\u00f3polis\",\"description\":\"Franco Advogados Associados, FRANCO ADV, ADVOGADO EM SAO PAULO, PORTO ALEGRE, BRAS\u00cdLIA\",\"publisher\":{\"@id\":\"https:\\\/\\\/francoadv.com\\\/es\\\/#organization\"},\"potentialAction\":[{\"@type\":\"SearchAction\",\"target\":{\"@type\":\"EntryPoint\",\"urlTemplate\":\"https:\\\/\\\/francoadv.com\\\/es\\\/?s={search_term_string}\"},\"query-input\":{\"@type\":\"PropertyValueSpecification\",\"valueRequired\":true,\"valueName\":\"search_term_string\"}}],\"inLanguage\":\"es\"},{\"@type\":\"Organization\",\"@id\":\"https:\\\/\\\/francoadv.com\\\/es\\\/#organization\",\"name\":\"Franco Advogados | S\u00e3o Paulo | Porto Alegre | Bras\u00edlia | Florian\u00f3polis\",\"url\":\"https:\\\/\\\/francoadv.com\\\/es\\\/\",\"logo\":{\"@type\":\"ImageObject\",\"inLanguage\":\"es\",\"@id\":\"https:\\\/\\\/francoadv.com\\\/es\\\/#\\\/schema\\\/logo\\\/image\\\/\",\"url\":\"https:\\\/\\\/francoadv.com\\\/wp-content\\\/uploads\\\/2020\\\/08\\\/logo-franco.png\",\"contentUrl\":\"https:\\\/\\\/francoadv.com\\\/wp-content\\\/uploads\\\/2020\\\/08\\\/logo-franco.png\",\"width\":230,\"height\":20,\"caption\":\"Franco Advogados  | S\u00e3o Paulo |  Porto Alegre | Bras\u00edlia | Florian\u00f3polis\"},\"image\":{\"@id\":\"https:\\\/\\\/francoadv.com\\\/es\\\/#\\\/schema\\\/logo\\\/image\\\/\"}}]}<\/script>\n<!-- \/ Yoast SEO plugin. -->","yoast_head_json":{"title":"Derecho Corporativo - Franco Advogados | S\u00e3o Paulo | Porto Alegre | Bras\u00edlia | Florian\u00f3polis","robots":{"index":"index","follow":"follow","max-snippet":"max-snippet:-1","max-image-preview":"max-image-preview:large","max-video-preview":"max-video-preview:-1"},"canonical":"https:\/\/francoadv.com\/es\/derecho-corporativo\/","og_locale":"es_ES","og_type":"article","og_title":"Derecho Corporativo - Franco Advogados | S\u00e3o Paulo | Porto Alegre | Bras\u00edlia | Florian\u00f3polis","og_description":"El Derecho Corporativo es un \u00e1rea de pr\u00e1ctica relevante de Franco Advogados. Tenemos experiencia asesorando a clientes en una gran variedad de asuntos, que incluyen, entre otros: Constituci\u00f3n de sociedades, sociedades simples, fondos de inversi\u00f3n, joint ventures, consorcios, etc. incluyendo la preparaci\u00f3n de documentos societarios, contratos, as\u00ed como la obtenci\u00f3n de licencias, registros e inscripciones, [&hellip;]","og_url":"https:\/\/francoadv.com\/es\/derecho-corporativo\/","og_site_name":"Franco Advogados | S\u00e3o Paulo | Porto Alegre | Bras\u00edlia | Florian\u00f3polis","article_modified_time":"2022-03-01T04:24:28+00:00","og_image":[{"width":250,"height":250,"url":"https:\/\/francoadv.com\/wp-content\/uploads\/2020\/12\/thumb-default.jpg","type":"image\/jpeg"}],"twitter_card":"summary_large_image","twitter_misc":{"Tiempo de lectura":"2 minutos"},"schema":{"@context":"https:\/\/schema.org","@graph":[{"@type":"WebPage","@id":"https:\/\/francoadv.com\/es\/derecho-corporativo\/","url":"https:\/\/francoadv.com\/es\/derecho-corporativo\/","name":"Derecho Corporativo - Franco Advogados | S\u00e3o Paulo | Porto Alegre | Bras\u00edlia | Florian\u00f3polis","isPartOf":{"@id":"https:\/\/francoadv.com\/es\/#website"},"primaryImageOfPage":{"@id":"https:\/\/francoadv.com\/es\/derecho-corporativo\/#primaryimage"},"image":{"@id":"https:\/\/francoadv.com\/es\/derecho-corporativo\/#primaryimage"},"thumbnailUrl":"https:\/\/francoadv.com\/wp-content\/uploads\/2020\/12\/thumb-default.jpg","datePublished":"2021-10-07T12:14:24+00:00","dateModified":"2022-03-01T04:24:28+00:00","breadcrumb":{"@id":"https:\/\/francoadv.com\/es\/derecho-corporativo\/#breadcrumb"},"inLanguage":"es","potentialAction":[{"@type":"ReadAction","target":["https:\/\/francoadv.com\/es\/derecho-corporativo\/"]}]},{"@type":"ImageObject","inLanguage":"es","@id":"https:\/\/francoadv.com\/es\/derecho-corporativo\/#primaryimage","url":"https:\/\/francoadv.com\/wp-content\/uploads\/2020\/12\/thumb-default.jpg","contentUrl":"https:\/\/francoadv.com\/wp-content\/uploads\/2020\/12\/thumb-default.jpg","width":250,"height":250},{"@type":"BreadcrumbList","@id":"https:\/\/francoadv.com\/es\/derecho-corporativo\/#breadcrumb","itemListElement":[{"@type":"ListItem","position":1,"name":"Home","item":"https:\/\/francoadv.com\/es\/"},{"@type":"ListItem","position":2,"name":"Derecho Corporativo"}]},{"@type":"WebSite","@id":"https:\/\/francoadv.com\/es\/#website","url":"https:\/\/francoadv.com\/es\/","name":"Franco Advogados | S\u00e3o Paulo | Porto Alegre | Bras\u00edlia | Florian\u00f3polis","description":"Franco Advogados Associados, FRANCO ADV, ADVOGADO EM SAO PAULO, PORTO ALEGRE, BRAS\u00cdLIA","publisher":{"@id":"https:\/\/francoadv.com\/es\/#organization"},"potentialAction":[{"@type":"SearchAction","target":{"@type":"EntryPoint","urlTemplate":"https:\/\/francoadv.com\/es\/?s={search_term_string}"},"query-input":{"@type":"PropertyValueSpecification","valueRequired":true,"valueName":"search_term_string"}}],"inLanguage":"es"},{"@type":"Organization","@id":"https:\/\/francoadv.com\/es\/#organization","name":"Franco Advogados | S\u00e3o Paulo | Porto Alegre | Bras\u00edlia | Florian\u00f3polis","url":"https:\/\/francoadv.com\/es\/","logo":{"@type":"ImageObject","inLanguage":"es","@id":"https:\/\/francoadv.com\/es\/#\/schema\/logo\/image\/","url":"https:\/\/francoadv.com\/wp-content\/uploads\/2020\/08\/logo-franco.png","contentUrl":"https:\/\/francoadv.com\/wp-content\/uploads\/2020\/08\/logo-franco.png","width":230,"height":20,"caption":"Franco Advogados  | S\u00e3o Paulo |  Porto Alegre | Bras\u00edlia | Florian\u00f3polis"},"image":{"@id":"https:\/\/francoadv.com\/es\/#\/schema\/logo\/image\/"}}]}},"_links":{"self":[{"href":"https:\/\/francoadv.com\/es\/wp-json\/wp\/v2\/pages\/3446","targetHints":{"allow":["GET"]}}],"collection":[{"href":"https:\/\/francoadv.com\/es\/wp-json\/wp\/v2\/pages"}],"about":[{"href":"https:\/\/francoadv.com\/es\/wp-json\/wp\/v2\/types\/page"}],"author":[{"embeddable":true,"href":"https:\/\/francoadv.com\/es\/wp-json\/wp\/v2\/users\/1"}],"replies":[{"embeddable":true,"href":"https:\/\/francoadv.com\/es\/wp-json\/wp\/v2\/comments?post=3446"}],"version-history":[{"count":14,"href":"https:\/\/francoadv.com\/es\/wp-json\/wp\/v2\/pages\/3446\/revisions"}],"predecessor-version":[{"id":3925,"href":"https:\/\/francoadv.com\/es\/wp-json\/wp\/v2\/pages\/3446\/revisions\/3925"}],"wp:featuredmedia":[{"embeddable":true,"href":"https:\/\/francoadv.com\/es\/wp-json\/wp\/v2\/media\/824"}],"wp:attachment":[{"href":"https:\/\/francoadv.com\/es\/wp-json\/wp\/v2\/media?parent=3446"}],"wp:term":[{"taxonomy":"category","embeddable":true,"href":"https:\/\/francoadv.com\/es\/wp-json\/wp\/v2\/categories?post=3446"},{"taxonomy":"post_tag","embeddable":true,"href":"https:\/\/francoadv.com\/es\/wp-json\/wp\/v2\/tags?post=3446"}],"curies":[{"name":"wp","href":"https:\/\/api.w.org\/{rel}","templated":true}]}}