{"id":3472,"date":"2021-10-07T09:30:18","date_gmt":"2021-10-07T12:30:18","guid":{"rendered":"https:\/\/francoadv.com\/investimento-estrangeiro\/"},"modified":"2021-10-07T09:30:18","modified_gmt":"2021-10-07T12:30:18","slug":"investimento-estrangeiro","status":"publish","type":"page","link":"https:\/\/francoadv.com\/es\/investimento-estrangeiro\/","title":{"rendered":"Inversiones Extranjeras"},"content":{"rendered":"\t\t<div data-elementor-type=\"wp-page\" data-elementor-id=\"3472\" class=\"elementor elementor-3472 elementor-1290\" data-elementor-post-type=\"page\">\n\t\t\t\t\t\t<section class=\"elementor-section elementor-top-section elementor-element elementor-element-e2daeff elementor-section-boxed elementor-section-height-default elementor-section-height-default\" data-id=\"e2daeff\" data-element_type=\"section\" data-e-type=\"section\">\n\t\t\t\t\t\t<div class=\"elementor-container elementor-column-gap-default\">\n\t\t\t\t\t<div class=\"elementor-column elementor-col-100 elementor-top-column elementor-element elementor-element-0df7e9a\" data-id=\"0df7e9a\" data-element_type=\"column\" data-e-type=\"column\">\n\t\t\t<div class=\"elementor-widget-wrap\">\n\t\t\t\t\t\t\t<\/div>\n\t\t<\/div>\n\t\t\t\t\t<\/div>\n\t\t<\/section>\n\t\t\t\t<section class=\"elementor-section elementor-top-section elementor-element elementor-element-0ca7eb9 elementor-section-boxed elementor-section-height-default elementor-section-height-default\" data-id=\"0ca7eb9\" data-element_type=\"section\" data-e-type=\"section\">\n\t\t\t\t\t\t<div class=\"elementor-container elementor-column-gap-default\">\n\t\t\t\t\t<div class=\"elementor-column elementor-col-50 elementor-top-column elementor-element elementor-element-0719128\" data-id=\"0719128\" data-element_type=\"column\" data-e-type=\"column\">\n\t\t\t<div class=\"elementor-widget-wrap elementor-element-populated\">\n\t\t\t\t\t\t<div class=\"elementor-element elementor-element-3631ad2 elementor-widget elementor-widget-text-editor\" data-id=\"3631ad2\" data-element_type=\"widget\" data-e-type=\"widget\" data-widget_type=\"text-editor.default\">\n\t\t\t\t<div class=\"elementor-widget-container\">\n\t\t\t\t\t\t\t\t\t<p><span style=\"font-weight: 400;\">Franco Advogados<\/span><span style=\"font-weight: 400;\"> asesora, gracias a su gran experiencia, a personas f\u00edsicas y jur\u00eddicas for\u00e1neas que desean realizar negocios en Brasil, para lo que ofrece mecanismos para iniciar y aumentar la participaci\u00f3n de inversores en el mercado interno, observando las formalidades exigidas y siempre en conformidad con las particularidades de la legislaci\u00f3n brasile\u00f1a referentes al proceso de registro. El asesoramiento engloba los siguientes servicios:&nbsp;<\/span><\/p>\n<ul>\n<li><span style=\"font-weight: 400;\"> Asesoramiento para la realizaci\u00f3n tanto de inversiones directas (adquisiciones de participaci\u00f3n societaria o de activos) como inversiones indirectas (pr\u00e9stamos y\/o financiamientos);&nbsp;<\/span><\/li>\n<li><span style=\"font-weight: 400;\"> Constituci\u00f3n de empresas para la percepci\u00f3n de las inversiones;&nbsp;<\/span><\/li>\n<li><span style=\"font-weight: 400;\"> Conversi\u00f3n de deudas en inversi\u00f3n y remesa de beneficios al exterior;<\/span><\/li>\n<li><span style=\"font-weight: 400;\"> Registro de inversiones extranjeras en el Banco Central; y<\/span><\/li>\n<li><span style=\"font-weight: 400;\"> Registro de marcas y patentes ante el Instituto Nacional de la Propiedad Industrial.<\/span><\/li>\n<\/ul>\n\t\t\t\t\t\t\t\t<\/div>\n\t\t\t\t<\/div>\n\t\t\t\t\t<\/div>\n\t\t<\/div>\n\t\t\t\t<div class=\"elementor-column elementor-col-50 elementor-top-column elementor-element elementor-element-76605af\" data-id=\"76605af\" data-element_type=\"column\" data-e-type=\"column\">\n\t\t\t<div class=\"elementor-widget-wrap elementor-element-populated\">\n\t\t\t\t\t\t\t<\/div>\n\t\t<\/div>\n\t\t\t\t\t<\/div>\n\t\t<\/section>\n\t\t\t\t<\/div>\n\t\t","protected":false},"excerpt":{"rendered":"<p>Franco Advogados asesora, gracias a su gran experiencia, a personas f\u00edsicas y jur\u00eddicas for\u00e1neas que desean realizar negocios en Brasil, para lo que ofrece mecanismos para iniciar y aumentar la participaci\u00f3n de inversores en el mercado interno, observando las formalidades exigidas y siempre en conformidad con las particularidades de la legislaci\u00f3n brasile\u00f1a referentes al proceso [&hellip;]<\/p>\n","protected":false},"author":1,"featured_media":824,"parent":0,"menu_order":0,"comment_status":"closed","ping_status":"closed","template":"elementor_header_footer","meta":{"_acf_changed":false,"inline_featured_image":false,"footnotes":""},"categories":[38],"tags":[],"class_list":["post-3472","page","type-page","status-publish","has-post-thumbnail","hentry","category-areas-de-actuacion"],"acf":[],"yoast_head":"<!-- This site is optimized with the Yoast SEO plugin v27.4 - https:\/\/yoast.com\/product\/yoast-seo-wordpress\/ -->\n<title>Inversiones Extranjeras - Franco Advogados | S\u00e3o Paulo | Porto Alegre | Bras\u00edlia | Florian\u00f3polis<\/title>\n<meta name=\"robots\" content=\"index, follow, max-snippet:-1, max-image-preview:large, max-video-preview:-1\" \/>\n<link rel=\"canonical\" href=\"https:\/\/francoadv.com\/es\/investimento-estrangeiro\/\" \/>\n<meta property=\"og:locale\" content=\"es_ES\" \/>\n<meta property=\"og:type\" content=\"article\" \/>\n<meta property=\"og:title\" content=\"Inversiones Extranjeras - Franco Advogados | S\u00e3o Paulo | Porto Alegre | Bras\u00edlia | Florian\u00f3polis\" \/>\n<meta property=\"og:description\" content=\"Franco Advogados asesora, gracias a su gran experiencia, a personas f\u00edsicas y jur\u00eddicas for\u00e1neas que desean realizar negocios en Brasil, para lo que ofrece mecanismos para iniciar y aumentar la participaci\u00f3n de inversores en el mercado interno, observando las formalidades exigidas y siempre en conformidad con las particularidades de la legislaci\u00f3n brasile\u00f1a referentes al proceso [&hellip;]\" \/>\n<meta property=\"og:url\" content=\"https:\/\/francoadv.com\/es\/investimento-estrangeiro\/\" \/>\n<meta property=\"og:site_name\" content=\"Franco Advogados | S\u00e3o Paulo | Porto Alegre | Bras\u00edlia | Florian\u00f3polis\" \/>\n<meta property=\"og:image\" content=\"https:\/\/francoadv.com\/wp-content\/uploads\/2020\/12\/thumb-default.jpg\" \/>\n\t<meta property=\"og:image:width\" content=\"250\" \/>\n\t<meta property=\"og:image:height\" content=\"250\" \/>\n\t<meta property=\"og:image:type\" content=\"image\/jpeg\" \/>\n<meta name=\"twitter:card\" content=\"summary_large_image\" \/>\n<meta name=\"twitter:label1\" content=\"Tiempo de lectura\" \/>\n\t<meta name=\"twitter:data1\" content=\"1 minuto\" \/>\n<script type=\"application\/ld+json\" class=\"yoast-schema-graph\">{\"@context\":\"https:\\\/\\\/schema.org\",\"@graph\":[{\"@type\":\"WebPage\",\"@id\":\"https:\\\/\\\/francoadv.com\\\/es\\\/investimento-estrangeiro\\\/\",\"url\":\"https:\\\/\\\/francoadv.com\\\/es\\\/investimento-estrangeiro\\\/\",\"name\":\"Inversiones Extranjeras - Franco Advogados | S\u00e3o Paulo | Porto Alegre | Bras\u00edlia | Florian\u00f3polis\",\"isPartOf\":{\"@id\":\"https:\\\/\\\/francoadv.com\\\/es\\\/#website\"},\"primaryImageOfPage\":{\"@id\":\"https:\\\/\\\/francoadv.com\\\/es\\\/investimento-estrangeiro\\\/#primaryimage\"},\"image\":{\"@id\":\"https:\\\/\\\/francoadv.com\\\/es\\\/investimento-estrangeiro\\\/#primaryimage\"},\"thumbnailUrl\":\"https:\\\/\\\/francoadv.com\\\/wp-content\\\/uploads\\\/2020\\\/12\\\/thumb-default.jpg\",\"datePublished\":\"2021-10-07T12:30:18+00:00\",\"breadcrumb\":{\"@id\":\"https:\\\/\\\/francoadv.com\\\/es\\\/investimento-estrangeiro\\\/#breadcrumb\"},\"inLanguage\":\"es\",\"potentialAction\":[{\"@type\":\"ReadAction\",\"target\":[\"https:\\\/\\\/francoadv.com\\\/es\\\/investimento-estrangeiro\\\/\"]}]},{\"@type\":\"ImageObject\",\"inLanguage\":\"es\",\"@id\":\"https:\\\/\\\/francoadv.com\\\/es\\\/investimento-estrangeiro\\\/#primaryimage\",\"url\":\"https:\\\/\\\/francoadv.com\\\/wp-content\\\/uploads\\\/2020\\\/12\\\/thumb-default.jpg\",\"contentUrl\":\"https:\\\/\\\/francoadv.com\\\/wp-content\\\/uploads\\\/2020\\\/12\\\/thumb-default.jpg\",\"width\":250,\"height\":250},{\"@type\":\"BreadcrumbList\",\"@id\":\"https:\\\/\\\/francoadv.com\\\/es\\\/investimento-estrangeiro\\\/#breadcrumb\",\"itemListElement\":[{\"@type\":\"ListItem\",\"position\":1,\"name\":\"Home\",\"item\":\"https:\\\/\\\/francoadv.com\\\/es\\\/\"},{\"@type\":\"ListItem\",\"position\":2,\"name\":\"Inversiones Extranjeras\"}]},{\"@type\":\"WebSite\",\"@id\":\"https:\\\/\\\/francoadv.com\\\/es\\\/#website\",\"url\":\"https:\\\/\\\/francoadv.com\\\/es\\\/\",\"name\":\"Franco Advogados | S\u00e3o Paulo | Porto Alegre | Bras\u00edlia | Florian\u00f3polis\",\"description\":\"Franco Advogados Associados, FRANCO ADV, ADVOGADO EM SAO PAULO, PORTO ALEGRE, BRAS\u00cdLIA\",\"publisher\":{\"@id\":\"https:\\\/\\\/francoadv.com\\\/es\\\/#organization\"},\"potentialAction\":[{\"@type\":\"SearchAction\",\"target\":{\"@type\":\"EntryPoint\",\"urlTemplate\":\"https:\\\/\\\/francoadv.com\\\/es\\\/?s={search_term_string}\"},\"query-input\":{\"@type\":\"PropertyValueSpecification\",\"valueRequired\":true,\"valueName\":\"search_term_string\"}}],\"inLanguage\":\"es\"},{\"@type\":\"Organization\",\"@id\":\"https:\\\/\\\/francoadv.com\\\/es\\\/#organization\",\"name\":\"Franco Advogados | S\u00e3o Paulo | Porto Alegre | Bras\u00edlia | Florian\u00f3polis\",\"url\":\"https:\\\/\\\/francoadv.com\\\/es\\\/\",\"logo\":{\"@type\":\"ImageObject\",\"inLanguage\":\"es\",\"@id\":\"https:\\\/\\\/francoadv.com\\\/es\\\/#\\\/schema\\\/logo\\\/image\\\/\",\"url\":\"https:\\\/\\\/francoadv.com\\\/wp-content\\\/uploads\\\/2020\\\/08\\\/logo-franco.png\",\"contentUrl\":\"https:\\\/\\\/francoadv.com\\\/wp-content\\\/uploads\\\/2020\\\/08\\\/logo-franco.png\",\"width\":230,\"height\":20,\"caption\":\"Franco Advogados  | S\u00e3o Paulo |  Porto Alegre | Bras\u00edlia | Florian\u00f3polis\"},\"image\":{\"@id\":\"https:\\\/\\\/francoadv.com\\\/es\\\/#\\\/schema\\\/logo\\\/image\\\/\"}}]}<\/script>\n<!-- \/ Yoast SEO plugin. -->","yoast_head_json":{"title":"Inversiones Extranjeras - Franco Advogados | S\u00e3o Paulo | Porto Alegre | Bras\u00edlia | Florian\u00f3polis","robots":{"index":"index","follow":"follow","max-snippet":"max-snippet:-1","max-image-preview":"max-image-preview:large","max-video-preview":"max-video-preview:-1"},"canonical":"https:\/\/francoadv.com\/es\/investimento-estrangeiro\/","og_locale":"es_ES","og_type":"article","og_title":"Inversiones Extranjeras - Franco Advogados | S\u00e3o Paulo | Porto Alegre | Bras\u00edlia | Florian\u00f3polis","og_description":"Franco Advogados asesora, gracias a su gran experiencia, a personas f\u00edsicas y jur\u00eddicas for\u00e1neas que desean realizar negocios en Brasil, para lo que ofrece mecanismos para iniciar y aumentar la participaci\u00f3n de inversores en el mercado interno, observando las formalidades exigidas y siempre en conformidad con las particularidades de la legislaci\u00f3n brasile\u00f1a referentes al proceso [&hellip;]","og_url":"https:\/\/francoadv.com\/es\/investimento-estrangeiro\/","og_site_name":"Franco Advogados | S\u00e3o Paulo | Porto Alegre | Bras\u00edlia | Florian\u00f3polis","og_image":[{"width":250,"height":250,"url":"https:\/\/francoadv.com\/wp-content\/uploads\/2020\/12\/thumb-default.jpg","type":"image\/jpeg"}],"twitter_card":"summary_large_image","twitter_misc":{"Tiempo de lectura":"1 minuto"},"schema":{"@context":"https:\/\/schema.org","@graph":[{"@type":"WebPage","@id":"https:\/\/francoadv.com\/es\/investimento-estrangeiro\/","url":"https:\/\/francoadv.com\/es\/investimento-estrangeiro\/","name":"Inversiones Extranjeras - Franco Advogados | S\u00e3o Paulo | Porto Alegre | Bras\u00edlia | Florian\u00f3polis","isPartOf":{"@id":"https:\/\/francoadv.com\/es\/#website"},"primaryImageOfPage":{"@id":"https:\/\/francoadv.com\/es\/investimento-estrangeiro\/#primaryimage"},"image":{"@id":"https:\/\/francoadv.com\/es\/investimento-estrangeiro\/#primaryimage"},"thumbnailUrl":"https:\/\/francoadv.com\/wp-content\/uploads\/2020\/12\/thumb-default.jpg","datePublished":"2021-10-07T12:30:18+00:00","breadcrumb":{"@id":"https:\/\/francoadv.com\/es\/investimento-estrangeiro\/#breadcrumb"},"inLanguage":"es","potentialAction":[{"@type":"ReadAction","target":["https:\/\/francoadv.com\/es\/investimento-estrangeiro\/"]}]},{"@type":"ImageObject","inLanguage":"es","@id":"https:\/\/francoadv.com\/es\/investimento-estrangeiro\/#primaryimage","url":"https:\/\/francoadv.com\/wp-content\/uploads\/2020\/12\/thumb-default.jpg","contentUrl":"https:\/\/francoadv.com\/wp-content\/uploads\/2020\/12\/thumb-default.jpg","width":250,"height":250},{"@type":"BreadcrumbList","@id":"https:\/\/francoadv.com\/es\/investimento-estrangeiro\/#breadcrumb","itemListElement":[{"@type":"ListItem","position":1,"name":"Home","item":"https:\/\/francoadv.com\/es\/"},{"@type":"ListItem","position":2,"name":"Inversiones Extranjeras"}]},{"@type":"WebSite","@id":"https:\/\/francoadv.com\/es\/#website","url":"https:\/\/francoadv.com\/es\/","name":"Franco Advogados | S\u00e3o Paulo | Porto Alegre | Bras\u00edlia | Florian\u00f3polis","description":"Franco Advogados Associados, FRANCO ADV, ADVOGADO EM SAO PAULO, PORTO ALEGRE, BRAS\u00cdLIA","publisher":{"@id":"https:\/\/francoadv.com\/es\/#organization"},"potentialAction":[{"@type":"SearchAction","target":{"@type":"EntryPoint","urlTemplate":"https:\/\/francoadv.com\/es\/?s={search_term_string}"},"query-input":{"@type":"PropertyValueSpecification","valueRequired":true,"valueName":"search_term_string"}}],"inLanguage":"es"},{"@type":"Organization","@id":"https:\/\/francoadv.com\/es\/#organization","name":"Franco Advogados | S\u00e3o Paulo | Porto Alegre | Bras\u00edlia | Florian\u00f3polis","url":"https:\/\/francoadv.com\/es\/","logo":{"@type":"ImageObject","inLanguage":"es","@id":"https:\/\/francoadv.com\/es\/#\/schema\/logo\/image\/","url":"https:\/\/francoadv.com\/wp-content\/uploads\/2020\/08\/logo-franco.png","contentUrl":"https:\/\/francoadv.com\/wp-content\/uploads\/2020\/08\/logo-franco.png","width":230,"height":20,"caption":"Franco Advogados  | S\u00e3o Paulo |  Porto Alegre | Bras\u00edlia | Florian\u00f3polis"},"image":{"@id":"https:\/\/francoadv.com\/es\/#\/schema\/logo\/image\/"}}]}},"_links":{"self":[{"href":"https:\/\/francoadv.com\/es\/wp-json\/wp\/v2\/pages\/3472","targetHints":{"allow":["GET"]}}],"collection":[{"href":"https:\/\/francoadv.com\/es\/wp-json\/wp\/v2\/pages"}],"about":[{"href":"https:\/\/francoadv.com\/es\/wp-json\/wp\/v2\/types\/page"}],"author":[{"embeddable":true,"href":"https:\/\/francoadv.com\/es\/wp-json\/wp\/v2\/users\/1"}],"replies":[{"embeddable":true,"href":"https:\/\/francoadv.com\/es\/wp-json\/wp\/v2\/comments?post=3472"}],"version-history":[{"count":1,"href":"https:\/\/francoadv.com\/es\/wp-json\/wp\/v2\/pages\/3472\/revisions"}],"predecessor-version":[{"id":3473,"href":"https:\/\/francoadv.com\/es\/wp-json\/wp\/v2\/pages\/3472\/revisions\/3473"}],"wp:featuredmedia":[{"embeddable":true,"href":"https:\/\/francoadv.com\/es\/wp-json\/wp\/v2\/media\/824"}],"wp:attachment":[{"href":"https:\/\/francoadv.com\/es\/wp-json\/wp\/v2\/media?parent=3472"}],"wp:term":[{"taxonomy":"category","embeddable":true,"href":"https:\/\/francoadv.com\/es\/wp-json\/wp\/v2\/categories?post=3472"},{"taxonomy":"post_tag","embeddable":true,"href":"https:\/\/francoadv.com\/es\/wp-json\/wp\/v2\/tags?post=3472"}],"curies":[{"name":"wp","href":"https:\/\/api.w.org\/{rel}","templated":true}]}}