{"id":3490,"date":"2021-10-07T09:49:51","date_gmt":"2021-10-07T12:49:51","guid":{"rendered":"https:\/\/francoadv.com\/paulo-franco\/"},"modified":"2024-07-18T12:37:41","modified_gmt":"2024-07-18T15:37:41","slug":"paulo-franco","status":"publish","type":"page","link":"https:\/\/francoadv.com\/es\/profesionales\/paulo-franco\/","title":{"rendered":"Paulo Franco"},"content":{"rendered":"\t\t<div data-elementor-type=\"wp-page\" data-elementor-id=\"3490\" class=\"elementor elementor-3490 elementor-373\" data-elementor-post-type=\"page\">\n\t\t\t\t\t\t<section class=\"elementor-section elementor-top-section elementor-element elementor-element-8bd13dc elementor-section-boxed elementor-section-height-default elementor-section-height-default\" data-id=\"8bd13dc\" data-element_type=\"section\" data-e-type=\"section\">\n\t\t\t\t\t\t<div class=\"elementor-container elementor-column-gap-default\">\n\t\t\t\t\t<div class=\"elementor-column elementor-col-100 elementor-top-column elementor-element elementor-element-8d73259\" data-id=\"8d73259\" data-element_type=\"column\" data-e-type=\"column\">\n\t\t\t<div class=\"elementor-widget-wrap elementor-element-populated\">\n\t\t\t\t\t\t<div class=\"elementor-element elementor-element-c4fd77c elementor-widget elementor-widget-breadcrumbs\" data-id=\"c4fd77c\" data-element_type=\"widget\" data-e-type=\"widget\" data-widget_type=\"breadcrumbs.default\">\n\t\t\t\t<div class=\"elementor-widget-container\">\n\t\t\t\t\t<p id=\"breadcrumbs\"><span><span><a href=\"https:\/\/francoadv.com\/es\/\">Home<\/a><\/span><\/span><\/p>\t\t\t\t<\/div>\n\t\t\t\t<\/div>\n\t\t\t\t<div class=\"elementor-element elementor-element-53e3f4a elementor-widget elementor-widget-theme-post-title elementor-page-title elementor-widget-heading\" data-id=\"53e3f4a\" data-element_type=\"widget\" data-e-type=\"widget\" data-widget_type=\"theme-post-title.default\">\n\t\t\t\t<div class=\"elementor-widget-container\">\n\t\t\t\t\t<h1 class=\"elementor-heading-title elementor-size-default\">Paulo Franco<\/h1>\t\t\t\t<\/div>\n\t\t\t\t<\/div>\n\t\t\t\t\t<\/div>\n\t\t<\/div>\n\t\t\t\t\t<\/div>\n\t\t<\/section>\n\t\t\t\t<section class=\"elementor-section elementor-top-section elementor-element elementor-element-7f33b14 elementor-section-boxed elementor-section-height-default elementor-section-height-default\" data-id=\"7f33b14\" data-element_type=\"section\" data-e-type=\"section\">\n\t\t\t\t\t\t<div class=\"elementor-container elementor-column-gap-default\">\n\t\t\t\t\t<div class=\"elementor-column elementor-col-100 elementor-top-column elementor-element elementor-element-6790229\" data-id=\"6790229\" data-element_type=\"column\" data-e-type=\"column\">\n\t\t\t<div class=\"elementor-widget-wrap elementor-element-populated\">\n\t\t\t\t\t\t<div class=\"elementor-element elementor-element-57b2829 elementor-widget elementor-widget-theme-post-featured-image elementor-widget-image\" data-id=\"57b2829\" data-element_type=\"widget\" data-e-type=\"widget\" data-widget_type=\"theme-post-featured-image.default\">\n\t\t\t\t<div class=\"elementor-widget-container\">\n\t\t\t\t\t\t\t\t\t\t\t\t\t\t\t<img fetchpriority=\"high\" decoding=\"async\" width=\"400\" height=\"400\" src=\"https:\/\/francoadv.com\/wp-content\/uploads\/2025\/08\/paulo002.png\" class=\"attachment-full size-full wp-image-5458\" alt=\"\" srcset=\"https:\/\/francoadv.com\/wp-content\/uploads\/2025\/08\/paulo002.png 400w, https:\/\/francoadv.com\/wp-content\/uploads\/2025\/08\/paulo002-315x315.png 315w, https:\/\/francoadv.com\/wp-content\/uploads\/2025\/08\/paulo002-250x250.png 250w\" sizes=\"(max-width: 400px) 100vw, 400px\" \/>\t\t\t\t\t\t\t\t\t\t\t\t\t\t\t<\/div>\n\t\t\t\t<\/div>\n\t\t\t\t\t<\/div>\n\t\t<\/div>\n\t\t\t\t\t<\/div>\n\t\t<\/section>\n\t\t\t\t<section class=\"elementor-section elementor-top-section elementor-element elementor-element-170e8c9 elementor-section-boxed elementor-section-height-default elementor-section-height-default\" data-id=\"170e8c9\" data-element_type=\"section\" data-e-type=\"section\">\n\t\t\t\t\t\t<div class=\"elementor-container elementor-column-gap-default\">\n\t\t\t\t\t<div class=\"elementor-column elementor-col-100 elementor-top-column elementor-element elementor-element-8d1e727\" data-id=\"8d1e727\" data-element_type=\"column\" data-e-type=\"column\">\n\t\t\t<div class=\"elementor-widget-wrap elementor-element-populated\">\n\t\t\t\t\t\t<div class=\"elementor-element elementor-element-b398145 elementor-widget elementor-widget-text-editor\" data-id=\"b398145\" data-element_type=\"widget\" data-e-type=\"widget\" data-widget_type=\"text-editor.default\">\n\t\t\t\t<div class=\"elementor-widget-container\">\n\t\t\t\t\t\t\t\t\t<p>S\u00f3cio fundador do escrit\u00f3rio com mais de 20 anos de experi\u00eancia, Paulo Franco tem destacada atua\u00e7\u00e3o em contencioso judicial, sendo respons\u00e1vel pela gest\u00e3o, acompanhamento e defini\u00e7\u00e3o de estrat\u00e9gia de processos de alta complexidade, especialmente disputas societ\u00e1rias e contratuais.<\/p><p><strong>Realizou due diligences e acompanhou opera\u00e7\u00f5es de compra e venda de institui\u00e7\u00f5es financeiras no Brasil. <\/strong><\/p><p>Atualmente tem sua atividade tamb\u00e9m voltada ao direito societ\u00e1rio, estruturando a implanta\u00e7\u00e3o\/opera\u00e7\u00e3o de empresas estrangeiras no Brasil (investimento estrangeiro), al\u00e9m de coordena\u00e7\u00e3o e processos de fus\u00f5es e aquisi\u00e7\u00f5es, especialmente de empresas de tecnologia-internet e infraestrutura.<\/p>\t\t\t\t\t\t\t\t<\/div>\n\t\t\t\t<\/div>\n\t\t\t\t\t<\/div>\n\t\t<\/div>\n\t\t\t\t\t<\/div>\n\t\t<\/section>\n\t\t\t\t<\/div>\n\t\t","protected":false},"excerpt":{"rendered":"<p>Unidad: S\u00e3o Paulo. \u00c1reas de actuaci\u00f3n: Procesos Judiciales en el \u00e1mbito Empresarial, Societario y de Inversiones Extranjeras. Formaci\u00f3n acad\u00e9mica: Posgrado en Derecho Internacional por la Universidade Federal de Rio Grande do Sul \u2013 UFRGS (2002); Graduaci\u00f3n en Derecho por la Universidade Federal de Santa Maria \u2013 UFSM (1993). Idiomas: Portugu\u00e9s. Experiencia profesional: Socio fundador de [&hellip;]<\/p>\n","protected":false},"author":1,"featured_media":5458,"parent":3574,"menu_order":0,"comment_status":"closed","ping_status":"closed","template":"","meta":{"_acf_changed":false,"inline_featured_image":false,"footnotes":""},"categories":[39],"tags":[],"class_list":["post-3490","page","type-page","status-publish","has-post-thumbnail","hentry","category-profesionales"],"acf":[],"yoast_head":"<!-- This site is optimized with the Yoast SEO plugin v27.5 - https:\/\/yoast.com\/product\/yoast-seo-wordpress\/ -->\n<title>Paulo Franco - Franco Advogados | S\u00e3o Paulo | Porto Alegre | Bras\u00edlia | Florian\u00f3polis<\/title>\n<meta name=\"robots\" content=\"index, follow, max-snippet:-1, max-image-preview:large, max-video-preview:-1\" \/>\n<link rel=\"canonical\" href=\"https:\/\/francoadv.com\/es\/profesionales\/paulo-franco\/\" \/>\n<meta property=\"og:locale\" content=\"es_ES\" \/>\n<meta property=\"og:type\" content=\"article\" \/>\n<meta property=\"og:title\" content=\"Paulo Franco - Franco Advogados | S\u00e3o Paulo | Porto Alegre | Bras\u00edlia | Florian\u00f3polis\" \/>\n<meta property=\"og:description\" content=\"Unidad: S\u00e3o Paulo. \u00c1reas de actuaci\u00f3n: Procesos Judiciales en el \u00e1mbito Empresarial, Societario y de Inversiones Extranjeras. Formaci\u00f3n acad\u00e9mica: Posgrado en Derecho Internacional por la Universidade Federal de Rio Grande do Sul \u2013 UFRGS (2002); Graduaci\u00f3n en Derecho por la Universidade Federal de Santa Maria \u2013 UFSM (1993). Idiomas: Portugu\u00e9s. Experiencia profesional: Socio fundador de [&hellip;]\" \/>\n<meta property=\"og:url\" content=\"https:\/\/francoadv.com\/es\/profesionales\/paulo-franco\/\" \/>\n<meta property=\"og:site_name\" content=\"Franco Advogados | S\u00e3o Paulo | Porto Alegre | Bras\u00edlia | Florian\u00f3polis\" \/>\n<meta property=\"article:modified_time\" content=\"2024-07-18T15:37:41+00:00\" \/>\n<meta property=\"og:image\" content=\"https:\/\/francoadv.com\/wp-content\/uploads\/2025\/08\/paulo002.png\" \/>\n\t<meta property=\"og:image:width\" content=\"400\" \/>\n\t<meta property=\"og:image:height\" content=\"400\" \/>\n\t<meta property=\"og:image:type\" content=\"image\/png\" \/>\n<meta name=\"twitter:card\" content=\"summary_large_image\" \/>\n<meta name=\"twitter:label1\" content=\"Tiempo de lectura\" \/>\n\t<meta name=\"twitter:data1\" content=\"1 minuto\" \/>\n<script type=\"application\/ld+json\" class=\"yoast-schema-graph\">{\"@context\":\"https:\\\/\\\/schema.org\",\"@graph\":[{\"@type\":\"WebPage\",\"@id\":\"https:\\\/\\\/francoadv.com\\\/es\\\/profesionales\\\/paulo-franco\\\/\",\"url\":\"https:\\\/\\\/francoadv.com\\\/es\\\/profesionales\\\/paulo-franco\\\/\",\"name\":\"Paulo Franco - Franco Advogados | S\u00e3o Paulo | Porto Alegre | Bras\u00edlia | Florian\u00f3polis\",\"isPartOf\":{\"@id\":\"https:\\\/\\\/francoadv.com\\\/es\\\/#website\"},\"primaryImageOfPage\":{\"@id\":\"https:\\\/\\\/francoadv.com\\\/es\\\/profesionales\\\/paulo-franco\\\/#primaryimage\"},\"image\":{\"@id\":\"https:\\\/\\\/francoadv.com\\\/es\\\/profesionales\\\/paulo-franco\\\/#primaryimage\"},\"thumbnailUrl\":\"https:\\\/\\\/francoadv.com\\\/wp-content\\\/uploads\\\/2025\\\/08\\\/paulo002.png\",\"datePublished\":\"2021-10-07T12:49:51+00:00\",\"dateModified\":\"2024-07-18T15:37:41+00:00\",\"breadcrumb\":{\"@id\":\"https:\\\/\\\/francoadv.com\\\/es\\\/profesionales\\\/paulo-franco\\\/#breadcrumb\"},\"inLanguage\":\"es\",\"potentialAction\":[{\"@type\":\"ReadAction\",\"target\":[\"https:\\\/\\\/francoadv.com\\\/es\\\/profesionales\\\/paulo-franco\\\/\"]}]},{\"@type\":\"ImageObject\",\"inLanguage\":\"es\",\"@id\":\"https:\\\/\\\/francoadv.com\\\/es\\\/profesionales\\\/paulo-franco\\\/#primaryimage\",\"url\":\"https:\\\/\\\/francoadv.com\\\/wp-content\\\/uploads\\\/2025\\\/08\\\/paulo002.png\",\"contentUrl\":\"https:\\\/\\\/francoadv.com\\\/wp-content\\\/uploads\\\/2025\\\/08\\\/paulo002.png\",\"width\":400,\"height\":400},{\"@type\":\"BreadcrumbList\",\"@id\":\"https:\\\/\\\/francoadv.com\\\/es\\\/profesionales\\\/paulo-franco\\\/#breadcrumb\",\"itemListElement\":[{\"@type\":\"ListItem\",\"position\":1,\"name\":\"Home\",\"item\":\"https:\\\/\\\/francoadv.com\\\/es\\\/\"},{\"@type\":\"ListItem\",\"position\":2,\"name\":\"Profesionales\",\"item\":\"https:\\\/\\\/francoadv.com\\\/es\\\/profissionais\\\/\"},{\"@type\":\"ListItem\",\"position\":3,\"name\":\"Paulo Franco\"}]},{\"@type\":\"WebSite\",\"@id\":\"https:\\\/\\\/francoadv.com\\\/es\\\/#website\",\"url\":\"https:\\\/\\\/francoadv.com\\\/es\\\/\",\"name\":\"Franco Advogados | S\u00e3o Paulo | Porto Alegre | Bras\u00edlia | Florian\u00f3polis\",\"description\":\"Franco Advogados Associados, FRANCO ADV, ADVOGADO EM SAO PAULO, PORTO ALEGRE, BRAS\u00cdLIA\",\"publisher\":{\"@id\":\"https:\\\/\\\/francoadv.com\\\/es\\\/#organization\"},\"potentialAction\":[{\"@type\":\"SearchAction\",\"target\":{\"@type\":\"EntryPoint\",\"urlTemplate\":\"https:\\\/\\\/francoadv.com\\\/es\\\/?s={search_term_string}\"},\"query-input\":{\"@type\":\"PropertyValueSpecification\",\"valueRequired\":true,\"valueName\":\"search_term_string\"}}],\"inLanguage\":\"es\"},{\"@type\":\"Organization\",\"@id\":\"https:\\\/\\\/francoadv.com\\\/es\\\/#organization\",\"name\":\"Franco Advogados | S\u00e3o Paulo | Porto Alegre | Bras\u00edlia | Florian\u00f3polis\",\"url\":\"https:\\\/\\\/francoadv.com\\\/es\\\/\",\"logo\":{\"@type\":\"ImageObject\",\"inLanguage\":\"es\",\"@id\":\"https:\\\/\\\/francoadv.com\\\/es\\\/#\\\/schema\\\/logo\\\/image\\\/\",\"url\":\"https:\\\/\\\/francoadv.com\\\/wp-content\\\/uploads\\\/2020\\\/08\\\/logo-franco.png\",\"contentUrl\":\"https:\\\/\\\/francoadv.com\\\/wp-content\\\/uploads\\\/2020\\\/08\\\/logo-franco.png\",\"width\":230,\"height\":20,\"caption\":\"Franco Advogados  | S\u00e3o Paulo |  Porto Alegre | Bras\u00edlia | Florian\u00f3polis\"},\"image\":{\"@id\":\"https:\\\/\\\/francoadv.com\\\/es\\\/#\\\/schema\\\/logo\\\/image\\\/\"}}]}<\/script>\n<!-- \/ Yoast SEO plugin. -->","yoast_head_json":{"title":"Paulo Franco - Franco Advogados | S\u00e3o Paulo | Porto Alegre | Bras\u00edlia | Florian\u00f3polis","robots":{"index":"index","follow":"follow","max-snippet":"max-snippet:-1","max-image-preview":"max-image-preview:large","max-video-preview":"max-video-preview:-1"},"canonical":"https:\/\/francoadv.com\/es\/profesionales\/paulo-franco\/","og_locale":"es_ES","og_type":"article","og_title":"Paulo Franco - Franco Advogados | S\u00e3o Paulo | Porto Alegre | Bras\u00edlia | Florian\u00f3polis","og_description":"Unidad: S\u00e3o Paulo. \u00c1reas de actuaci\u00f3n: Procesos Judiciales en el \u00e1mbito Empresarial, Societario y de Inversiones Extranjeras. Formaci\u00f3n acad\u00e9mica: Posgrado en Derecho Internacional por la Universidade Federal de Rio Grande do Sul \u2013 UFRGS (2002); Graduaci\u00f3n en Derecho por la Universidade Federal de Santa Maria \u2013 UFSM (1993). Idiomas: Portugu\u00e9s. Experiencia profesional: Socio fundador de [&hellip;]","og_url":"https:\/\/francoadv.com\/es\/profesionales\/paulo-franco\/","og_site_name":"Franco Advogados | S\u00e3o Paulo | Porto Alegre | Bras\u00edlia | Florian\u00f3polis","article_modified_time":"2024-07-18T15:37:41+00:00","og_image":[{"width":400,"height":400,"url":"https:\/\/francoadv.com\/wp-content\/uploads\/2025\/08\/paulo002.png","type":"image\/png"}],"twitter_card":"summary_large_image","twitter_misc":{"Tiempo de lectura":"1 minuto"},"schema":{"@context":"https:\/\/schema.org","@graph":[{"@type":"WebPage","@id":"https:\/\/francoadv.com\/es\/profesionales\/paulo-franco\/","url":"https:\/\/francoadv.com\/es\/profesionales\/paulo-franco\/","name":"Paulo Franco - Franco Advogados | S\u00e3o Paulo | Porto Alegre | Bras\u00edlia | Florian\u00f3polis","isPartOf":{"@id":"https:\/\/francoadv.com\/es\/#website"},"primaryImageOfPage":{"@id":"https:\/\/francoadv.com\/es\/profesionales\/paulo-franco\/#primaryimage"},"image":{"@id":"https:\/\/francoadv.com\/es\/profesionales\/paulo-franco\/#primaryimage"},"thumbnailUrl":"https:\/\/francoadv.com\/wp-content\/uploads\/2025\/08\/paulo002.png","datePublished":"2021-10-07T12:49:51+00:00","dateModified":"2024-07-18T15:37:41+00:00","breadcrumb":{"@id":"https:\/\/francoadv.com\/es\/profesionales\/paulo-franco\/#breadcrumb"},"inLanguage":"es","potentialAction":[{"@type":"ReadAction","target":["https:\/\/francoadv.com\/es\/profesionales\/paulo-franco\/"]}]},{"@type":"ImageObject","inLanguage":"es","@id":"https:\/\/francoadv.com\/es\/profesionales\/paulo-franco\/#primaryimage","url":"https:\/\/francoadv.com\/wp-content\/uploads\/2025\/08\/paulo002.png","contentUrl":"https:\/\/francoadv.com\/wp-content\/uploads\/2025\/08\/paulo002.png","width":400,"height":400},{"@type":"BreadcrumbList","@id":"https:\/\/francoadv.com\/es\/profesionales\/paulo-franco\/#breadcrumb","itemListElement":[{"@type":"ListItem","position":1,"name":"Home","item":"https:\/\/francoadv.com\/es\/"},{"@type":"ListItem","position":2,"name":"Profesionales","item":"https:\/\/francoadv.com\/es\/profissionais\/"},{"@type":"ListItem","position":3,"name":"Paulo Franco"}]},{"@type":"WebSite","@id":"https:\/\/francoadv.com\/es\/#website","url":"https:\/\/francoadv.com\/es\/","name":"Franco Advogados | S\u00e3o Paulo | Porto Alegre | Bras\u00edlia | Florian\u00f3polis","description":"Franco Advogados Associados, FRANCO ADV, ADVOGADO EM SAO PAULO, PORTO ALEGRE, BRAS\u00cdLIA","publisher":{"@id":"https:\/\/francoadv.com\/es\/#organization"},"potentialAction":[{"@type":"SearchAction","target":{"@type":"EntryPoint","urlTemplate":"https:\/\/francoadv.com\/es\/?s={search_term_string}"},"query-input":{"@type":"PropertyValueSpecification","valueRequired":true,"valueName":"search_term_string"}}],"inLanguage":"es"},{"@type":"Organization","@id":"https:\/\/francoadv.com\/es\/#organization","name":"Franco Advogados | S\u00e3o Paulo | Porto Alegre | Bras\u00edlia | Florian\u00f3polis","url":"https:\/\/francoadv.com\/es\/","logo":{"@type":"ImageObject","inLanguage":"es","@id":"https:\/\/francoadv.com\/es\/#\/schema\/logo\/image\/","url":"https:\/\/francoadv.com\/wp-content\/uploads\/2020\/08\/logo-franco.png","contentUrl":"https:\/\/francoadv.com\/wp-content\/uploads\/2020\/08\/logo-franco.png","width":230,"height":20,"caption":"Franco Advogados  | S\u00e3o Paulo |  Porto Alegre | Bras\u00edlia | Florian\u00f3polis"},"image":{"@id":"https:\/\/francoadv.com\/es\/#\/schema\/logo\/image\/"}}]}},"_links":{"self":[{"href":"https:\/\/francoadv.com\/es\/wp-json\/wp\/v2\/pages\/3490","targetHints":{"allow":["GET"]}}],"collection":[{"href":"https:\/\/francoadv.com\/es\/wp-json\/wp\/v2\/pages"}],"about":[{"href":"https:\/\/francoadv.com\/es\/wp-json\/wp\/v2\/types\/page"}],"author":[{"embeddable":true,"href":"https:\/\/francoadv.com\/es\/wp-json\/wp\/v2\/users\/1"}],"replies":[{"embeddable":true,"href":"https:\/\/francoadv.com\/es\/wp-json\/wp\/v2\/comments?post=3490"}],"version-history":[{"count":5,"href":"https:\/\/francoadv.com\/es\/wp-json\/wp\/v2\/pages\/3490\/revisions"}],"predecessor-version":[{"id":4792,"href":"https:\/\/francoadv.com\/es\/wp-json\/wp\/v2\/pages\/3490\/revisions\/4792"}],"up":[{"embeddable":true,"href":"https:\/\/francoadv.com\/es\/wp-json\/wp\/v2\/pages\/3574"}],"wp:featuredmedia":[{"embeddable":true,"href":"https:\/\/francoadv.com\/es\/wp-json\/wp\/v2\/media\/5458"}],"wp:attachment":[{"href":"https:\/\/francoadv.com\/es\/wp-json\/wp\/v2\/media?parent=3490"}],"wp:term":[{"taxonomy":"category","embeddable":true,"href":"https:\/\/francoadv.com\/es\/wp-json\/wp\/v2\/categories?post=3490"},{"taxonomy":"post_tag","embeddable":true,"href":"https:\/\/francoadv.com\/es\/wp-json\/wp\/v2\/tags?post=3490"}],"curies":[{"name":"wp","href":"https:\/\/api.w.org\/{rel}","templated":true}]}}