{"id":3503,"date":"2021-10-07T10:23:18","date_gmt":"2021-10-07T13:23:18","guid":{"rendered":"https:\/\/francoadv.com\/thais-pinhata\/"},"modified":"2024-07-18T12:33:15","modified_gmt":"2024-07-18T15:33:15","slug":"thais-pinhata","status":"publish","type":"page","link":"https:\/\/francoadv.com\/es\/profesionales\/thais-pinhata\/","title":{"rendered":"Tha\u00eds Pinhata"},"content":{"rendered":"<p><strong>Unidad:<br \/>\n<\/strong>R\u00edo de Janeiro.<\/p>\n<p><strong>\u00c1reas de actuaci\u00f3n:<br \/>\n<\/strong>Derecho Penal Empresarial.<\/p>\n<p><strong>Formaci\u00f3n acad\u00e9mica:<\/strong><br \/>\nDoctorado en Derecho por la Universidade de S\u00e3o Paulo \u2013 USP;<br \/>\nMaestr\u00eda en Filosof\u00eda y Teor\u00eda General del Derecho por la Universidade de S\u00e3o Paulo \u2013 USP (2015);<br \/>\nGraduaci\u00f3n en Derecho por la Universidade Federal de Paran\u00e1 &#8211; UFPR (2012).<\/p>\n<p><strong>Idiomas:<br \/>\n<\/strong>Portugu\u00e9s, Ingl\u00e9s, Italiano y Espa\u00f1ol.<\/p>\n<p><strong>Experiencia profesional:<\/strong><\/p>\n<ul>\n<li style=\"font-weight: 400;\" aria-level=\"1\">Tha\u00eds Pinhata <span style=\"font-weight: 400;\">est\u00e1 a cargo <\/span><span style=\"font-weight: 400;\">de las \u00e1reas de<\/span><span style=\"font-weight: 400;\"> derecho penal y <\/span><i><span style=\"font-weight: 400;\">compliance<\/span><\/i><span style=\"font-weight: 400;\"> y \u00e9tica corporativa <\/span><span style=\"font-weight: 400;\">de Franco Advogados.<\/span><\/li>\n<li style=\"font-weight: 400;\" aria-level=\"1\"><span style=\"font-weight: 400;\">Su actuaci\u00f3n se centra en el \u00e1mbito penal, tanto en de \u00edndole consultiva como litigiosa, desde hace varios a\u00f1os.<\/span><\/li>\n<li style=\"font-weight: 400;\" aria-level=\"1\"><span style=\"font-weight: 400;\">Public\u00f3 diversos art\u00edculos en peri\u00f3dicos y sitios jur\u00eddicos de gran circulaci\u00f3n.<\/span><\/li>\n<li style=\"font-weight: 400;\" aria-level=\"1\"><span style=\"font-weight: 400;\">Es autora de un libro publicado, adem\u00e1s de participar en otros tres libros de autor\u00eda colectiva en las \u00e1reas del derecho penal y del derecho constitucional.<\/span><\/li>\n<li style=\"font-weight: 400;\" aria-level=\"1\"><span style=\"font-weight: 400;\">Actualmente, colabora con proyectos de extensi\u00f3n y formaci\u00f3n en la Universidad Federal de R\u00edo de Janeiro (UFRJ).<\/span><\/li>\n<li style=\"font-weight: 400;\" aria-level=\"1\"><span style=\"font-weight: 400;\">Fue miembro del Foro de la Juventud Negra de Paran\u00e1 y de la Red de Mujeres Negras de Paran\u00e1.<\/span><\/li>\n<\/ul>\n<p><b>Producciones bibliogr\u00e1ficas:<br \/>\n<\/b><span style=\"font-weight: 400;\">PINHATA, Tha\u00eds. <em>Fragilidades Resistentes: Mujeres y los T\u00e9rminos del Bien Vivir<\/em>. Editorial Autografia, 2018.<\/span><\/p>\n","protected":false},"excerpt":{"rendered":"<p>Unidad: R\u00edo de Janeiro. \u00c1reas de actuaci\u00f3n: Derecho Penal Empresarial. Formaci\u00f3n acad\u00e9mica: Doctorado en Derecho por la Universidade de S\u00e3o Paulo \u2013 USP; Maestr\u00eda en Filosof\u00eda y Teor\u00eda General del Derecho por la Universidade de S\u00e3o Paulo \u2013 USP (2015); Graduaci\u00f3n en Derecho por la Universidade Federal de Paran\u00e1 &#8211; UFPR (2012). Idiomas: Portugu\u00e9s, Ingl\u00e9s, [&hellip;]<\/p>\n","protected":false},"author":1,"featured_media":2823,"parent":3574,"menu_order":0,"comment_status":"closed","ping_status":"closed","template":"","meta":{"_acf_changed":false,"inline_featured_image":false,"footnotes":""},"categories":[39],"tags":[],"class_list":["post-3503","page","type-page","status-publish","has-post-thumbnail","hentry","category-profesionales"],"acf":[],"yoast_head":"<!-- This site is optimized with the Yoast SEO plugin v27.4 - https:\/\/yoast.com\/product\/yoast-seo-wordpress\/ -->\n<title>Tha\u00eds Pinhata - Franco Advogados | S\u00e3o Paulo | Porto Alegre | Bras\u00edlia | Florian\u00f3polis<\/title>\n<meta name=\"robots\" content=\"index, follow, max-snippet:-1, max-image-preview:large, max-video-preview:-1\" \/>\n<link rel=\"canonical\" href=\"https:\/\/francoadv.com\/es\/profesionales\/thais-pinhata\/\" \/>\n<meta property=\"og:locale\" content=\"es_ES\" \/>\n<meta property=\"og:type\" content=\"article\" \/>\n<meta property=\"og:title\" content=\"Tha\u00eds Pinhata - Franco Advogados | S\u00e3o Paulo | Porto Alegre | Bras\u00edlia | Florian\u00f3polis\" \/>\n<meta property=\"og:description\" content=\"Unidad: R\u00edo de Janeiro. \u00c1reas de actuaci\u00f3n: Derecho Penal Empresarial. Formaci\u00f3n acad\u00e9mica: Doctorado en Derecho por la Universidade de S\u00e3o Paulo \u2013 USP; Maestr\u00eda en Filosof\u00eda y Teor\u00eda General del Derecho por la Universidade de S\u00e3o Paulo \u2013 USP (2015); Graduaci\u00f3n en Derecho por la Universidade Federal de Paran\u00e1 &#8211; UFPR (2012). Idiomas: Portugu\u00e9s, Ingl\u00e9s, [&hellip;]\" \/>\n<meta property=\"og:url\" content=\"https:\/\/francoadv.com\/es\/profesionales\/thais-pinhata\/\" \/>\n<meta property=\"og:site_name\" content=\"Franco Advogados | S\u00e3o Paulo | Porto Alegre | Bras\u00edlia | Florian\u00f3polis\" \/>\n<meta property=\"article:modified_time\" content=\"2024-07-18T15:33:15+00:00\" \/>\n<meta property=\"og:image\" content=\"https:\/\/francoadv.com\/wp-content\/uploads\/2021\/04\/thais.png\" \/>\n\t<meta property=\"og:image:width\" content=\"400\" \/>\n\t<meta property=\"og:image:height\" content=\"400\" \/>\n\t<meta property=\"og:image:type\" content=\"image\/png\" \/>\n<meta name=\"twitter:card\" content=\"summary_large_image\" \/>\n<meta name=\"twitter:label1\" content=\"Tiempo de lectura\" \/>\n\t<meta name=\"twitter:data1\" content=\"1 minuto\" \/>\n<script type=\"application\/ld+json\" class=\"yoast-schema-graph\">{\"@context\":\"https:\\\/\\\/schema.org\",\"@graph\":[{\"@type\":\"WebPage\",\"@id\":\"https:\\\/\\\/francoadv.com\\\/es\\\/profesionales\\\/thais-pinhata\\\/\",\"url\":\"https:\\\/\\\/francoadv.com\\\/es\\\/profesionales\\\/thais-pinhata\\\/\",\"name\":\"Tha\u00eds Pinhata - Franco Advogados | S\u00e3o Paulo | Porto Alegre | Bras\u00edlia | Florian\u00f3polis\",\"isPartOf\":{\"@id\":\"https:\\\/\\\/francoadv.com\\\/es\\\/#website\"},\"primaryImageOfPage\":{\"@id\":\"https:\\\/\\\/francoadv.com\\\/es\\\/profesionales\\\/thais-pinhata\\\/#primaryimage\"},\"image\":{\"@id\":\"https:\\\/\\\/francoadv.com\\\/es\\\/profesionales\\\/thais-pinhata\\\/#primaryimage\"},\"thumbnailUrl\":\"https:\\\/\\\/francoadv.com\\\/wp-content\\\/uploads\\\/2021\\\/04\\\/thais.png\",\"datePublished\":\"2021-10-07T13:23:18+00:00\",\"dateModified\":\"2024-07-18T15:33:15+00:00\",\"breadcrumb\":{\"@id\":\"https:\\\/\\\/francoadv.com\\\/es\\\/profesionales\\\/thais-pinhata\\\/#breadcrumb\"},\"inLanguage\":\"es\",\"potentialAction\":[{\"@type\":\"ReadAction\",\"target\":[\"https:\\\/\\\/francoadv.com\\\/es\\\/profesionales\\\/thais-pinhata\\\/\"]}]},{\"@type\":\"ImageObject\",\"inLanguage\":\"es\",\"@id\":\"https:\\\/\\\/francoadv.com\\\/es\\\/profesionales\\\/thais-pinhata\\\/#primaryimage\",\"url\":\"https:\\\/\\\/francoadv.com\\\/wp-content\\\/uploads\\\/2021\\\/04\\\/thais.png\",\"contentUrl\":\"https:\\\/\\\/francoadv.com\\\/wp-content\\\/uploads\\\/2021\\\/04\\\/thais.png\",\"width\":400,\"height\":400},{\"@type\":\"BreadcrumbList\",\"@id\":\"https:\\\/\\\/francoadv.com\\\/es\\\/profesionales\\\/thais-pinhata\\\/#breadcrumb\",\"itemListElement\":[{\"@type\":\"ListItem\",\"position\":1,\"name\":\"Home\",\"item\":\"https:\\\/\\\/francoadv.com\\\/es\\\/\"},{\"@type\":\"ListItem\",\"position\":2,\"name\":\"Profesionales\",\"item\":\"https:\\\/\\\/francoadv.com\\\/es\\\/profissionais\\\/\"},{\"@type\":\"ListItem\",\"position\":3,\"name\":\"Tha\u00eds Pinhata\"}]},{\"@type\":\"WebSite\",\"@id\":\"https:\\\/\\\/francoadv.com\\\/es\\\/#website\",\"url\":\"https:\\\/\\\/francoadv.com\\\/es\\\/\",\"name\":\"Franco Advogados | S\u00e3o Paulo | Porto Alegre | Bras\u00edlia | Florian\u00f3polis\",\"description\":\"Franco Advogados Associados, FRANCO ADV, ADVOGADO EM SAO PAULO, PORTO ALEGRE, BRAS\u00cdLIA\",\"publisher\":{\"@id\":\"https:\\\/\\\/francoadv.com\\\/es\\\/#organization\"},\"potentialAction\":[{\"@type\":\"SearchAction\",\"target\":{\"@type\":\"EntryPoint\",\"urlTemplate\":\"https:\\\/\\\/francoadv.com\\\/es\\\/?s={search_term_string}\"},\"query-input\":{\"@type\":\"PropertyValueSpecification\",\"valueRequired\":true,\"valueName\":\"search_term_string\"}}],\"inLanguage\":\"es\"},{\"@type\":\"Organization\",\"@id\":\"https:\\\/\\\/francoadv.com\\\/es\\\/#organization\",\"name\":\"Franco Advogados | S\u00e3o Paulo | Porto Alegre | Bras\u00edlia | Florian\u00f3polis\",\"url\":\"https:\\\/\\\/francoadv.com\\\/es\\\/\",\"logo\":{\"@type\":\"ImageObject\",\"inLanguage\":\"es\",\"@id\":\"https:\\\/\\\/francoadv.com\\\/es\\\/#\\\/schema\\\/logo\\\/image\\\/\",\"url\":\"https:\\\/\\\/francoadv.com\\\/wp-content\\\/uploads\\\/2020\\\/08\\\/logo-franco.png\",\"contentUrl\":\"https:\\\/\\\/francoadv.com\\\/wp-content\\\/uploads\\\/2020\\\/08\\\/logo-franco.png\",\"width\":230,\"height\":20,\"caption\":\"Franco Advogados  | S\u00e3o Paulo |  Porto Alegre | Bras\u00edlia | Florian\u00f3polis\"},\"image\":{\"@id\":\"https:\\\/\\\/francoadv.com\\\/es\\\/#\\\/schema\\\/logo\\\/image\\\/\"}}]}<\/script>\n<!-- \/ Yoast SEO plugin. -->","yoast_head_json":{"title":"Tha\u00eds Pinhata - Franco Advogados | S\u00e3o Paulo | Porto Alegre | Bras\u00edlia | Florian\u00f3polis","robots":{"index":"index","follow":"follow","max-snippet":"max-snippet:-1","max-image-preview":"max-image-preview:large","max-video-preview":"max-video-preview:-1"},"canonical":"https:\/\/francoadv.com\/es\/profesionales\/thais-pinhata\/","og_locale":"es_ES","og_type":"article","og_title":"Tha\u00eds Pinhata - Franco Advogados | S\u00e3o Paulo | Porto Alegre | Bras\u00edlia | Florian\u00f3polis","og_description":"Unidad: R\u00edo de Janeiro. \u00c1reas de actuaci\u00f3n: Derecho Penal Empresarial. Formaci\u00f3n acad\u00e9mica: Doctorado en Derecho por la Universidade de S\u00e3o Paulo \u2013 USP; Maestr\u00eda en Filosof\u00eda y Teor\u00eda General del Derecho por la Universidade de S\u00e3o Paulo \u2013 USP (2015); Graduaci\u00f3n en Derecho por la Universidade Federal de Paran\u00e1 &#8211; UFPR (2012). Idiomas: Portugu\u00e9s, Ingl\u00e9s, [&hellip;]","og_url":"https:\/\/francoadv.com\/es\/profesionales\/thais-pinhata\/","og_site_name":"Franco Advogados | S\u00e3o Paulo | Porto Alegre | Bras\u00edlia | Florian\u00f3polis","article_modified_time":"2024-07-18T15:33:15+00:00","og_image":[{"width":400,"height":400,"url":"https:\/\/francoadv.com\/wp-content\/uploads\/2021\/04\/thais.png","type":"image\/png"}],"twitter_card":"summary_large_image","twitter_misc":{"Tiempo de lectura":"1 minuto"},"schema":{"@context":"https:\/\/schema.org","@graph":[{"@type":"WebPage","@id":"https:\/\/francoadv.com\/es\/profesionales\/thais-pinhata\/","url":"https:\/\/francoadv.com\/es\/profesionales\/thais-pinhata\/","name":"Tha\u00eds Pinhata - Franco Advogados | S\u00e3o Paulo | Porto Alegre | Bras\u00edlia | Florian\u00f3polis","isPartOf":{"@id":"https:\/\/francoadv.com\/es\/#website"},"primaryImageOfPage":{"@id":"https:\/\/francoadv.com\/es\/profesionales\/thais-pinhata\/#primaryimage"},"image":{"@id":"https:\/\/francoadv.com\/es\/profesionales\/thais-pinhata\/#primaryimage"},"thumbnailUrl":"https:\/\/francoadv.com\/wp-content\/uploads\/2021\/04\/thais.png","datePublished":"2021-10-07T13:23:18+00:00","dateModified":"2024-07-18T15:33:15+00:00","breadcrumb":{"@id":"https:\/\/francoadv.com\/es\/profesionales\/thais-pinhata\/#breadcrumb"},"inLanguage":"es","potentialAction":[{"@type":"ReadAction","target":["https:\/\/francoadv.com\/es\/profesionales\/thais-pinhata\/"]}]},{"@type":"ImageObject","inLanguage":"es","@id":"https:\/\/francoadv.com\/es\/profesionales\/thais-pinhata\/#primaryimage","url":"https:\/\/francoadv.com\/wp-content\/uploads\/2021\/04\/thais.png","contentUrl":"https:\/\/francoadv.com\/wp-content\/uploads\/2021\/04\/thais.png","width":400,"height":400},{"@type":"BreadcrumbList","@id":"https:\/\/francoadv.com\/es\/profesionales\/thais-pinhata\/#breadcrumb","itemListElement":[{"@type":"ListItem","position":1,"name":"Home","item":"https:\/\/francoadv.com\/es\/"},{"@type":"ListItem","position":2,"name":"Profesionales","item":"https:\/\/francoadv.com\/es\/profissionais\/"},{"@type":"ListItem","position":3,"name":"Tha\u00eds Pinhata"}]},{"@type":"WebSite","@id":"https:\/\/francoadv.com\/es\/#website","url":"https:\/\/francoadv.com\/es\/","name":"Franco Advogados | S\u00e3o Paulo | Porto Alegre | Bras\u00edlia | Florian\u00f3polis","description":"Franco Advogados Associados, FRANCO ADV, ADVOGADO EM SAO PAULO, PORTO ALEGRE, BRAS\u00cdLIA","publisher":{"@id":"https:\/\/francoadv.com\/es\/#organization"},"potentialAction":[{"@type":"SearchAction","target":{"@type":"EntryPoint","urlTemplate":"https:\/\/francoadv.com\/es\/?s={search_term_string}"},"query-input":{"@type":"PropertyValueSpecification","valueRequired":true,"valueName":"search_term_string"}}],"inLanguage":"es"},{"@type":"Organization","@id":"https:\/\/francoadv.com\/es\/#organization","name":"Franco Advogados | S\u00e3o Paulo | Porto Alegre | Bras\u00edlia | Florian\u00f3polis","url":"https:\/\/francoadv.com\/es\/","logo":{"@type":"ImageObject","inLanguage":"es","@id":"https:\/\/francoadv.com\/es\/#\/schema\/logo\/image\/","url":"https:\/\/francoadv.com\/wp-content\/uploads\/2020\/08\/logo-franco.png","contentUrl":"https:\/\/francoadv.com\/wp-content\/uploads\/2020\/08\/logo-franco.png","width":230,"height":20,"caption":"Franco Advogados  | S\u00e3o Paulo |  Porto Alegre | Bras\u00edlia | Florian\u00f3polis"},"image":{"@id":"https:\/\/francoadv.com\/es\/#\/schema\/logo\/image\/"}}]}},"_links":{"self":[{"href":"https:\/\/francoadv.com\/es\/wp-json\/wp\/v2\/pages\/3503","targetHints":{"allow":["GET"]}}],"collection":[{"href":"https:\/\/francoadv.com\/es\/wp-json\/wp\/v2\/pages"}],"about":[{"href":"https:\/\/francoadv.com\/es\/wp-json\/wp\/v2\/types\/page"}],"author":[{"embeddable":true,"href":"https:\/\/francoadv.com\/es\/wp-json\/wp\/v2\/users\/1"}],"replies":[{"embeddable":true,"href":"https:\/\/francoadv.com\/es\/wp-json\/wp\/v2\/comments?post=3503"}],"version-history":[{"count":5,"href":"https:\/\/francoadv.com\/es\/wp-json\/wp\/v2\/pages\/3503\/revisions"}],"predecessor-version":[{"id":4788,"href":"https:\/\/francoadv.com\/es\/wp-json\/wp\/v2\/pages\/3503\/revisions\/4788"}],"up":[{"embeddable":true,"href":"https:\/\/francoadv.com\/es\/wp-json\/wp\/v2\/pages\/3574"}],"wp:featuredmedia":[{"embeddable":true,"href":"https:\/\/francoadv.com\/es\/wp-json\/wp\/v2\/media\/2823"}],"wp:attachment":[{"href":"https:\/\/francoadv.com\/es\/wp-json\/wp\/v2\/media?parent=3503"}],"wp:term":[{"taxonomy":"category","embeddable":true,"href":"https:\/\/francoadv.com\/es\/wp-json\/wp\/v2\/categories?post=3503"},{"taxonomy":"post_tag","embeddable":true,"href":"https:\/\/francoadv.com\/es\/wp-json\/wp\/v2\/tags?post=3503"}],"curies":[{"name":"wp","href":"https:\/\/api.w.org\/{rel}","templated":true}]}}