{"id":3505,"date":"2021-10-07T10:30:07","date_gmt":"2021-10-07T13:30:07","guid":{"rendered":"https:\/\/francoadv.com\/daniel-alvarenga\/"},"modified":"2024-07-18T12:32:27","modified_gmt":"2024-07-18T15:32:27","slug":"daniel-alvarenga","status":"publish","type":"page","link":"https:\/\/francoadv.com\/es\/profesionales\/daniel-alvarenga\/","title":{"rendered":"Daniel Alvarenga"},"content":{"rendered":"<p><strong>Unidad:<\/strong><br \/>\nS\u00e3o Paulo.<\/p>\n<p><strong>\u00c1reas de actuaci\u00f3n:<\/strong><br \/>\nRegulaci\u00f3n Bancaria, Transacciones Financieras, Seguros, Reaseguros y Contratos.<\/p>\n<p><strong>Formaci\u00f3n acad\u00e9mica:<\/strong><br \/>\nEspecializaci\u00f3n en Fintech Business and Regulation por la Harvard University (2019);<br \/>\nPosgrado en Estructura y Operaciones Empresariales por la Funda\u00e7\u00e3o Get\u00falio Vargas &#8211; FGV (2018);<br \/>\nEspecializaci\u00f3n en International Investment Law por lo King\u00b4s College London (2014);<br \/>\nEspecializaci\u00f3n en Derecho del Seguro y del Reaseguro por la Funda\u00e7\u00e3o Get\u00falio Vargas &#8211; FGV (2016);<br \/>\nEspecializaci\u00f3n en Derecho Internacional (EAD) por la California Southern University (2012);<br \/>\nPosgrado en Derecho Procesal Civil por la Pontif\u00edcia Universidade Cat\u00f3lica &#8211; PUC SP (2009);<br \/>\nEspecializaci\u00f3n en Derecho Autoral por la Funda\u00e7\u00e3o Get\u00falio Vargas &#8211; FGV (2009);<br \/>\nPosgrado en Derecho P\u00fablico por la Faculdade Dam\u00e1sio de Jesus (2004);<br \/>\nGraduaci\u00f3n por la Facultad de Derecho de la Universidade Paulista &#8211; UNIP (2003).<\/p>\n<p><strong>Idiomas:<\/strong><br \/>\nPortugu\u00e9s e Ingl\u00e9s.<\/p>\n<p><strong>Experiencia profesional:<\/strong><\/p>\n<ul>\n<li style=\"font-weight: 400;\" aria-level=\"1\">Daniel Alvarenga es socio de Franco Advogados, <span style=\"font-weight: 400;\">y est\u00e1 a cargo <\/span><span style=\"font-weight: 400;\">del \u00e1rea de internet y tecnolog\u00edas de la informaci\u00f3n.<\/span><\/li>\n<li style=\"font-weight: 400;\" aria-level=\"1\"><span style=\"font-weight: 400;\">Es abogado con m\u00e1s de 20 a\u00f1os de experiencia en derecho empresarial y una s\u00f3lida actuaci\u00f3n en asuntos regulatorios. Posee una amplia experiencia en cuestiones relacionadas con la tecnolog\u00eda financiera y en la orientaci\u00f3n jur\u00eddica en el desarrollo de negocios en Brasil para empresas for\u00e1neas, as\u00ed como en el asesoramiento de empresas brasile\u00f1as que quieren emprender negocios en el exterior.<\/span><\/li>\n<li style=\"font-weight: 400;\" aria-level=\"1\"><span style=\"font-weight: 400;\">Adem\u00e1s de asesorar a <em>fintechs e insurtechs<\/em>, Daniel Alvarenga proporciona mentor\u00edas gratuitas a startups y es miembro del grupo de trabajo del Banco Central de Brasil para la implementaci\u00f3n de los sistemas de <em>Open Banking Brasil<\/em> (Sistema Financiero Abierto) y PIX (Sistema de Pagos Instant\u00e1neos).<\/span><\/li>\n<li style=\"font-weight: 400;\" aria-level=\"1\"><span style=\"font-weight: 400;\">Autor del libro <em>Fintechs de Cr\u00e9dito: Regulaci\u00f3n Jur\u00eddica Comentada<\/em>, publicado por la Editorial Quartier Latin, y de diversos art\u00edculos sobre temas relacionados con la tecnolog\u00eda financiera, entre ellos:\n<p><\/span><\/li>\n<\/ul>\n<p><span style=\"font-weight: 400;\">Para el peri\u00f3dico <em>Valor Econ\u00f4mico<\/em>: <em>La Regulaci\u00f3n de las fintechs promueve la innovaci\u00f3n; Innovaciones de las fintech de cr\u00e9dito; Sandbox regulatorio y el derecho a favor de las fintech y Sandbox de seguros: oportunidad para mejorar la competencia.<\/em><\/span><\/p>\n<p><span style=\"font-weight: 400;\">Para la <em>Revista Jota<\/em>: <em>PIX<\/em>&#8211; <em>nuevo sistema de pagos en marcha en medio de la crisis; Gobernanza del Open Banking Brasil y su proceso de implementaci\u00f3n y Desaf\u00edos para la implementaci\u00f3n del Open Banking en Brasil.<\/em><\/span><\/p>\n","protected":false},"excerpt":{"rendered":"<p>Unidad: S\u00e3o Paulo. \u00c1reas de actuaci\u00f3n: Regulaci\u00f3n Bancaria, Transacciones Financieras, Seguros, Reaseguros y Contratos. Formaci\u00f3n acad\u00e9mica: Especializaci\u00f3n en Fintech Business and Regulation por la Harvard University (2019); Posgrado en Estructura y Operaciones Empresariales por la Funda\u00e7\u00e3o Get\u00falio Vargas &#8211; FGV (2018); Especializaci\u00f3n en International Investment Law por lo King\u00b4s College London (2014); Especializaci\u00f3n en Derecho [&hellip;]<\/p>\n","protected":false},"author":1,"featured_media":2781,"parent":3574,"menu_order":0,"comment_status":"closed","ping_status":"closed","template":"","meta":{"_acf_changed":false,"inline_featured_image":false,"footnotes":""},"categories":[39],"tags":[],"class_list":["post-3505","page","type-page","status-publish","has-post-thumbnail","hentry","category-profesionales"],"acf":[],"yoast_head":"<!-- This site is optimized with the Yoast SEO plugin v27.5 - https:\/\/yoast.com\/product\/yoast-seo-wordpress\/ -->\n<title>Daniel Alvarenga - Franco Advogados | S\u00e3o Paulo | Porto Alegre | Bras\u00edlia | Florian\u00f3polis<\/title>\n<meta name=\"robots\" content=\"index, follow, max-snippet:-1, max-image-preview:large, max-video-preview:-1\" \/>\n<link rel=\"canonical\" href=\"https:\/\/francoadv.com\/es\/profesionales\/daniel-alvarenga\/\" \/>\n<meta property=\"og:locale\" content=\"es_ES\" \/>\n<meta property=\"og:type\" content=\"article\" \/>\n<meta property=\"og:title\" content=\"Daniel Alvarenga - Franco Advogados | S\u00e3o Paulo | Porto Alegre | Bras\u00edlia | Florian\u00f3polis\" \/>\n<meta property=\"og:description\" content=\"Unidad: S\u00e3o Paulo. \u00c1reas de actuaci\u00f3n: Regulaci\u00f3n Bancaria, Transacciones Financieras, Seguros, Reaseguros y Contratos. Formaci\u00f3n acad\u00e9mica: Especializaci\u00f3n en Fintech Business and Regulation por la Harvard University (2019); Posgrado en Estructura y Operaciones Empresariales por la Funda\u00e7\u00e3o Get\u00falio Vargas &#8211; FGV (2018); Especializaci\u00f3n en International Investment Law por lo King\u00b4s College London (2014); Especializaci\u00f3n en Derecho [&hellip;]\" \/>\n<meta property=\"og:url\" content=\"https:\/\/francoadv.com\/es\/profesionales\/daniel-alvarenga\/\" \/>\n<meta property=\"og:site_name\" content=\"Franco Advogados | S\u00e3o Paulo | Porto Alegre | Bras\u00edlia | Florian\u00f3polis\" \/>\n<meta property=\"article:modified_time\" content=\"2024-07-18T15:32:27+00:00\" \/>\n<meta property=\"og:image\" content=\"https:\/\/francoadv.com\/wp-content\/uploads\/2021\/04\/daniel.png\" \/>\n\t<meta property=\"og:image:width\" content=\"400\" \/>\n\t<meta property=\"og:image:height\" content=\"400\" \/>\n\t<meta property=\"og:image:type\" content=\"image\/png\" \/>\n<meta name=\"twitter:card\" content=\"summary_large_image\" \/>\n<meta name=\"twitter:label1\" content=\"Tiempo de lectura\" \/>\n\t<meta name=\"twitter:data1\" content=\"2 minutos\" \/>\n<script type=\"application\/ld+json\" class=\"yoast-schema-graph\">{\"@context\":\"https:\\\/\\\/schema.org\",\"@graph\":[{\"@type\":\"WebPage\",\"@id\":\"https:\\\/\\\/francoadv.com\\\/es\\\/profesionales\\\/daniel-alvarenga\\\/\",\"url\":\"https:\\\/\\\/francoadv.com\\\/es\\\/profesionales\\\/daniel-alvarenga\\\/\",\"name\":\"Daniel Alvarenga - Franco Advogados | S\u00e3o Paulo | Porto Alegre | Bras\u00edlia | Florian\u00f3polis\",\"isPartOf\":{\"@id\":\"https:\\\/\\\/francoadv.com\\\/es\\\/#website\"},\"primaryImageOfPage\":{\"@id\":\"https:\\\/\\\/francoadv.com\\\/es\\\/profesionales\\\/daniel-alvarenga\\\/#primaryimage\"},\"image\":{\"@id\":\"https:\\\/\\\/francoadv.com\\\/es\\\/profesionales\\\/daniel-alvarenga\\\/#primaryimage\"},\"thumbnailUrl\":\"https:\\\/\\\/francoadv.com\\\/wp-content\\\/uploads\\\/2021\\\/04\\\/daniel.png\",\"datePublished\":\"2021-10-07T13:30:07+00:00\",\"dateModified\":\"2024-07-18T15:32:27+00:00\",\"breadcrumb\":{\"@id\":\"https:\\\/\\\/francoadv.com\\\/es\\\/profesionales\\\/daniel-alvarenga\\\/#breadcrumb\"},\"inLanguage\":\"es\",\"potentialAction\":[{\"@type\":\"ReadAction\",\"target\":[\"https:\\\/\\\/francoadv.com\\\/es\\\/profesionales\\\/daniel-alvarenga\\\/\"]}]},{\"@type\":\"ImageObject\",\"inLanguage\":\"es\",\"@id\":\"https:\\\/\\\/francoadv.com\\\/es\\\/profesionales\\\/daniel-alvarenga\\\/#primaryimage\",\"url\":\"https:\\\/\\\/francoadv.com\\\/wp-content\\\/uploads\\\/2021\\\/04\\\/daniel.png\",\"contentUrl\":\"https:\\\/\\\/francoadv.com\\\/wp-content\\\/uploads\\\/2021\\\/04\\\/daniel.png\",\"width\":400,\"height\":400},{\"@type\":\"BreadcrumbList\",\"@id\":\"https:\\\/\\\/francoadv.com\\\/es\\\/profesionales\\\/daniel-alvarenga\\\/#breadcrumb\",\"itemListElement\":[{\"@type\":\"ListItem\",\"position\":1,\"name\":\"Home\",\"item\":\"https:\\\/\\\/francoadv.com\\\/es\\\/\"},{\"@type\":\"ListItem\",\"position\":2,\"name\":\"Profesionales\",\"item\":\"https:\\\/\\\/francoadv.com\\\/es\\\/profissionais\\\/\"},{\"@type\":\"ListItem\",\"position\":3,\"name\":\"Daniel Alvarenga\"}]},{\"@type\":\"WebSite\",\"@id\":\"https:\\\/\\\/francoadv.com\\\/es\\\/#website\",\"url\":\"https:\\\/\\\/francoadv.com\\\/es\\\/\",\"name\":\"Franco Advogados | S\u00e3o Paulo | Porto Alegre | Bras\u00edlia | Florian\u00f3polis\",\"description\":\"Franco Advogados Associados, FRANCO ADV, ADVOGADO EM SAO PAULO, PORTO ALEGRE, BRAS\u00cdLIA\",\"publisher\":{\"@id\":\"https:\\\/\\\/francoadv.com\\\/es\\\/#organization\"},\"potentialAction\":[{\"@type\":\"SearchAction\",\"target\":{\"@type\":\"EntryPoint\",\"urlTemplate\":\"https:\\\/\\\/francoadv.com\\\/es\\\/?s={search_term_string}\"},\"query-input\":{\"@type\":\"PropertyValueSpecification\",\"valueRequired\":true,\"valueName\":\"search_term_string\"}}],\"inLanguage\":\"es\"},{\"@type\":\"Organization\",\"@id\":\"https:\\\/\\\/francoadv.com\\\/es\\\/#organization\",\"name\":\"Franco Advogados | S\u00e3o Paulo | Porto Alegre | Bras\u00edlia | Florian\u00f3polis\",\"url\":\"https:\\\/\\\/francoadv.com\\\/es\\\/\",\"logo\":{\"@type\":\"ImageObject\",\"inLanguage\":\"es\",\"@id\":\"https:\\\/\\\/francoadv.com\\\/es\\\/#\\\/schema\\\/logo\\\/image\\\/\",\"url\":\"https:\\\/\\\/francoadv.com\\\/wp-content\\\/uploads\\\/2020\\\/08\\\/logo-franco.png\",\"contentUrl\":\"https:\\\/\\\/francoadv.com\\\/wp-content\\\/uploads\\\/2020\\\/08\\\/logo-franco.png\",\"width\":230,\"height\":20,\"caption\":\"Franco Advogados  | S\u00e3o Paulo |  Porto Alegre | Bras\u00edlia | Florian\u00f3polis\"},\"image\":{\"@id\":\"https:\\\/\\\/francoadv.com\\\/es\\\/#\\\/schema\\\/logo\\\/image\\\/\"}}]}<\/script>\n<!-- \/ Yoast SEO plugin. -->","yoast_head_json":{"title":"Daniel Alvarenga - Franco Advogados | S\u00e3o Paulo | Porto Alegre | Bras\u00edlia | Florian\u00f3polis","robots":{"index":"index","follow":"follow","max-snippet":"max-snippet:-1","max-image-preview":"max-image-preview:large","max-video-preview":"max-video-preview:-1"},"canonical":"https:\/\/francoadv.com\/es\/profesionales\/daniel-alvarenga\/","og_locale":"es_ES","og_type":"article","og_title":"Daniel Alvarenga - Franco Advogados | S\u00e3o Paulo | Porto Alegre | Bras\u00edlia | Florian\u00f3polis","og_description":"Unidad: S\u00e3o Paulo. \u00c1reas de actuaci\u00f3n: Regulaci\u00f3n Bancaria, Transacciones Financieras, Seguros, Reaseguros y Contratos. Formaci\u00f3n acad\u00e9mica: Especializaci\u00f3n en Fintech Business and Regulation por la Harvard University (2019); Posgrado en Estructura y Operaciones Empresariales por la Funda\u00e7\u00e3o Get\u00falio Vargas &#8211; FGV (2018); Especializaci\u00f3n en International Investment Law por lo King\u00b4s College London (2014); Especializaci\u00f3n en Derecho [&hellip;]","og_url":"https:\/\/francoadv.com\/es\/profesionales\/daniel-alvarenga\/","og_site_name":"Franco Advogados | S\u00e3o Paulo | Porto Alegre | Bras\u00edlia | Florian\u00f3polis","article_modified_time":"2024-07-18T15:32:27+00:00","og_image":[{"width":400,"height":400,"url":"https:\/\/francoadv.com\/wp-content\/uploads\/2021\/04\/daniel.png","type":"image\/png"}],"twitter_card":"summary_large_image","twitter_misc":{"Tiempo de lectura":"2 minutos"},"schema":{"@context":"https:\/\/schema.org","@graph":[{"@type":"WebPage","@id":"https:\/\/francoadv.com\/es\/profesionales\/daniel-alvarenga\/","url":"https:\/\/francoadv.com\/es\/profesionales\/daniel-alvarenga\/","name":"Daniel Alvarenga - Franco Advogados | S\u00e3o Paulo | Porto Alegre | Bras\u00edlia | Florian\u00f3polis","isPartOf":{"@id":"https:\/\/francoadv.com\/es\/#website"},"primaryImageOfPage":{"@id":"https:\/\/francoadv.com\/es\/profesionales\/daniel-alvarenga\/#primaryimage"},"image":{"@id":"https:\/\/francoadv.com\/es\/profesionales\/daniel-alvarenga\/#primaryimage"},"thumbnailUrl":"https:\/\/francoadv.com\/wp-content\/uploads\/2021\/04\/daniel.png","datePublished":"2021-10-07T13:30:07+00:00","dateModified":"2024-07-18T15:32:27+00:00","breadcrumb":{"@id":"https:\/\/francoadv.com\/es\/profesionales\/daniel-alvarenga\/#breadcrumb"},"inLanguage":"es","potentialAction":[{"@type":"ReadAction","target":["https:\/\/francoadv.com\/es\/profesionales\/daniel-alvarenga\/"]}]},{"@type":"ImageObject","inLanguage":"es","@id":"https:\/\/francoadv.com\/es\/profesionales\/daniel-alvarenga\/#primaryimage","url":"https:\/\/francoadv.com\/wp-content\/uploads\/2021\/04\/daniel.png","contentUrl":"https:\/\/francoadv.com\/wp-content\/uploads\/2021\/04\/daniel.png","width":400,"height":400},{"@type":"BreadcrumbList","@id":"https:\/\/francoadv.com\/es\/profesionales\/daniel-alvarenga\/#breadcrumb","itemListElement":[{"@type":"ListItem","position":1,"name":"Home","item":"https:\/\/francoadv.com\/es\/"},{"@type":"ListItem","position":2,"name":"Profesionales","item":"https:\/\/francoadv.com\/es\/profissionais\/"},{"@type":"ListItem","position":3,"name":"Daniel Alvarenga"}]},{"@type":"WebSite","@id":"https:\/\/francoadv.com\/es\/#website","url":"https:\/\/francoadv.com\/es\/","name":"Franco Advogados | S\u00e3o Paulo | Porto Alegre | Bras\u00edlia | Florian\u00f3polis","description":"Franco Advogados Associados, FRANCO ADV, ADVOGADO EM SAO PAULO, PORTO ALEGRE, BRAS\u00cdLIA","publisher":{"@id":"https:\/\/francoadv.com\/es\/#organization"},"potentialAction":[{"@type":"SearchAction","target":{"@type":"EntryPoint","urlTemplate":"https:\/\/francoadv.com\/es\/?s={search_term_string}"},"query-input":{"@type":"PropertyValueSpecification","valueRequired":true,"valueName":"search_term_string"}}],"inLanguage":"es"},{"@type":"Organization","@id":"https:\/\/francoadv.com\/es\/#organization","name":"Franco Advogados | S\u00e3o Paulo | Porto Alegre | Bras\u00edlia | Florian\u00f3polis","url":"https:\/\/francoadv.com\/es\/","logo":{"@type":"ImageObject","inLanguage":"es","@id":"https:\/\/francoadv.com\/es\/#\/schema\/logo\/image\/","url":"https:\/\/francoadv.com\/wp-content\/uploads\/2020\/08\/logo-franco.png","contentUrl":"https:\/\/francoadv.com\/wp-content\/uploads\/2020\/08\/logo-franco.png","width":230,"height":20,"caption":"Franco Advogados  | S\u00e3o Paulo |  Porto Alegre | Bras\u00edlia | Florian\u00f3polis"},"image":{"@id":"https:\/\/francoadv.com\/es\/#\/schema\/logo\/image\/"}}]}},"_links":{"self":[{"href":"https:\/\/francoadv.com\/es\/wp-json\/wp\/v2\/pages\/3505","targetHints":{"allow":["GET"]}}],"collection":[{"href":"https:\/\/francoadv.com\/es\/wp-json\/wp\/v2\/pages"}],"about":[{"href":"https:\/\/francoadv.com\/es\/wp-json\/wp\/v2\/types\/page"}],"author":[{"embeddable":true,"href":"https:\/\/francoadv.com\/es\/wp-json\/wp\/v2\/users\/1"}],"replies":[{"embeddable":true,"href":"https:\/\/francoadv.com\/es\/wp-json\/wp\/v2\/comments?post=3505"}],"version-history":[{"count":9,"href":"https:\/\/francoadv.com\/es\/wp-json\/wp\/v2\/pages\/3505\/revisions"}],"predecessor-version":[{"id":4787,"href":"https:\/\/francoadv.com\/es\/wp-json\/wp\/v2\/pages\/3505\/revisions\/4787"}],"up":[{"embeddable":true,"href":"https:\/\/francoadv.com\/es\/wp-json\/wp\/v2\/pages\/3574"}],"wp:featuredmedia":[{"embeddable":true,"href":"https:\/\/francoadv.com\/es\/wp-json\/wp\/v2\/media\/2781"}],"wp:attachment":[{"href":"https:\/\/francoadv.com\/es\/wp-json\/wp\/v2\/media?parent=3505"}],"wp:term":[{"taxonomy":"category","embeddable":true,"href":"https:\/\/francoadv.com\/es\/wp-json\/wp\/v2\/categories?post=3505"},{"taxonomy":"post_tag","embeddable":true,"href":"https:\/\/francoadv.com\/es\/wp-json\/wp\/v2\/tags?post=3505"}],"curies":[{"name":"wp","href":"https:\/\/api.w.org\/{rel}","templated":true}]}}