{"id":3510,"date":"2021-10-07T10:38:06","date_gmt":"2021-10-07T13:38:06","guid":{"rendered":"https:\/\/francoadv.com\/heleonora-ribeiro-ligorio\/"},"modified":"2024-07-18T12:29:03","modified_gmt":"2024-07-18T15:29:03","slug":"heleonora-ribeiro-ligorio","status":"publish","type":"page","link":"https:\/\/francoadv.com\/es\/profesionales\/heleonora-ribeiro-ligorio\/","title":{"rendered":"Heleonora Ribeiro Lig\u00f3rio"},"content":{"rendered":"<p><strong>Unidad:<br \/>\n<\/strong>Florian\u00f3polis.<\/p>\n<p><strong>\u00c1reas de actuaci\u00f3n:<br \/>\n<\/strong>Litigios y Procesos de \u00cdndole Consultiva en el \u00e1mbito Laboral.<\/p>\n<p><strong>Formaci\u00f3n acad\u00e9mica:<\/strong><br \/>\nPosgrado en Derecho y Proceso Laboral por la Universidade Sul de Santa Catarina \u2013 UNISUL (2018);<br \/>\nPosgrado en Derecho por la Escola Superior do Minist\u00e9rio P\u00fablico \u2013 ESMP RS (1997);<br \/>\nGraduaci\u00f3n en Derecho por la Universidade Federal de Santa Maria \u2013 UFSM (1993).<\/p>\n<p><strong>Idiomas:<br \/>\n<\/strong>Portugu\u00e9s.<\/p>\n<p><strong>Experiencia profesional:<\/strong><\/p>\n<ul>\n<li style=\"font-weight: 400;\" aria-level=\"1\">Heleonora Ribeiro Lig\u00f3rio es socia de Franco Advogados y <span style=\"font-weight: 400;\">est\u00e1 a cargo <\/span><span style=\"font-weight: 400;\">del \u00e1rea de derecho laboral. Su actuaci\u00f3n profesional se centra en el \u00e1rea laboral empresarial, tanto en procesos en el \u00e1rea consultiva y en disputas.<\/span><\/li>\n<li style=\"font-weight: 400;\" aria-level=\"1\"><span style=\"font-weight: 400;\">Posee una ampla experiencia en disputas laborales en empresas de medio y gran tama\u00f1o, en el que destacan las actividades desarrolladas con renombrados despachos de abogac\u00eda.<\/span><\/li>\n<li style=\"font-weight: 400;\" aria-level=\"1\"><span style=\"font-weight: 400;\">Miembro de la 3.\u00aa Comisi\u00f3n de Instrucci\u00f3n de Procesos \u00c9ticos Disciplinarios de la OAB\/SC desde el a\u00f1o 2013.<\/span><\/li>\n<\/ul>\n","protected":false},"excerpt":{"rendered":"<p>Unidad: Florian\u00f3polis. \u00c1reas de actuaci\u00f3n: Litigios y Procesos de \u00cdndole Consultiva en el \u00e1mbito Laboral. Formaci\u00f3n acad\u00e9mica: Posgrado en Derecho y Proceso Laboral por la Universidade Sul de Santa Catarina \u2013 UNISUL (2018); Posgrado en Derecho por la Escola Superior do Minist\u00e9rio P\u00fablico \u2013 ESMP RS (1997); Graduaci\u00f3n en Derecho por la Universidade Federal de [&hellip;]<\/p>\n","protected":false},"author":1,"featured_media":2789,"parent":3574,"menu_order":0,"comment_status":"closed","ping_status":"closed","template":"","meta":{"_acf_changed":false,"inline_featured_image":false,"footnotes":""},"categories":[39],"tags":[],"class_list":["post-3510","page","type-page","status-publish","has-post-thumbnail","hentry","category-profesionales"],"acf":[],"yoast_head":"<!-- This site is optimized with the Yoast SEO plugin v27.4 - https:\/\/yoast.com\/product\/yoast-seo-wordpress\/ -->\n<title>Heleonora Ribeiro Lig\u00f3rio - Franco Advogados | S\u00e3o Paulo | Porto Alegre | Bras\u00edlia | Florian\u00f3polis<\/title>\n<meta name=\"robots\" content=\"index, follow, max-snippet:-1, max-image-preview:large, max-video-preview:-1\" \/>\n<link rel=\"canonical\" href=\"https:\/\/francoadv.com\/es\/profesionales\/heleonora-ribeiro-ligorio\/\" \/>\n<meta property=\"og:locale\" content=\"es_ES\" \/>\n<meta property=\"og:type\" content=\"article\" \/>\n<meta property=\"og:title\" content=\"Heleonora Ribeiro Lig\u00f3rio - Franco Advogados | S\u00e3o Paulo | Porto Alegre | Bras\u00edlia | Florian\u00f3polis\" \/>\n<meta property=\"og:description\" content=\"Unidad: Florian\u00f3polis. \u00c1reas de actuaci\u00f3n: Litigios y Procesos de \u00cdndole Consultiva en el \u00e1mbito Laboral. Formaci\u00f3n acad\u00e9mica: Posgrado en Derecho y Proceso Laboral por la Universidade Sul de Santa Catarina \u2013 UNISUL (2018); Posgrado en Derecho por la Escola Superior do Minist\u00e9rio P\u00fablico \u2013 ESMP RS (1997); Graduaci\u00f3n en Derecho por la Universidade Federal de [&hellip;]\" \/>\n<meta property=\"og:url\" content=\"https:\/\/francoadv.com\/es\/profesionales\/heleonora-ribeiro-ligorio\/\" \/>\n<meta property=\"og:site_name\" content=\"Franco Advogados | S\u00e3o Paulo | Porto Alegre | Bras\u00edlia | Florian\u00f3polis\" \/>\n<meta property=\"article:modified_time\" content=\"2024-07-18T15:29:03+00:00\" \/>\n<meta property=\"og:image\" content=\"https:\/\/francoadv.com\/wp-content\/uploads\/2021\/04\/heleonora.png\" \/>\n\t<meta property=\"og:image:width\" content=\"400\" \/>\n\t<meta property=\"og:image:height\" content=\"400\" \/>\n\t<meta property=\"og:image:type\" content=\"image\/png\" \/>\n<meta name=\"twitter:card\" content=\"summary_large_image\" \/>\n<meta name=\"twitter:label1\" content=\"Tiempo de lectura\" \/>\n\t<meta name=\"twitter:data1\" content=\"1 minuto\" \/>\n<script type=\"application\/ld+json\" class=\"yoast-schema-graph\">{\"@context\":\"https:\\\/\\\/schema.org\",\"@graph\":[{\"@type\":\"WebPage\",\"@id\":\"https:\\\/\\\/francoadv.com\\\/es\\\/profesionales\\\/heleonora-ribeiro-ligorio\\\/\",\"url\":\"https:\\\/\\\/francoadv.com\\\/es\\\/profesionales\\\/heleonora-ribeiro-ligorio\\\/\",\"name\":\"Heleonora Ribeiro Lig\u00f3rio - Franco Advogados | S\u00e3o Paulo | Porto Alegre | Bras\u00edlia | Florian\u00f3polis\",\"isPartOf\":{\"@id\":\"https:\\\/\\\/francoadv.com\\\/es\\\/#website\"},\"primaryImageOfPage\":{\"@id\":\"https:\\\/\\\/francoadv.com\\\/es\\\/profesionales\\\/heleonora-ribeiro-ligorio\\\/#primaryimage\"},\"image\":{\"@id\":\"https:\\\/\\\/francoadv.com\\\/es\\\/profesionales\\\/heleonora-ribeiro-ligorio\\\/#primaryimage\"},\"thumbnailUrl\":\"https:\\\/\\\/francoadv.com\\\/wp-content\\\/uploads\\\/2021\\\/04\\\/heleonora.png\",\"datePublished\":\"2021-10-07T13:38:06+00:00\",\"dateModified\":\"2024-07-18T15:29:03+00:00\",\"breadcrumb\":{\"@id\":\"https:\\\/\\\/francoadv.com\\\/es\\\/profesionales\\\/heleonora-ribeiro-ligorio\\\/#breadcrumb\"},\"inLanguage\":\"es\",\"potentialAction\":[{\"@type\":\"ReadAction\",\"target\":[\"https:\\\/\\\/francoadv.com\\\/es\\\/profesionales\\\/heleonora-ribeiro-ligorio\\\/\"]}]},{\"@type\":\"ImageObject\",\"inLanguage\":\"es\",\"@id\":\"https:\\\/\\\/francoadv.com\\\/es\\\/profesionales\\\/heleonora-ribeiro-ligorio\\\/#primaryimage\",\"url\":\"https:\\\/\\\/francoadv.com\\\/wp-content\\\/uploads\\\/2021\\\/04\\\/heleonora.png\",\"contentUrl\":\"https:\\\/\\\/francoadv.com\\\/wp-content\\\/uploads\\\/2021\\\/04\\\/heleonora.png\",\"width\":400,\"height\":400},{\"@type\":\"BreadcrumbList\",\"@id\":\"https:\\\/\\\/francoadv.com\\\/es\\\/profesionales\\\/heleonora-ribeiro-ligorio\\\/#breadcrumb\",\"itemListElement\":[{\"@type\":\"ListItem\",\"position\":1,\"name\":\"Home\",\"item\":\"https:\\\/\\\/francoadv.com\\\/es\\\/\"},{\"@type\":\"ListItem\",\"position\":2,\"name\":\"Profesionales\",\"item\":\"https:\\\/\\\/francoadv.com\\\/es\\\/profissionais\\\/\"},{\"@type\":\"ListItem\",\"position\":3,\"name\":\"Heleonora Ribeiro Lig\u00f3rio\"}]},{\"@type\":\"WebSite\",\"@id\":\"https:\\\/\\\/francoadv.com\\\/es\\\/#website\",\"url\":\"https:\\\/\\\/francoadv.com\\\/es\\\/\",\"name\":\"Franco Advogados | S\u00e3o Paulo | Porto Alegre | Bras\u00edlia | Florian\u00f3polis\",\"description\":\"Franco Advogados Associados, FRANCO ADV, ADVOGADO EM SAO PAULO, PORTO ALEGRE, BRAS\u00cdLIA\",\"publisher\":{\"@id\":\"https:\\\/\\\/francoadv.com\\\/es\\\/#organization\"},\"potentialAction\":[{\"@type\":\"SearchAction\",\"target\":{\"@type\":\"EntryPoint\",\"urlTemplate\":\"https:\\\/\\\/francoadv.com\\\/es\\\/?s={search_term_string}\"},\"query-input\":{\"@type\":\"PropertyValueSpecification\",\"valueRequired\":true,\"valueName\":\"search_term_string\"}}],\"inLanguage\":\"es\"},{\"@type\":\"Organization\",\"@id\":\"https:\\\/\\\/francoadv.com\\\/es\\\/#organization\",\"name\":\"Franco Advogados | S\u00e3o Paulo | Porto Alegre | Bras\u00edlia | Florian\u00f3polis\",\"url\":\"https:\\\/\\\/francoadv.com\\\/es\\\/\",\"logo\":{\"@type\":\"ImageObject\",\"inLanguage\":\"es\",\"@id\":\"https:\\\/\\\/francoadv.com\\\/es\\\/#\\\/schema\\\/logo\\\/image\\\/\",\"url\":\"https:\\\/\\\/francoadv.com\\\/wp-content\\\/uploads\\\/2020\\\/08\\\/logo-franco.png\",\"contentUrl\":\"https:\\\/\\\/francoadv.com\\\/wp-content\\\/uploads\\\/2020\\\/08\\\/logo-franco.png\",\"width\":230,\"height\":20,\"caption\":\"Franco Advogados  | S\u00e3o Paulo |  Porto Alegre | Bras\u00edlia | Florian\u00f3polis\"},\"image\":{\"@id\":\"https:\\\/\\\/francoadv.com\\\/es\\\/#\\\/schema\\\/logo\\\/image\\\/\"}}]}<\/script>\n<!-- \/ Yoast SEO plugin. -->","yoast_head_json":{"title":"Heleonora Ribeiro Lig\u00f3rio - Franco Advogados | S\u00e3o Paulo | Porto Alegre | Bras\u00edlia | Florian\u00f3polis","robots":{"index":"index","follow":"follow","max-snippet":"max-snippet:-1","max-image-preview":"max-image-preview:large","max-video-preview":"max-video-preview:-1"},"canonical":"https:\/\/francoadv.com\/es\/profesionales\/heleonora-ribeiro-ligorio\/","og_locale":"es_ES","og_type":"article","og_title":"Heleonora Ribeiro Lig\u00f3rio - Franco Advogados | S\u00e3o Paulo | Porto Alegre | Bras\u00edlia | Florian\u00f3polis","og_description":"Unidad: Florian\u00f3polis. \u00c1reas de actuaci\u00f3n: Litigios y Procesos de \u00cdndole Consultiva en el \u00e1mbito Laboral. Formaci\u00f3n acad\u00e9mica: Posgrado en Derecho y Proceso Laboral por la Universidade Sul de Santa Catarina \u2013 UNISUL (2018); Posgrado en Derecho por la Escola Superior do Minist\u00e9rio P\u00fablico \u2013 ESMP RS (1997); Graduaci\u00f3n en Derecho por la Universidade Federal de [&hellip;]","og_url":"https:\/\/francoadv.com\/es\/profesionales\/heleonora-ribeiro-ligorio\/","og_site_name":"Franco Advogados | S\u00e3o Paulo | Porto Alegre | Bras\u00edlia | Florian\u00f3polis","article_modified_time":"2024-07-18T15:29:03+00:00","og_image":[{"width":400,"height":400,"url":"https:\/\/francoadv.com\/wp-content\/uploads\/2021\/04\/heleonora.png","type":"image\/png"}],"twitter_card":"summary_large_image","twitter_misc":{"Tiempo de lectura":"1 minuto"},"schema":{"@context":"https:\/\/schema.org","@graph":[{"@type":"WebPage","@id":"https:\/\/francoadv.com\/es\/profesionales\/heleonora-ribeiro-ligorio\/","url":"https:\/\/francoadv.com\/es\/profesionales\/heleonora-ribeiro-ligorio\/","name":"Heleonora Ribeiro Lig\u00f3rio - Franco Advogados | S\u00e3o Paulo | Porto Alegre | Bras\u00edlia | Florian\u00f3polis","isPartOf":{"@id":"https:\/\/francoadv.com\/es\/#website"},"primaryImageOfPage":{"@id":"https:\/\/francoadv.com\/es\/profesionales\/heleonora-ribeiro-ligorio\/#primaryimage"},"image":{"@id":"https:\/\/francoadv.com\/es\/profesionales\/heleonora-ribeiro-ligorio\/#primaryimage"},"thumbnailUrl":"https:\/\/francoadv.com\/wp-content\/uploads\/2021\/04\/heleonora.png","datePublished":"2021-10-07T13:38:06+00:00","dateModified":"2024-07-18T15:29:03+00:00","breadcrumb":{"@id":"https:\/\/francoadv.com\/es\/profesionales\/heleonora-ribeiro-ligorio\/#breadcrumb"},"inLanguage":"es","potentialAction":[{"@type":"ReadAction","target":["https:\/\/francoadv.com\/es\/profesionales\/heleonora-ribeiro-ligorio\/"]}]},{"@type":"ImageObject","inLanguage":"es","@id":"https:\/\/francoadv.com\/es\/profesionales\/heleonora-ribeiro-ligorio\/#primaryimage","url":"https:\/\/francoadv.com\/wp-content\/uploads\/2021\/04\/heleonora.png","contentUrl":"https:\/\/francoadv.com\/wp-content\/uploads\/2021\/04\/heleonora.png","width":400,"height":400},{"@type":"BreadcrumbList","@id":"https:\/\/francoadv.com\/es\/profesionales\/heleonora-ribeiro-ligorio\/#breadcrumb","itemListElement":[{"@type":"ListItem","position":1,"name":"Home","item":"https:\/\/francoadv.com\/es\/"},{"@type":"ListItem","position":2,"name":"Profesionales","item":"https:\/\/francoadv.com\/es\/profissionais\/"},{"@type":"ListItem","position":3,"name":"Heleonora Ribeiro Lig\u00f3rio"}]},{"@type":"WebSite","@id":"https:\/\/francoadv.com\/es\/#website","url":"https:\/\/francoadv.com\/es\/","name":"Franco Advogados | S\u00e3o Paulo | Porto Alegre | Bras\u00edlia | Florian\u00f3polis","description":"Franco Advogados Associados, FRANCO ADV, ADVOGADO EM SAO PAULO, PORTO ALEGRE, BRAS\u00cdLIA","publisher":{"@id":"https:\/\/francoadv.com\/es\/#organization"},"potentialAction":[{"@type":"SearchAction","target":{"@type":"EntryPoint","urlTemplate":"https:\/\/francoadv.com\/es\/?s={search_term_string}"},"query-input":{"@type":"PropertyValueSpecification","valueRequired":true,"valueName":"search_term_string"}}],"inLanguage":"es"},{"@type":"Organization","@id":"https:\/\/francoadv.com\/es\/#organization","name":"Franco Advogados | S\u00e3o Paulo | Porto Alegre | Bras\u00edlia | Florian\u00f3polis","url":"https:\/\/francoadv.com\/es\/","logo":{"@type":"ImageObject","inLanguage":"es","@id":"https:\/\/francoadv.com\/es\/#\/schema\/logo\/image\/","url":"https:\/\/francoadv.com\/wp-content\/uploads\/2020\/08\/logo-franco.png","contentUrl":"https:\/\/francoadv.com\/wp-content\/uploads\/2020\/08\/logo-franco.png","width":230,"height":20,"caption":"Franco Advogados  | S\u00e3o Paulo |  Porto Alegre | Bras\u00edlia | Florian\u00f3polis"},"image":{"@id":"https:\/\/francoadv.com\/es\/#\/schema\/logo\/image\/"}}]}},"_links":{"self":[{"href":"https:\/\/francoadv.com\/es\/wp-json\/wp\/v2\/pages\/3510","targetHints":{"allow":["GET"]}}],"collection":[{"href":"https:\/\/francoadv.com\/es\/wp-json\/wp\/v2\/pages"}],"about":[{"href":"https:\/\/francoadv.com\/es\/wp-json\/wp\/v2\/types\/page"}],"author":[{"embeddable":true,"href":"https:\/\/francoadv.com\/es\/wp-json\/wp\/v2\/users\/1"}],"replies":[{"embeddable":true,"href":"https:\/\/francoadv.com\/es\/wp-json\/wp\/v2\/comments?post=3510"}],"version-history":[{"count":4,"href":"https:\/\/francoadv.com\/es\/wp-json\/wp\/v2\/pages\/3510\/revisions"}],"predecessor-version":[{"id":4785,"href":"https:\/\/francoadv.com\/es\/wp-json\/wp\/v2\/pages\/3510\/revisions\/4785"}],"up":[{"embeddable":true,"href":"https:\/\/francoadv.com\/es\/wp-json\/wp\/v2\/pages\/3574"}],"wp:featuredmedia":[{"embeddable":true,"href":"https:\/\/francoadv.com\/es\/wp-json\/wp\/v2\/media\/2789"}],"wp:attachment":[{"href":"https:\/\/francoadv.com\/es\/wp-json\/wp\/v2\/media?parent=3510"}],"wp:term":[{"taxonomy":"category","embeddable":true,"href":"https:\/\/francoadv.com\/es\/wp-json\/wp\/v2\/categories?post=3510"},{"taxonomy":"post_tag","embeddable":true,"href":"https:\/\/francoadv.com\/es\/wp-json\/wp\/v2\/tags?post=3510"}],"curies":[{"name":"wp","href":"https:\/\/api.w.org\/{rel}","templated":true}]}}