{"id":5119,"date":"2021-10-07T10:24:00","date_gmt":"2021-10-07T13:24:00","guid":{"rendered":"https:\/\/francoadv.com\/?page_id=5119"},"modified":"2024-11-29T20:25:48","modified_gmt":"2024-11-29T23:25:48","slug":"chiavelli-falavigno","status":"publish","type":"page","link":"https:\/\/francoadv.com\/es\/profesionales\/chiavelli-falavigno\/","title":{"rendered":"Chiavelli Falavigno"},"content":{"rendered":"<p><strong>Unidad:<br \/>\n<\/strong>Florianop\u00f3lis.<\/p>\n<p><strong>\u00c1reas de actuaci\u00f3n:<br \/>\n<\/strong>Chiavelli es socia consultora de Franco Advogados, actuando exclusivamente como consultora, combinando la experiencia de los casos en los que ha actuado en las principales capitales con la solidez de los conocimientos cient\u00edficos adquiridos en el \u00e1rea, especialmente en Derecho Penal Econ\u00f3mico, Derecho Penal Ambiental, Intersecciones entre Derecho Penal y Derecho Administrativo, Compliance Penal.<\/p>\n<p><strong>Formaci\u00f3n acad\u00e9mica:<\/strong><br \/>\nPasant\u00eda Post-Doctoral en Pol\u00edtica Legislativa Penal por la Universidade de M\u00e1laga;<br \/>\nDoctorado en Derecho Penal por la Universidade de S\u00e3o Paulo \u2013 USP, con un per\u00edodo de investigaci\u00f3n en la Universidade de Hamburgo;<br \/>\nMaestr\u00eda en Ciencias Penales por la Pontif\u00edcia Universidade Cat\u00f3lica \u2013 PUC (2015);<br \/>\nLicenciado en Derecho por la Universidade Federal do Rio Grande do Sul \u2013 UFRGS (2012).<\/p>\n<p><strong>Idiomas:<br \/>\n<\/strong>Portugu\u00e9s, ingl\u00e9s, espa\u00f1ol y alem\u00e1n.<\/p>\n<p><strong>Experiencia profesional:<\/strong><\/p>\n<ul>\n<li style=\"font-weight: 400;\" aria-level=\"1\"><span style=\"font-weight: 400;\">Chiavelli Facenda Falavigno es especialista en Derecho Penal Econ\u00f3mico y Medioambiental, habiendo trabajado en bufetes de Porto Alegre y S\u00e3o Paulo. Actualmente presta asesor\u00eda jur\u00eddica a empresas, actuando exclusivamente como consultora jur\u00eddica.<br \/>\n<\/span><\/li>\n<li style=\"font-weight: 400;\" aria-level=\"1\"><span style=\"font-weight: 400;\">Con un destacado historial acad\u00e9mico nacional e internacional, trabaja principalmente con an\u00e1lisis preventivos del riesgo de responsabilidad penal, especialmente en casos de actos cometidos por personas jur\u00eddicas o relativos a actividades econ\u00f3micas o medioambientales.<br \/>\n<\/span><\/li>\n<li style=\"font-weight: 400;\" aria-level=\"1\"><span style=\"font-weight: 400;\">Investigadora visitante en el Instituto Max Planck de Direito Penal estrangeiro, em Freiburg y por la Faculdade de Direito da Universidade de Coimbra. Becario de investigaci\u00f3n por la Funda\u00e7\u00e3o Get\u00falio Vargas, S\u00e3o Paulo, en 2018.<br \/>\n<\/span><\/li>\n<li style=\"font-weight: 400;\" aria-level=\"1\"><span style=\"font-weight: 400;\">Coordinador estatal del Instituto Brasileiro de Ci\u00eancias Criminais em Santa Catarina (2021-2022).<br \/>\n<\/span><\/li>\n<li style=\"font-weight: 400;\" aria-level=\"1\"><span style=\"font-weight: 400;\">Profesor adjunto de Derecho y Proceso Penal por la Universidade Federal de Santa Catarina. Profesor invitado en programas de postgrado lato sensu en Rio Grande do Sul, Santa Catarina, Paran\u00e1, S\u00e3o Paulo (INSPER) y Maranh\u00e3o. Conferencista invitado en eventos nacionales e internacionales.<br \/>\n<\/span><\/li>\n<li style=\"font-weight: 400;\" aria-level=\"1\"><span style=\"font-weight: 400;\">Coordinador del Grupo de Estudios de Derecho Penal Econ\u00f3mico de la UFSC y de la UNIVALI.<br \/>\n<\/span><\/li>\n<li style=\"font-weight: 400;\" aria-level=\"1\"><span style=\"font-weight: 400;\">Coordinador de la Colecci\u00f3n de libros de Dogm\u00e1tica Penal de la Editora EMAIS (lanzamiento en 2021).<br \/>\n<\/span><\/li>\n<\/ul>\n<p><b>Producciones bibliogr\u00e1ficas:<br \/>\n<\/b><span style=\"font-weight: 400;\">FACENDA FALAVIGNO, Chiavelli. Interpretaci\u00f3n Judicial Creativa pro Reo en el Derecho Penal. Editora N\u00faris Fabris, 2015.<br \/>\n<\/span><\/p>\n<p><span style=\"font-weight: 400;\">FACENDA FALAVIGNO, Chiavelli. La deslegalizaci\u00f3n del derecho penal. Editorial Emais, 2020<br \/>\n<\/span><\/p>\n","protected":false},"excerpt":{"rendered":"<p>Unidad: Florianop\u00f3lis. \u00c1reas de actuaci\u00f3n: Chiavelli es socia consultora de Franco Advogados, actuando exclusivamente como consultora, combinando la experiencia de los casos en los que ha actuado en las principales capitales con la solidez de los conocimientos cient\u00edficos adquiridos en el \u00e1rea, especialmente en Derecho Penal Econ\u00f3mico, Derecho Penal Ambiental, Intersecciones entre Derecho Penal y [&hellip;]<\/p>\n","protected":false},"author":2,"featured_media":4139,"parent":3574,"menu_order":0,"comment_status":"closed","ping_status":"closed","template":"","meta":{"_acf_changed":false,"inline_featured_image":false,"footnotes":""},"categories":[39],"tags":[],"class_list":["post-5119","page","type-page","status-publish","has-post-thumbnail","hentry","category-profesionales"],"acf":[],"yoast_head":"<!-- This site is optimized with the Yoast SEO plugin v27.5 - https:\/\/yoast.com\/product\/yoast-seo-wordpress\/ -->\n<title>Chiavelli Falavigno - Franco Advogados | S\u00e3o Paulo | Porto Alegre | Bras\u00edlia | Florian\u00f3polis<\/title>\n<meta name=\"robots\" content=\"index, follow, max-snippet:-1, max-image-preview:large, max-video-preview:-1\" \/>\n<link rel=\"canonical\" href=\"https:\/\/francoadv.com\/es\/profesionales\/chiavelli-falavigno\/\" \/>\n<meta property=\"og:locale\" content=\"es_ES\" \/>\n<meta property=\"og:type\" content=\"article\" \/>\n<meta property=\"og:title\" content=\"Chiavelli Falavigno - Franco Advogados | S\u00e3o Paulo | Porto Alegre | Bras\u00edlia | Florian\u00f3polis\" \/>\n<meta property=\"og:description\" content=\"Unidad: Florianop\u00f3lis. \u00c1reas de actuaci\u00f3n: Chiavelli es socia consultora de Franco Advogados, actuando exclusivamente como consultora, combinando la experiencia de los casos en los que ha actuado en las principales capitales con la solidez de los conocimientos cient\u00edficos adquiridos en el \u00e1rea, especialmente en Derecho Penal Econ\u00f3mico, Derecho Penal Ambiental, Intersecciones entre Derecho Penal y [&hellip;]\" \/>\n<meta property=\"og:url\" content=\"https:\/\/francoadv.com\/es\/profesionales\/chiavelli-falavigno\/\" \/>\n<meta property=\"og:site_name\" content=\"Franco Advogados | S\u00e3o Paulo | Porto Alegre | Bras\u00edlia | Florian\u00f3polis\" \/>\n<meta property=\"article:modified_time\" content=\"2024-11-29T23:25:48+00:00\" \/>\n<meta property=\"og:image\" content=\"https:\/\/francoadv.com\/wp-content\/uploads\/2022\/05\/chiavelli.png\" \/>\n\t<meta property=\"og:image:width\" content=\"400\" \/>\n\t<meta property=\"og:image:height\" content=\"400\" \/>\n\t<meta property=\"og:image:type\" content=\"image\/png\" \/>\n<meta name=\"twitter:card\" content=\"summary_large_image\" \/>\n<meta name=\"twitter:label1\" content=\"Tiempo de lectura\" \/>\n\t<meta name=\"twitter:data1\" content=\"2 minutos\" \/>\n<script type=\"application\/ld+json\" class=\"yoast-schema-graph\">{\"@context\":\"https:\\\/\\\/schema.org\",\"@graph\":[{\"@type\":\"WebPage\",\"@id\":\"https:\\\/\\\/francoadv.com\\\/es\\\/profesionales\\\/chiavelli-falavigno\\\/\",\"url\":\"https:\\\/\\\/francoadv.com\\\/es\\\/profesionales\\\/chiavelli-falavigno\\\/\",\"name\":\"Chiavelli Falavigno - Franco Advogados | S\u00e3o Paulo | Porto Alegre | Bras\u00edlia | Florian\u00f3polis\",\"isPartOf\":{\"@id\":\"https:\\\/\\\/francoadv.com\\\/es\\\/#website\"},\"primaryImageOfPage\":{\"@id\":\"https:\\\/\\\/francoadv.com\\\/es\\\/profesionales\\\/chiavelli-falavigno\\\/#primaryimage\"},\"image\":{\"@id\":\"https:\\\/\\\/francoadv.com\\\/es\\\/profesionales\\\/chiavelli-falavigno\\\/#primaryimage\"},\"thumbnailUrl\":\"https:\\\/\\\/francoadv.com\\\/wp-content\\\/uploads\\\/2022\\\/05\\\/chiavelli.png\",\"datePublished\":\"2021-10-07T13:24:00+00:00\",\"dateModified\":\"2024-11-29T23:25:48+00:00\",\"breadcrumb\":{\"@id\":\"https:\\\/\\\/francoadv.com\\\/es\\\/profesionales\\\/chiavelli-falavigno\\\/#breadcrumb\"},\"inLanguage\":\"es\",\"potentialAction\":[{\"@type\":\"ReadAction\",\"target\":[\"https:\\\/\\\/francoadv.com\\\/es\\\/profesionales\\\/chiavelli-falavigno\\\/\"]}]},{\"@type\":\"ImageObject\",\"inLanguage\":\"es\",\"@id\":\"https:\\\/\\\/francoadv.com\\\/es\\\/profesionales\\\/chiavelli-falavigno\\\/#primaryimage\",\"url\":\"https:\\\/\\\/francoadv.com\\\/wp-content\\\/uploads\\\/2022\\\/05\\\/chiavelli.png\",\"contentUrl\":\"https:\\\/\\\/francoadv.com\\\/wp-content\\\/uploads\\\/2022\\\/05\\\/chiavelli.png\",\"width\":400,\"height\":400},{\"@type\":\"BreadcrumbList\",\"@id\":\"https:\\\/\\\/francoadv.com\\\/es\\\/profesionales\\\/chiavelli-falavigno\\\/#breadcrumb\",\"itemListElement\":[{\"@type\":\"ListItem\",\"position\":1,\"name\":\"Home\",\"item\":\"https:\\\/\\\/francoadv.com\\\/es\\\/\"},{\"@type\":\"ListItem\",\"position\":2,\"name\":\"Profesionales\",\"item\":\"https:\\\/\\\/francoadv.com\\\/es\\\/profissionais\\\/\"},{\"@type\":\"ListItem\",\"position\":3,\"name\":\"Chiavelli Falavigno\"}]},{\"@type\":\"WebSite\",\"@id\":\"https:\\\/\\\/francoadv.com\\\/es\\\/#website\",\"url\":\"https:\\\/\\\/francoadv.com\\\/es\\\/\",\"name\":\"Franco Advogados | S\u00e3o Paulo | Porto Alegre | Bras\u00edlia | Florian\u00f3polis\",\"description\":\"Franco Advogados Associados, FRANCO ADV, ADVOGADO EM SAO PAULO, PORTO ALEGRE, BRAS\u00cdLIA\",\"publisher\":{\"@id\":\"https:\\\/\\\/francoadv.com\\\/es\\\/#organization\"},\"potentialAction\":[{\"@type\":\"SearchAction\",\"target\":{\"@type\":\"EntryPoint\",\"urlTemplate\":\"https:\\\/\\\/francoadv.com\\\/es\\\/?s={search_term_string}\"},\"query-input\":{\"@type\":\"PropertyValueSpecification\",\"valueRequired\":true,\"valueName\":\"search_term_string\"}}],\"inLanguage\":\"es\"},{\"@type\":\"Organization\",\"@id\":\"https:\\\/\\\/francoadv.com\\\/es\\\/#organization\",\"name\":\"Franco Advogados | S\u00e3o Paulo | Porto Alegre | Bras\u00edlia | Florian\u00f3polis\",\"url\":\"https:\\\/\\\/francoadv.com\\\/es\\\/\",\"logo\":{\"@type\":\"ImageObject\",\"inLanguage\":\"es\",\"@id\":\"https:\\\/\\\/francoadv.com\\\/es\\\/#\\\/schema\\\/logo\\\/image\\\/\",\"url\":\"https:\\\/\\\/francoadv.com\\\/wp-content\\\/uploads\\\/2020\\\/08\\\/logo-franco.png\",\"contentUrl\":\"https:\\\/\\\/francoadv.com\\\/wp-content\\\/uploads\\\/2020\\\/08\\\/logo-franco.png\",\"width\":230,\"height\":20,\"caption\":\"Franco Advogados  | S\u00e3o Paulo |  Porto Alegre | Bras\u00edlia | Florian\u00f3polis\"},\"image\":{\"@id\":\"https:\\\/\\\/francoadv.com\\\/es\\\/#\\\/schema\\\/logo\\\/image\\\/\"}}]}<\/script>\n<!-- \/ Yoast SEO plugin. -->","yoast_head_json":{"title":"Chiavelli Falavigno - Franco Advogados | S\u00e3o Paulo | Porto Alegre | Bras\u00edlia | Florian\u00f3polis","robots":{"index":"index","follow":"follow","max-snippet":"max-snippet:-1","max-image-preview":"max-image-preview:large","max-video-preview":"max-video-preview:-1"},"canonical":"https:\/\/francoadv.com\/es\/profesionales\/chiavelli-falavigno\/","og_locale":"es_ES","og_type":"article","og_title":"Chiavelli Falavigno - Franco Advogados | S\u00e3o Paulo | Porto Alegre | Bras\u00edlia | Florian\u00f3polis","og_description":"Unidad: Florianop\u00f3lis. \u00c1reas de actuaci\u00f3n: Chiavelli es socia consultora de Franco Advogados, actuando exclusivamente como consultora, combinando la experiencia de los casos en los que ha actuado en las principales capitales con la solidez de los conocimientos cient\u00edficos adquiridos en el \u00e1rea, especialmente en Derecho Penal Econ\u00f3mico, Derecho Penal Ambiental, Intersecciones entre Derecho Penal y [&hellip;]","og_url":"https:\/\/francoadv.com\/es\/profesionales\/chiavelli-falavigno\/","og_site_name":"Franco Advogados | S\u00e3o Paulo | Porto Alegre | Bras\u00edlia | Florian\u00f3polis","article_modified_time":"2024-11-29T23:25:48+00:00","og_image":[{"width":400,"height":400,"url":"https:\/\/francoadv.com\/wp-content\/uploads\/2022\/05\/chiavelli.png","type":"image\/png"}],"twitter_card":"summary_large_image","twitter_misc":{"Tiempo de lectura":"2 minutos"},"schema":{"@context":"https:\/\/schema.org","@graph":[{"@type":"WebPage","@id":"https:\/\/francoadv.com\/es\/profesionales\/chiavelli-falavigno\/","url":"https:\/\/francoadv.com\/es\/profesionales\/chiavelli-falavigno\/","name":"Chiavelli Falavigno - Franco Advogados | S\u00e3o Paulo | Porto Alegre | Bras\u00edlia | Florian\u00f3polis","isPartOf":{"@id":"https:\/\/francoadv.com\/es\/#website"},"primaryImageOfPage":{"@id":"https:\/\/francoadv.com\/es\/profesionales\/chiavelli-falavigno\/#primaryimage"},"image":{"@id":"https:\/\/francoadv.com\/es\/profesionales\/chiavelli-falavigno\/#primaryimage"},"thumbnailUrl":"https:\/\/francoadv.com\/wp-content\/uploads\/2022\/05\/chiavelli.png","datePublished":"2021-10-07T13:24:00+00:00","dateModified":"2024-11-29T23:25:48+00:00","breadcrumb":{"@id":"https:\/\/francoadv.com\/es\/profesionales\/chiavelli-falavigno\/#breadcrumb"},"inLanguage":"es","potentialAction":[{"@type":"ReadAction","target":["https:\/\/francoadv.com\/es\/profesionales\/chiavelli-falavigno\/"]}]},{"@type":"ImageObject","inLanguage":"es","@id":"https:\/\/francoadv.com\/es\/profesionales\/chiavelli-falavigno\/#primaryimage","url":"https:\/\/francoadv.com\/wp-content\/uploads\/2022\/05\/chiavelli.png","contentUrl":"https:\/\/francoadv.com\/wp-content\/uploads\/2022\/05\/chiavelli.png","width":400,"height":400},{"@type":"BreadcrumbList","@id":"https:\/\/francoadv.com\/es\/profesionales\/chiavelli-falavigno\/#breadcrumb","itemListElement":[{"@type":"ListItem","position":1,"name":"Home","item":"https:\/\/francoadv.com\/es\/"},{"@type":"ListItem","position":2,"name":"Profesionales","item":"https:\/\/francoadv.com\/es\/profissionais\/"},{"@type":"ListItem","position":3,"name":"Chiavelli Falavigno"}]},{"@type":"WebSite","@id":"https:\/\/francoadv.com\/es\/#website","url":"https:\/\/francoadv.com\/es\/","name":"Franco Advogados | S\u00e3o Paulo | Porto Alegre | Bras\u00edlia | Florian\u00f3polis","description":"Franco Advogados Associados, FRANCO ADV, ADVOGADO EM SAO PAULO, PORTO ALEGRE, BRAS\u00cdLIA","publisher":{"@id":"https:\/\/francoadv.com\/es\/#organization"},"potentialAction":[{"@type":"SearchAction","target":{"@type":"EntryPoint","urlTemplate":"https:\/\/francoadv.com\/es\/?s={search_term_string}"},"query-input":{"@type":"PropertyValueSpecification","valueRequired":true,"valueName":"search_term_string"}}],"inLanguage":"es"},{"@type":"Organization","@id":"https:\/\/francoadv.com\/es\/#organization","name":"Franco Advogados | S\u00e3o Paulo | Porto Alegre | Bras\u00edlia | Florian\u00f3polis","url":"https:\/\/francoadv.com\/es\/","logo":{"@type":"ImageObject","inLanguage":"es","@id":"https:\/\/francoadv.com\/es\/#\/schema\/logo\/image\/","url":"https:\/\/francoadv.com\/wp-content\/uploads\/2020\/08\/logo-franco.png","contentUrl":"https:\/\/francoadv.com\/wp-content\/uploads\/2020\/08\/logo-franco.png","width":230,"height":20,"caption":"Franco Advogados  | S\u00e3o Paulo |  Porto Alegre | Bras\u00edlia | Florian\u00f3polis"},"image":{"@id":"https:\/\/francoadv.com\/es\/#\/schema\/logo\/image\/"}}]}},"_links":{"self":[{"href":"https:\/\/francoadv.com\/es\/wp-json\/wp\/v2\/pages\/5119","targetHints":{"allow":["GET"]}}],"collection":[{"href":"https:\/\/francoadv.com\/es\/wp-json\/wp\/v2\/pages"}],"about":[{"href":"https:\/\/francoadv.com\/es\/wp-json\/wp\/v2\/types\/page"}],"author":[{"embeddable":true,"href":"https:\/\/francoadv.com\/es\/wp-json\/wp\/v2\/users\/2"}],"replies":[{"embeddable":true,"href":"https:\/\/francoadv.com\/es\/wp-json\/wp\/v2\/comments?post=5119"}],"version-history":[{"count":16,"href":"https:\/\/francoadv.com\/es\/wp-json\/wp\/v2\/pages\/5119\/revisions"}],"predecessor-version":[{"id":5138,"href":"https:\/\/francoadv.com\/es\/wp-json\/wp\/v2\/pages\/5119\/revisions\/5138"}],"up":[{"embeddable":true,"href":"https:\/\/francoadv.com\/es\/wp-json\/wp\/v2\/pages\/3574"}],"wp:featuredmedia":[{"embeddable":true,"href":"https:\/\/francoadv.com\/es\/wp-json\/wp\/v2\/media\/4139"}],"wp:attachment":[{"href":"https:\/\/francoadv.com\/es\/wp-json\/wp\/v2\/media?parent=5119"}],"wp:term":[{"taxonomy":"category","embeddable":true,"href":"https:\/\/francoadv.com\/es\/wp-json\/wp\/v2\/categories?post=5119"},{"taxonomy":"post_tag","embeddable":true,"href":"https:\/\/francoadv.com\/es\/wp-json\/wp\/v2\/tags?post=5119"}],"curies":[{"name":"wp","href":"https:\/\/api.w.org\/{rel}","templated":true}]}}